{"id":21459,"date":"2024-06-13T16:07:05","date_gmt":"2024-06-13T13:07:05","guid":{"rendered":"http:\/\/labostera.lt\/?post_type=product&#038;p=21459"},"modified":"2024-06-13T16:35:09","modified_gmt":"2024-06-13T13:35:09","slug":"dirvozemio-laidumo-ir-infiltracijos-greicio-matavimo-sistema-saturo","status":"publish","type":"product","link":"https:\/\/labostera.lt\/lv\/priemones-ir-iranga\/laboratorine-iranga\/aplinkotyra\/dirvozemio-tyrimo-iranga\/dirvozemio-laidumo-ir-infiltracijos-greicio-matavimo-sistema-saturo\/","title":{"rendered":"Augsnes vad\u012btsp\u0113jas un infiltr\u0101cijas \u0101truma m\u0113r\u012b\u0161anas sist\u0113ma \u2013 SATURO"},"content":{"rendered":"<p>Augsnes vad\u012btsp\u0113jas un infiltr\u0101cijas \u0101truma m\u0113r\u012b\u0161anas sist\u0113ma \u2013 SATURO<\/p>\n<p>METER Group autom\u0101tiskais hidraulisk\u0101s vad\u012btsp\u0113jas m\u0113r\u012bt\u0101js SATURO ir uzlabota ier\u012bce, kas paredz\u0113ta prec\u012bzai augsnes hidraulisk\u0101s vad\u012btsp\u0113jas m\u0113r\u012b\u0161anai lauka apst\u0101k\u013cos. Tas vienk\u0101r\u0161o garo un sare\u017e\u0123\u012bto m\u0113r\u012b\u0161anas procesu, automatiz\u0113jot gandr\u012bz visu. Ier\u012bce m\u0113ra infiltr\u0101cijas \u0101trumu un re\u0101llaik\u0101 apr\u0113\u0137ina hidraulisko vad\u012btsp\u0113ju (Kfs), t\u0101p\u0113c datus var ieg\u016bt nekav\u0113joties.<\/p>\n<p>Galven\u0101s iez\u012bmes:<\/p>\n<ul>\n<li>Piln\u012bb\u0101 automatiz\u0113ts skait\u012bt\u0101js<\/li>\n<li>Piem\u0113rots lieto\u0161anai vienai personai<\/li>\n<li>Minim\u0101ls \u016bdens pat\u0113ri\u0146\u0161<\/li>\n<li>Re\u0101llaika Kfs apr\u0113\u0137ins un grafiki<\/li>\n<li>Integr\u0113ta \u016bdens tvertne<\/li>\n<li>M\u0113r\u012bjumi tiek veikti bez uzraudz\u012bbas<\/li>\n<\/ul>\n<p>SATURO nov\u0113r\u0161 nepiecie\u0161am\u012bbu past\u0101v\u012bgi uzraudz\u012bt un piel\u0101got m\u0113r\u012bjumus, \u013caujot veikt citus lauka darbus vai vienlaikus izmantot vair\u0101kas ier\u012bces. Sist\u0113ma autom\u0101tiski uztur atbilsto\u0161u \u016bdens l\u012bmeni un izmanto gaisa spiedienu, lai rad\u012btu divus da\u017e\u0101dus spiediena l\u012bme\u0146us. Tas \u013cauj ieg\u016bt prec\u012bzus un ticamus datus bez papildu apr\u0113\u0137iniem.<\/p>","protected":false},"excerpt":{"rendered":"<p>Augsnes vad\u012btsp\u0113jas un infiltr\u0101cijas \u0101truma m\u0113r\u012b\u0161anas sist\u0113ma \u2013 SATURO<\/p>\n<p>METER Group autom\u0101tiskais hidraulisk\u0101s vad\u012btsp\u0113jas m\u0113r\u012bt\u0101js SATURO ir prec\u012bzs un uzticams risin\u0101jums augsnes hidraulisk\u0101s vad\u012btsp\u0113jas m\u0113r\u012b\u0161anai lauka apst\u0101k\u013cos, automatiz\u0113jot visu procesu un nodro\u0161inot datus re\u0101llaik\u0101.<\/p>\n<div id=\"gtx-trans\" style=\"position: absolute; left: -33px; top: -9.27841px;\">\n<div class=\"gtx-trans-icon\"><\/div>\n<\/div>","protected":false},"featured_media":21460,"template":"","meta":[],"product_cat":[107,83],"product_tag":[],"class_list":{"0":"post-21459","1":"product","2":"type-product","3":"status-publish","4":"has-post-thumbnail","6":"product_cat-dirvozemio-tyrimo-iranga","7":"product_cat-aplinkotyra","9":"first","10":"onbackorder","11":"shipping-taxable","12":"product-type-simple"},"_links":{"self":[{"href":"https:\/\/labostera.lt\/lv\/wp-json\/wp\/v2\/product\/21459","targetHints":{"allow":["GET"]}}],"collection":[{"href":"https:\/\/labostera.lt\/lv\/wp-json\/wp\/v2\/product"}],"about":[{"href":"https:\/\/labostera.lt\/lv\/wp-json\/wp\/v2\/types\/product"}],"wp:featuredmedia":[{"embeddable":true,"href":"https:\/\/labostera.lt\/lv\/wp-json\/wp\/v2\/media\/21460"}],"wp:attachment":[{"href":"https:\/\/labostera.lt\/lv\/wp-json\/wp\/v2\/media?parent=21459"}],"wp:term":[{"taxonomy":"product_cat","embeddable":true,"href":"https:\/\/labostera.lt\/lv\/wp-json\/wp\/v2\/product_cat?post=21459"},{"taxonomy":"product_tag","embeddable":true,"href":"https:\/\/labostera.lt\/lv\/wp-json\/wp\/v2\/product_tag?post=21459"}],"curies":[{"name":"wp","href":"https:\/\/api.w.org\/{rel}","templated":true}]}}