{"id":21450,"date":"2024-06-13T16:03:15","date_gmt":"2024-06-13T13:03:15","guid":{"rendered":"http:\/\/labostera.lt\/?post_type=product&#038;p=21450"},"modified":"2024-06-13T16:35:09","modified_gmt":"2024-06-13T13:35:09","slug":"co2-mainu-matavimo-sistema-dirvozemyje-ir-augalu-lapuose","status":"publish","type":"product","link":"https:\/\/labostera.lt\/lv\/priemones-ir-iranga\/laboratorine-iranga\/aplinkotyra\/dirvozemio-tyrimo-iranga\/co2-mainu-matavimo-sistema-dirvozemyje-ir-augalu-lapuose\/","title":{"rendered":"CO2 apmai\u0146as m\u0113r\u012b\u0161anas sist\u0113ma augsn\u0113 un augu lap\u0101s PP Systems augsnes un lapotnes pl\u016bsma"},"content":{"rendered":"<p><strong>CO2 apmai\u0146as m\u0113r\u012b\u0161anas sist\u0113ma augsn\u0113 un augu lap\u0101s PP Systems augsnes un lapotnes pl\u016bsma<\/p>\n<p>Augsnes un lapotnes pl\u016bsma<\/strong> PP Systems produkti nodro\u0161ina prec\u012bzus CO2 apmai\u0146as m\u0113r\u012bjumus gan augsn\u0113, gan augu lap\u0101s, izmantojot modernas un p\u0101rn\u0113s\u0101jamas sist\u0113mas. \u0160\u012bs sist\u0113mas ir paredz\u0113tas da\u017e\u0101diem p\u0113t\u012bjumiem, tostarp oglek\u013ca dioks\u012bda pl\u016bsmas, fotosint\u0113zes un augsnes elpo\u0161anas izp\u0113tei. PP Systems pied\u0101v\u0101 vair\u0101kus mode\u013cus, katram no tiem ir savas unik\u0101las \u012bpa\u0161\u012bbas un priek\u0161roc\u012bbas.<\/p>\n<p><strong>CIRAS-4 p\u0101rn\u0113s\u0101jam\u0101 fotosint\u0113zes sist\u0113ma<\/strong> ir vismodern\u0101k\u0101 p\u0101rn\u0113s\u0101jam\u0101 fotosint\u0113zes m\u0113r\u012b\u0161anas ier\u012bce, kas sp\u0113j vienlaikus m\u0113r\u012bt lapu g\u0101zu apmai\u0146u un hlorofila fluorescenci. T\u0101s mazais sist\u0113mas tilpums ir optimiz\u0113ts augsta l\u012bme\u0146a lauka p\u0113t\u012bjumiem, padarot to ide\u0101li piem\u0113rotu fotosint\u0113zes, hlorofila fluorescences, augsnes elpo\u0161anas, augu lapu asimil\u0101cijas un kukai\u0146u elpo\u0161anas m\u0113r\u012bjumiem.<\/p>\n<p><strong>TARGAS-1 p\u0101rn\u0113s\u0101jam\u0101 fotosint\u0113zes sist\u0113ma<\/strong> ir uzticama, daudzpus\u012bga un pieejama ier\u012bce apm\u0101c\u012bbai un fundament\u0101liem p\u0113t\u012bjumiem. \u0160\u012b sist\u0113ma apvieno augstas tehnisk\u0101s specifik\u0101cijas ar lieto\u0161anas \u0113rtumu, padarot to ide\u0101li piem\u0113rotu gan laboratorijas, gan lauka p\u0113t\u012bjumiem. TARGAS-1 var izm\u0113r\u012bt fotosint\u0113zi, augsnes elpo\u0161anu, augu lapu asimil\u0101ciju, augsnes temperat\u016bru un PAR (fotosint\u0113tiski akt\u012bv\u0101 starojuma) l\u012bmeni.<\/p>","protected":false},"excerpt":{"rendered":"<p>CO2 apmai\u0146as m\u0113r\u012b\u0161anas sist\u0113ma augsn\u0113 un augu lap\u0101s PP Systems augsnes un lapotnes pl\u016bsma<\/p>\n<p>PP Systems Soil and Canopy Flux produkti pied\u0101v\u0101 prec\u012bzus CO2 apmai\u0146as m\u0113r\u012bjumus augsn\u0113 un augu lap\u0101s, izmantojot modernas, p\u0101rn\u0113s\u0101jamas sist\u0113mas. CIRAS-4 un TARGAS-1 sist\u0113mas ir ide\u0101li piem\u0113rotas gan augsta l\u012bme\u0146a p\u0113t\u012bjumiem, gan apm\u0101c\u012bbai.<\/p>","protected":false},"featured_media":21455,"template":"","meta":[],"product_cat":[107,83,106],"product_tag":[],"class_list":{"0":"post-21450","1":"product","2":"type-product","3":"status-publish","4":"has-post-thumbnail","6":"product_brand-pp-systems","7":"product_cat-dirvozemio-tyrimo-iranga","8":"product_cat-aplinkotyra","9":"product_cat-augalu-tyrimo-iranga","11":"first","12":"onbackorder","13":"shipping-taxable","14":"product-type-simple"},"_links":{"self":[{"href":"https:\/\/labostera.lt\/lv\/wp-json\/wp\/v2\/product\/21450","targetHints":{"allow":["GET"]}}],"collection":[{"href":"https:\/\/labostera.lt\/lv\/wp-json\/wp\/v2\/product"}],"about":[{"href":"https:\/\/labostera.lt\/lv\/wp-json\/wp\/v2\/types\/product"}],"wp:featuredmedia":[{"embeddable":true,"href":"https:\/\/labostera.lt\/lv\/wp-json\/wp\/v2\/media\/21455"}],"wp:attachment":[{"href":"https:\/\/labostera.lt\/lv\/wp-json\/wp\/v2\/media?parent=21450"}],"wp:term":[{"taxonomy":"product_cat","embeddable":true,"href":"https:\/\/labostera.lt\/lv\/wp-json\/wp\/v2\/product_cat?post=21450"},{"taxonomy":"product_tag","embeddable":true,"href":"https:\/\/labostera.lt\/lv\/wp-json\/wp\/v2\/product_tag?post=21450"}],"curies":[{"name":"wp","href":"https:\/\/api.w.org\/{rel}","templated":true}]}}