{"id":21446,"date":"2024-06-13T15:46:47","date_gmt":"2024-06-13T12:46:47","guid":{"rendered":"http:\/\/labostera.lt\/?post_type=product&#038;p=21446"},"modified":"2024-06-13T16:35:10","modified_gmt":"2024-06-13T13:35:10","slug":"automatine-dirvozemio-co2-apykaitos-sistema","status":"publish","type":"product","link":"https:\/\/labostera.lt\/lv\/priemones-ir-iranga\/laboratorine-iranga\/aplinkotyra\/dirvozemio-tyrimo-iranga\/automatine-dirvozemio-co2-apykaitos-sistema\/","title":{"rendered":"Autom\u0101tiska augsnes CO2 apmai\u0146as sist\u0113ma"},"content":{"rendered":"<p><strong>ACE autom\u0101tisk\u0101 augsnes CO2 cirkul\u0101cijas sist\u0113ma<\/strong><\/p>\n<p>ACE automatiz\u0113t\u0101 augsnes CO2 apmai\u0146as sist\u0113ma ir paredz\u0113ta augsnes g\u0101zu apmai\u0146as ilgtermi\u0146a, att\u0101lin\u0101tai uzraudz\u012bbai. Sist\u0113ma \u013cauj prec\u012bzi un uzticami izm\u0113r\u012bt CO2 koncentr\u0101ciju augsn\u0113, sniedzot svar\u012bgu inform\u0101ciju zin\u0101tniskajiem p\u0113t\u012bjumiem un lauksaimniec\u012bbas praksei.<\/p>\n<p>Galven\u0101s iez\u012bmes:<\/p>\n<ul>\n<li>G\u0101zu apmai\u0146as ilgtermi\u0146a un att\u0101lin\u0101ta uzraudz\u012bba.<\/li>\n<li>Autom\u0101tiska CO2 koncentr\u0101cijas m\u0113r\u012b\u0161anas sist\u0113ma.<\/li>\n<li>Prec\u012bzas un uzticamas anal\u012bzes iesp\u0113jas.<\/li>\n<li>Oblig\u0101tais apr\u012bkojums zin\u0101tniskajiem p\u0113t\u012bjumiem un lauksaimniec\u012bbas zemes monitoringam.<\/li>\n<\/ul>\n<p>Tehniskie dati:<\/p>\n<ul>\n<li>M\u0113r\u012bjumu diapazons: 0\u20132000 ppm.<\/li>\n<li>Precizit\u0101te: \u00b11 ppm.<\/li>\n<li>M\u0113r\u012bjumu bie\u017eums: ik p\u0113c 5 min\u016bt\u0113m.<\/li>\n<li>Baro\u0161ana: saules pane\u013ci vai akumulators.<\/li>\n<\/ul>\n<p>Lieto\u0161anas jomas:<\/p>\n<ul>\n<li>Augsnes izp\u0113te.<\/li>\n<li>Lauksaimniec\u012bbas zemes uzraudz\u012bba.<\/li>\n<li>Klimata p\u0101rmai\u0146u ietekmes p\u0113t\u012bjumi.<\/li>\n<li>Ekolo\u0123ija un vides p\u0113t\u012bjumi.<\/li>\n<\/ul>\n<p>&nbsp;<\/p>\n<div id=\"gtx-trans\" style=\"position: absolute; left: -21px; top: 635.21px;\">\n<div class=\"gtx-trans-icon\"><\/div>\n<\/div>","protected":false},"excerpt":{"rendered":"<p>Automatiz\u0113ta augsnes CO2 apmai\u0146as sist\u0113ma augsnes g\u0101zu apmai\u0146as ilgtermi\u0146a un att\u0101lin\u0101tai uzraudz\u012bbai, nodro\u0161inot prec\u012bzus un uzticamus datus zin\u0101tniskajai p\u0113tniec\u012bbai un lauksaimniec\u012bbas praksei.<\/p>","protected":false},"featured_media":21447,"template":"","meta":[],"product_cat":[107,83],"product_tag":[],"class_list":{"0":"post-21446","1":"product","2":"type-product","3":"status-publish","4":"has-post-thumbnail","6":"product_cat-dirvozemio-tyrimo-iranga","7":"product_cat-aplinkotyra","9":"first","10":"onbackorder","11":"shipping-taxable","12":"product-type-simple"},"_links":{"self":[{"href":"https:\/\/labostera.lt\/lv\/wp-json\/wp\/v2\/product\/21446","targetHints":{"allow":["GET"]}}],"collection":[{"href":"https:\/\/labostera.lt\/lv\/wp-json\/wp\/v2\/product"}],"about":[{"href":"https:\/\/labostera.lt\/lv\/wp-json\/wp\/v2\/types\/product"}],"wp:featuredmedia":[{"embeddable":true,"href":"https:\/\/labostera.lt\/lv\/wp-json\/wp\/v2\/media\/21447"}],"wp:attachment":[{"href":"https:\/\/labostera.lt\/lv\/wp-json\/wp\/v2\/media?parent=21446"}],"wp:term":[{"taxonomy":"product_cat","embeddable":true,"href":"https:\/\/labostera.lt\/lv\/wp-json\/wp\/v2\/product_cat?post=21446"},{"taxonomy":"product_tag","embeddable":true,"href":"https:\/\/labostera.lt\/lv\/wp-json\/wp\/v2\/product_tag?post=21446"}],"curies":[{"name":"wp","href":"https:\/\/api.w.org\/{rel}","templated":true}]}}