{"id":21442,"date":"2024-06-13T15:42:25","date_gmt":"2024-06-13T12:42:25","guid":{"rendered":"http:\/\/labostera.lt\/?post_type=product&#038;p=21442"},"modified":"2024-06-13T16:35:11","modified_gmt":"2024-06-13T13:35:11","slug":"nesiojama-dirvozemio-co2-apykaitos-sistema-srs2000-t","status":"publish","type":"product","link":"https:\/\/labostera.lt\/lv\/priemones-ir-iranga\/laboratorine-iranga\/aplinkotyra\/dirvozemio-tyrimo-iranga\/nesiojama-dirvozemio-co2-apykaitos-sistema-srs2000-t\/","title":{"rendered":"P\u0101rn\u0113s\u0101jama augsnes CO2 cirkul\u0101cijas sist\u0113ma SRS2000T"},"content":{"rendered":"<p><strong>ADC BioScientific Ltd. SRS2000T vieda, p\u0101rn\u0113s\u0101jama augsnes CO2 cirkul\u0101cijas sist\u0113ma<\/strong><\/p>\n<p>ADC BioScientific Ltd. iepaz\u012bstina ar SRS2000T \u2014 jaunu, inteli\u0123entu un p\u0101rn\u0113s\u0101jamu augsnes CO2 apmai\u0146as sist\u0113mu. \u0160\u012b sist\u0113ma ir paredz\u0113ta zin\u0101tniskiem p\u0113t\u012bjumiem, lai m\u0113r\u012btu augsnes CO2 emisijas. SRS2000T nodro\u0161ina prec\u012bzus un uzticamus datus, izvairoties no nev\u0113lamas ietekmes, kas var izkrop\u013cot rezult\u0101tus. \u0160\u012b sist\u0113ma ir viegli lietojama un piem\u0113rota gan laboratorijas, gan lauka apst\u0101k\u013ciem.<\/p>\n<p>Galven\u0101s funkcijas:<\/p>\n<ul>\n<li>Prec\u012bzs augsnes CO2 aprites m\u0113r\u012bjums.<\/li>\n<li>P\u0101rn\u0113s\u0101jams un viegls dizains.<\/li>\n<li>Viedas funkcijas, kas \u013cauj prec\u012bzi kontrol\u0113t vides apst\u0101k\u013cus.<\/li>\n<li>Datu v\u0101k\u0161anas un anal\u012bzes programmat\u016bra, kas pal\u012bdz efekt\u012bvi analiz\u0113t apkopotos datus.<\/li>\n<\/ul>\n<p>SRS2000T ir paredz\u0113ts augsnes CO2 metabolisma p\u0113t\u012bjumiem, lai noskaidrotu augsnes emisiju ietekmi uz vidi un pal\u012bdz\u0113tu zin\u0101tniekiem lab\u0101k izprast augsnes ekosist\u0113mas.<\/p>","protected":false},"excerpt":{"rendered":"<p>ADC BioScientific Ltd. iepaz\u012bstina ar SRS2000T \u2014 viedu un p\u0101rn\u0113s\u0101jamu augsnes CO2 apmai\u0146as sist\u0113mu prec\u012bziem augsnes CO2 emisiju m\u0113r\u012bjumiem gan laboratorijas, gan lauka apst\u0101k\u013cos.<\/p>\n<h3><\/h3>","protected":false},"featured_media":21444,"template":"","meta":[],"product_cat":[107,83],"product_tag":[],"class_list":{"0":"post-21442","1":"product","2":"type-product","3":"status-publish","4":"has-post-thumbnail","6":"product_cat-dirvozemio-tyrimo-iranga","7":"product_cat-aplinkotyra","9":"first","10":"onbackorder","11":"shipping-taxable","12":"product-type-simple"},"_links":{"self":[{"href":"https:\/\/labostera.lt\/lv\/wp-json\/wp\/v2\/product\/21442","targetHints":{"allow":["GET"]}}],"collection":[{"href":"https:\/\/labostera.lt\/lv\/wp-json\/wp\/v2\/product"}],"about":[{"href":"https:\/\/labostera.lt\/lv\/wp-json\/wp\/v2\/types\/product"}],"wp:featuredmedia":[{"embeddable":true,"href":"https:\/\/labostera.lt\/lv\/wp-json\/wp\/v2\/media\/21444"}],"wp:attachment":[{"href":"https:\/\/labostera.lt\/lv\/wp-json\/wp\/v2\/media?parent=21442"}],"wp:term":[{"taxonomy":"product_cat","embeddable":true,"href":"https:\/\/labostera.lt\/lv\/wp-json\/wp\/v2\/product_cat?post=21442"},{"taxonomy":"product_tag","embeddable":true,"href":"https:\/\/labostera.lt\/lv\/wp-json\/wp\/v2\/product_tag?post=21442"}],"curies":[{"name":"wp","href":"https:\/\/api.w.org\/{rel}","templated":true}]}}