{"id":21435,"date":"2024-06-13T15:02:44","date_gmt":"2024-06-13T12:02:44","guid":{"rendered":"http:\/\/labostera.lt\/?post_type=product&#038;p=21435"},"modified":"2024-06-13T16:35:12","modified_gmt":"2024-06-13T13:35:12","slug":"dirvozemio-apykaitos-kamera-soil-respiration-chamber-for-lci-and-lc-pro","status":"publish","type":"product","link":"https:\/\/labostera.lt\/lv\/priemones-ir-iranga\/laboratorine-iranga\/aplinkotyra\/dirvozemio-tyrimo-iranga\/dirvozemio-apykaitos-kamera-soil-respiration-chamber-for-lci-and-lc-pro\/","title":{"rendered":"Augsnes elpo\u0161anas kamera LCi un LC pro ier\u012bc\u0113m"},"content":{"rendered":"<p><strong>Augsnes elpo\u0161anas kamera LCi un LC pro ier\u012bc\u0113m<\/p>\n<p><\/strong><\/p>\n<p>Uz\u0146\u0113mums ADC BioScientific Ltd. ir izstr\u0101d\u0101jis augstas kvalit\u0101tes augsnes elpo\u0161anas kameru lieto\u0161anai ar p\u0101rn\u0113s\u0101jamaj\u0101m fotosint\u0113zes sist\u0113m\u0101m ADC LC i un LC pro. \u0160\u012b kamera sast\u0101v no ner\u016bs\u0113jo\u0161\u0101 t\u0113rauda apkakles un no\u0146emamas aug\u0161\u0113j\u0101s da\u013cas, kas tie\u0161i savienojas ar LC i vai LC pro sist\u0113mas rokturi. CO\u2082 pl\u016bsmu m\u0113ra ar prec\u012bzi miniaturiz\u0113tu CO\u2082 IRGA, kas atrodas blakus augsnes kamerai. Apkakle tiek ievietota augsn\u0113 pirms m\u0113r\u012bjumiem, nodro\u0161inot optim\u0101lu kameras novietojumu neatkar\u012bgi no augsnes st\u0101vok\u013ca vai veida. Komplekt\u0101 ir iek\u013cauts apkakles ievieto\u0161anas r\u012bks vienk\u0101r\u0161ai uzst\u0101d\u012b\u0161anai.<\/p>\n<p><strong>Specifik\u0101cijas<\/strong>:<\/p>\n<ul>\n<li><strong>Materi\u0101ls:<\/strong> Ner\u016bs\u0113jo\u0161ais t\u0113rauds<\/li>\n<li><strong>M\u0113r\u012b\u0161anas metode:<\/strong> CO\u2082 pl\u016bsmas m\u0113r\u012b\u0161ana, izmantojot IRGA<\/li>\n<li><strong>Lietojums:<\/strong> Augsnes elpo\u0161anas p\u0113t\u012bjumi ar LC i un LC pro sist\u0113m\u0101m<\/li>\n<li><strong>Sast\u0101vda\u013cas:<\/strong> Apak\u0161\u0113j\u0101 apkakle, no\u0146emama aug\u0161\u0113j\u0101 da\u013ca, ievieto\u0161anas r\u012bks<\/li>\n<\/ul>\n<p><strong>\u00a0<\/strong><\/p>\n<div id=\"gtx-trans\" style=\"position: absolute; left: -44px; top: 47.8892px;\">\n<div class=\"gtx-trans-icon\"><\/div>\n<\/div>","protected":false},"excerpt":{"rendered":"<p><strong>Augsnes metabolisma kamera<\/strong>, paredz\u0113ts lieto\u0161anai ar ADC LCi un LC pro p\u0101rn\u0113s\u0101jam\u0101m fotosint\u0113zes sist\u0113m\u0101m, \u013caujot prec\u012bzi m\u0113r\u012bt CO\u2082 pl\u016bsmu.<\/p>\n<div id=\"gtx-trans\" style=\"position: absolute; left: -77px; top: -9.27841px;\">\n<div class=\"gtx-trans-icon\"><\/div>\n<\/div>","protected":false},"featured_media":21437,"template":"","meta":[],"product_cat":[107,83],"product_tag":[],"class_list":{"0":"post-21435","1":"product","2":"type-product","3":"status-publish","4":"has-post-thumbnail","6":"product_brand-adc-bioscientific-ltd","7":"product_cat-dirvozemio-tyrimo-iranga","8":"product_cat-aplinkotyra","10":"first","11":"onbackorder","12":"shipping-taxable","13":"product-type-simple"},"_links":{"self":[{"href":"https:\/\/labostera.lt\/lv\/wp-json\/wp\/v2\/product\/21435","targetHints":{"allow":["GET"]}}],"collection":[{"href":"https:\/\/labostera.lt\/lv\/wp-json\/wp\/v2\/product"}],"about":[{"href":"https:\/\/labostera.lt\/lv\/wp-json\/wp\/v2\/types\/product"}],"wp:featuredmedia":[{"embeddable":true,"href":"https:\/\/labostera.lt\/lv\/wp-json\/wp\/v2\/media\/21437"}],"wp:attachment":[{"href":"https:\/\/labostera.lt\/lv\/wp-json\/wp\/v2\/media?parent=21435"}],"wp:term":[{"taxonomy":"product_cat","embeddable":true,"href":"https:\/\/labostera.lt\/lv\/wp-json\/wp\/v2\/product_cat?post=21435"},{"taxonomy":"product_tag","embeddable":true,"href":"https:\/\/labostera.lt\/lv\/wp-json\/wp\/v2\/product_tag?post=21435"}],"curies":[{"name":"wp","href":"https:\/\/api.w.org\/{rel}","templated":true}]}}