{"id":21428,"date":"2024-06-12T16:28:47","date_gmt":"2024-06-12T13:28:47","guid":{"rendered":"http:\/\/labostera.lt\/?post_type=product&#038;p=21428"},"modified":"2024-06-13T16:35:14","modified_gmt":"2024-06-13T13:35:14","slug":"hobo-usb-micro-station-duomenu-registratorius-su-prijungiamais-jutikliais","status":"publish","type":"product","link":"https:\/\/labostera.lt\/lv\/priemones-ir-iranga\/registratoriai-duomenu-kaupikliai\/hobo-usb-micro-station-duomenu-registratorius-su-prijungiamais-jutikliais\/","title":{"rendered":"HOBO USB Micro Station \u2013 datu re\u0123istr\u0113t\u0101js ar pievienojamiem sensoriem"},"content":{"rendered":"<p><strong>HOBO USB Micro Station \u2013 datu re\u0123istr\u0113t\u0101js ar pievienojamiem sensoriem<\/strong><\/p>\n<p>HOBO H21-USB ir daudzpus\u012bgs un uzticams datu re\u0123istr\u0113t\u0101js, ko var izmantot da\u017e\u0101dos pielietojumos. \u0160\u012b ier\u012bce ir ide\u0101li piem\u0113rota vides monitoringam, kur nepiecie\u0161ama uzticama un prec\u012bza datu v\u0101k\u0161ana. HOBO H21-USB var uzraudz\u012bt temperat\u016bru, mitrumu, gaismu un citus parametrus atkar\u012bb\u0101 no pievienotajiem sensoriem. Ar iesp\u0113ju piesl\u0113gt l\u012bdz pat 15 da\u017e\u0101diem sensoriem un ieb\u016bv\u0113to atmi\u0146u \u0161is re\u0123istr\u0113t\u0101js nodro\u0161ina, ka visi j\u016bsu dati tiks dro\u0161i glab\u0101ti. Datus var viegli p\u0101rs\u016bt\u012bt uz datoru, izmantojot USB savienojumu, un, izmantojot HOBOware programmat\u016bru, var veikt detaliz\u0113tu datu anal\u012bzi un apskati.<\/p>\n<h4>Funkcijas:<\/h4>\n<ul>\n<li><strong>L\u012bdz 15 sensoriem:<\/strong> Iesp\u0113ja piesl\u0113gt da\u017e\u0101dus sensorus p\u0113c nepiecie\u0161am\u012bbas.<\/li>\n<li><strong>Temperat\u016bras un mitruma kontrole:<\/strong> Lieliski piem\u0113rots vides apst\u0101k\u013cu uzraudz\u012bbai.<\/li>\n<li><strong>Uzticama atmi\u0146a:<\/strong> Dro\u0161a datu glab\u0101\u0161ana.<\/li>\n<li><strong>USB savienojums:<\/strong> Vienk\u0101r\u0161a datu p\u0101rs\u016bt\u012b\u0161ana uz datoru.<\/li>\n<li><strong>HOBOware programmat\u016bra:<\/strong> Detaliz\u0113ta datu anal\u012bze un p\u0101rskat\u012b\u0161ana.<\/li>\n<\/ul>\n<p>\u0160\u012b ier\u012bce ir \u012bpa\u0161i noder\u012bga p\u0113tniekiem, vides speci\u0101listiem un ikvienam, kam nepiecie\u0161ams prec\u012bzi uzraudz\u012bt vides apst\u0101k\u013cus ilg\u0101 laika period\u0101.<\/p>\n<div id=\"gtx-trans\" style=\"position: absolute; left: -9px; top: 1px;\">\n<div class=\"gtx-trans-icon\"><\/div>\n<\/div>","protected":false},"excerpt":{"rendered":"<p><strong>HOBO USB mikro stacija<\/strong>\u00a0ir uzticams datu re\u0123istr\u0113t\u0101js, kas \u013cauj uzraudz\u012bt temperat\u016bru, mitrumu un citus parametrus. Ar iesp\u0113ju pievienot l\u012bdz pat 15 sensoriem un USB savienojumu \u0161\u012b ier\u012bce nodro\u0161ina uzticamu datu v\u0101k\u0161anu un anal\u012bzi.<\/p>\n<div id=\"gtx-trans\" style=\"position: absolute; left: 88px; top: 37px;\">\n<div class=\"gtx-trans-icon\"><\/div>\n<\/div>","protected":false},"featured_media":21432,"template":"","meta":[],"product_cat":[400,1082,410,411,401],"product_tag":[],"class_list":{"0":"post-21428","1":"product","2":"type-product","3":"status-publish","4":"has-post-thumbnail","6":"product_brand-hobo","7":"product_cat-registratoriai-duomenu-kaupikliai","8":"product_cat-dirvozemio-dregmes-registratoriai","9":"product_cat-laidumo-registratoriai","10":"product_cat-temperaturos-registratoriai","11":"product_cat-vandens-lygio-registratoriai","13":"first","14":"onbackorder","15":"shipping-taxable","16":"product-type-simple"},"_links":{"self":[{"href":"https:\/\/labostera.lt\/lv\/wp-json\/wp\/v2\/product\/21428","targetHints":{"allow":["GET"]}}],"collection":[{"href":"https:\/\/labostera.lt\/lv\/wp-json\/wp\/v2\/product"}],"about":[{"href":"https:\/\/labostera.lt\/lv\/wp-json\/wp\/v2\/types\/product"}],"wp:featuredmedia":[{"embeddable":true,"href":"https:\/\/labostera.lt\/lv\/wp-json\/wp\/v2\/media\/21432"}],"wp:attachment":[{"href":"https:\/\/labostera.lt\/lv\/wp-json\/wp\/v2\/media?parent=21428"}],"wp:term":[{"taxonomy":"product_cat","embeddable":true,"href":"https:\/\/labostera.lt\/lv\/wp-json\/wp\/v2\/product_cat?post=21428"},{"taxonomy":"product_tag","embeddable":true,"href":"https:\/\/labostera.lt\/lv\/wp-json\/wp\/v2\/product_tag?post=21428"}],"curies":[{"name":"wp","href":"https:\/\/api.w.org\/{rel}","templated":true}]}}