{"id":21418,"date":"2024-06-12T16:13:54","date_gmt":"2024-06-12T13:13:54","guid":{"rendered":"http:\/\/labostera.lt\/?post_type=product&#038;p=21418"},"modified":"2024-06-13T16:35:15","modified_gmt":"2024-06-13T13:35:15","slug":"temperaturos-duomenu-registratorius-su-isoriniu-jutikliu-hobo-mx2304","status":"publish","type":"product","link":"https:\/\/labostera.lt\/lv\/priemones-ir-iranga\/registratoriai-duomenu-kaupikliai\/temperaturos-duomenu-registratorius-su-isoriniu-jutikliu-hobo-mx2304\/","title":{"rendered":"Temperat\u016bras datu re\u0123istr\u0113t\u0101js ar \u0101r\u0113jo sensoru HOBO MX2304"},"content":{"rendered":"<p><strong>Temperat\u016bras datu re\u0123istr\u0113t\u0101js ar \u0101r\u0113jo sensoru HOBO MX2304 <\/strong><\/p>\n<p>\u0160is ar Bluetooth iesp\u0113jotais, laikapst\u0101k\u013ciem iztur\u012bgais datu re\u0123istr\u0113t\u0101js ir apr\u012bkots ar vienu \u0101r\u0113ju temperat\u016bras sensoru, kas \u013cauj \u0113rti iestat\u012bt un lejupiel\u0101d\u0113t datus tie\u0161i mobilaj\u0101 ier\u012bc\u0113 vai Windows dator\u0101, izmantojot bezmaksas lietotni HOBOconnect. Ide\u0101li piem\u0113rots lieto\u0161anai skarbos \u0101ra apst\u0101k\u013cos, MX2304 datu re\u0123istr\u0113t\u0101js nodro\u0161ina augstu precizit\u0101ti un \u013cauj uzraudz\u012bt pa\u0161reiz\u0113jos datus re\u0101llaik\u0101.<\/p>\n<p><strong>Specifik\u0101cijas<\/strong>:<\/p>\n<ul>\n<li>Temperat\u016bras diapazons: no -40\u00b0 l\u012bdz 100\u00b0C<\/li>\n<li>Precizit\u0101te: \u00b10,2\u00b0C no 0 l\u012bdz 70\u00b0C<\/li>\n<li>Atmi\u0146a: 128 KB (84\u00a0650 m\u0113r\u012bjumi)<\/li>\n<li>Baterija: 2\/3 AA 3,6 voltu litija baterijas, nomain\u0101mas<\/li>\n<li>\u016adensiztur\u012bba: NEMA 6 un IP67<\/li>\n<\/ul>\n<div id=\"gtx-trans\" style=\"position: absolute; left: -33px; top: 1px;\">\n<div class=\"gtx-trans-icon\"><\/div>\n<\/div>","protected":false},"excerpt":{"rendered":"<p><strong>HOBO MX2304 \u0101r\u0113j\u0101 temperat\u016bras sensora datu re\u0123istr\u0113t\u0101js<\/strong> \u2013 laikapst\u0101k\u013ciem iztur\u012bgs ar Bluetooth savienojumu un augstu precizit\u0101ti.<\/p>","protected":false},"featured_media":21421,"template":"","meta":[],"product_cat":[400,411],"product_tag":[],"class_list":{"0":"post-21418","1":"product","2":"type-product","3":"status-publish","4":"has-post-thumbnail","6":"product_brand-hobo","7":"product_cat-registratoriai-duomenu-kaupikliai","8":"product_cat-temperaturos-registratoriai","10":"first","11":"onbackorder","12":"shipping-taxable","13":"product-type-simple"},"_links":{"self":[{"href":"https:\/\/labostera.lt\/lv\/wp-json\/wp\/v2\/product\/21418","targetHints":{"allow":["GET"]}}],"collection":[{"href":"https:\/\/labostera.lt\/lv\/wp-json\/wp\/v2\/product"}],"about":[{"href":"https:\/\/labostera.lt\/lv\/wp-json\/wp\/v2\/types\/product"}],"wp:featuredmedia":[{"embeddable":true,"href":"https:\/\/labostera.lt\/lv\/wp-json\/wp\/v2\/media\/21421"}],"wp:attachment":[{"href":"https:\/\/labostera.lt\/lv\/wp-json\/wp\/v2\/media?parent=21418"}],"wp:term":[{"taxonomy":"product_cat","embeddable":true,"href":"https:\/\/labostera.lt\/lv\/wp-json\/wp\/v2\/product_cat?post=21418"},{"taxonomy":"product_tag","embeddable":true,"href":"https:\/\/labostera.lt\/lv\/wp-json\/wp\/v2\/product_tag?post=21418"}],"curies":[{"name":"wp","href":"https:\/\/api.w.org\/{rel}","templated":true}]}}