{"id":21411,"date":"2024-06-12T16:06:59","date_gmt":"2024-06-12T13:06:59","guid":{"rendered":"http:\/\/labostera.lt\/?post_type=product&#038;p=21411"},"modified":"2024-06-13T16:35:16","modified_gmt":"2024-06-13T13:35:16","slug":"vandens-temperaturos-duomenu-registratorius-hobo-pendant-mx","status":"publish","type":"product","link":"https:\/\/labostera.lt\/lv\/priemones-ir-iranga\/registratoriai-duomenu-kaupikliai\/vandens-temperaturos-duomenu-registratorius-hobo-pendant-mx\/","title":{"rendered":"\u016adens temperat\u016bras datu re\u0123istr\u0113t\u0101js HOBO Pendant MX"},"content":{"rendered":"<p><strong>HOBO Pendant MX \u016bdens temperat\u016bras datu re\u0123istr\u0113t\u0101js (MX2201)<\/strong><\/p>\n<p>\u0160is Bluetooth iesp\u0113jotais \u016bdens temperat\u016bras datu re\u0123istr\u0113t\u0101js, kas paredz\u0113ts prec\u012bziem temperat\u016bras m\u0113r\u012bjumiem \u016bdens vid\u0113, var p\u0101rs\u016bt\u012bt datus tie\u0161i uz j\u016bsu mobilo ier\u012bci vai Windows datoru, izmantojot bezmaksas lietotni HOBOconnect. \u0160is kompaktais re\u0123istr\u0113t\u0101js, kas ir rad\u012bts iztur\u012bbai, ir ide\u0101li piem\u0113rots temperat\u016bras m\u0113r\u012bjumiem up\u0113s, ezeros, oke\u0101nos un augsn\u0113. Turkl\u0101t MX Gateway nodro\u0161ina att\u0101lin\u0101tu piek\u013cuvi datiem Onset m\u0101kon\u012b balst\u012btaj\u0101 lietotn\u0113 HOBOlink.<\/p>\n<p><strong>Specifik\u0101cijas<\/strong>:<\/p>\n<ul>\n<li>Temperat\u016bras m\u0113r\u012b\u0161anas diapazons: no -20\u00b0 l\u012bdz 70\u00b0C (gais\u0101) \/ no -20\u00b0 l\u012bdz 50\u00b0C (\u016bden\u012b)<\/li>\n<li>Precizit\u0101te: \u00b10,5\u00b0C<\/li>\n<li>Atmi\u0146a: 96\u00a0000 m\u0113r\u012bjumu<\/li>\n<li>Baterija: Nomain\u0101ma CR2032 3V litija baterija<\/li>\n<li>\u016adens iztur\u012bba: l\u012bdz 30,5 m<\/li>\n<\/ul>","protected":false},"excerpt":{"rendered":"<p><strong>Ar Bluetooth vad\u0101ms HOBO Pendant MX \u016bdens temperat\u016bras datu re\u0123istr\u0113t\u0101js<\/strong> ar prec\u012bziem m\u0113r\u012bjumiem un att\u0101lin\u0101tu piek\u013cuvi, izmantojot HOBOconnect lietotni.<\/p>","protected":false},"featured_media":21412,"template":"","meta":[],"product_cat":[400,411],"product_tag":[],"class_list":{"0":"post-21411","1":"product","2":"type-product","3":"status-publish","4":"has-post-thumbnail","6":"product_brand-hobo","7":"product_cat-registratoriai-duomenu-kaupikliai","8":"product_cat-temperaturos-registratoriai","10":"first","11":"onbackorder","12":"shipping-taxable","13":"product-type-simple"},"_links":{"self":[{"href":"https:\/\/labostera.lt\/lv\/wp-json\/wp\/v2\/product\/21411","targetHints":{"allow":["GET"]}}],"collection":[{"href":"https:\/\/labostera.lt\/lv\/wp-json\/wp\/v2\/product"}],"about":[{"href":"https:\/\/labostera.lt\/lv\/wp-json\/wp\/v2\/types\/product"}],"wp:featuredmedia":[{"embeddable":true,"href":"https:\/\/labostera.lt\/lv\/wp-json\/wp\/v2\/media\/21412"}],"wp:attachment":[{"href":"https:\/\/labostera.lt\/lv\/wp-json\/wp\/v2\/media?parent=21411"}],"wp:term":[{"taxonomy":"product_cat","embeddable":true,"href":"https:\/\/labostera.lt\/lv\/wp-json\/wp\/v2\/product_cat?post=21411"},{"taxonomy":"product_tag","embeddable":true,"href":"https:\/\/labostera.lt\/lv\/wp-json\/wp\/v2\/product_tag?post=21411"}],"curies":[{"name":"wp","href":"https:\/\/api.w.org\/{rel}","templated":true}]}}