{"id":21371,"date":"2024-06-05T12:27:39","date_gmt":"2024-06-05T09:27:39","guid":{"rendered":"http:\/\/labostera.lt\/?post_type=product&#038;p=21371"},"modified":"2024-06-13T16:35:27","modified_gmt":"2024-06-13T13:35:27","slug":"augalu-auginimo-kamera-conviron","status":"publish","type":"product","link":"https:\/\/labostera.lt\/lv\/priemones-ir-iranga\/laboratorine-iranga\/aplinkotyra\/augalu-tyrimo-iranga\/augalu-auginimo-kamera-conviron\/","title":{"rendered":"Augu audz\u0113\u0161anas kamera CONVIRON"},"content":{"rendered":"<p>Augu audz\u0113\u0161anas kamera ir ide\u0101li piem\u0113rota jaunu st\u0101du audz\u0113\u0161anai zem\u0101kos augos ar v\u0101ju apgaismojumu un vair\u0101kiem l\u012bme\u0146iem. CONVIRON, kas standarta apr\u012bkojum\u0101 ir apr\u012bkots ar pla\u0161a spektra, energoefekt\u012bvu LED apgaismojumu, pied\u0101v\u0101 unik\u0101lu iesp\u0113ju piel\u0101goties \u010detr\u0101m da\u017e\u0101d\u0101m p\u0113tniec\u012bbas lietojumprogramm\u0101m izmaksu zi\u0146\u0101 efekt\u012bv\u0101 iek\u0101rtu platform\u0101. Galveno kameru var apr\u012bkot ar vienu no \u010detriem \u012bpa\u0161i konfigur\u0113tiem komplektiem, katrs no tiem paredz\u0113ts konkr\u0113tam pielietojumam, tostarp augstiem augiem, \u012bsiem augiem, audu kult\u016brai un inkub\u0101cijai. Mainot gaisa pl\u016bsmu, apgaismojumu un plauktu izvietojumu, katrs komplekts nosaka vienu no \u010detr\u0101m pielietojuma zon\u0101m. Ir pieejams ar\u012b dienasgaismas apgaismojums, un ar papildu fenola p\u0101rkl\u0101jumu apr\u012bkoto dzes\u0113\u0161anas spoli kameru var viegli piel\u0101got entomolo\u0123iskiem p\u0113t\u012bjumiem, jo \u0161\u012b spole aizsarg\u0101 pret kukai\u0146u boj\u0101jumiem.<\/p>\n<p>Mode\u013ci un to specifik\u0101cijas:<\/p>\n<p><strong>GEN1000 IEK\u0160\u0100:<\/strong><\/p>\n<p><strong>Augu p\u0113t\u012bjumu pielietojums:<\/strong>\u00a0Inkub\u0101cija, entomolo\u0123ija, zema temperat\u016bra, univers\u0101la<\/p>\n<p><strong>Augu izcelsmes z\u0101\u013cu lieto\u0161ana:<\/strong> Inkub\u0101cija, univers\u0101la, zem\u0101 temperat\u016br\u0101<\/p>\n<p><strong>Veidlapa:<\/strong> Fiks\u0113ta kamera<\/p>\n<p><strong>L\u012bme\u0146i:<\/strong> 4 l\u012bme\u0146i<\/p>\n<p><strong>\u0100r\u0113j\u0101 zona:<\/strong> 0,86 m\u00b2<\/p>\n<p><strong>\u0100r\u0113jie izm\u0113ri:<\/strong> 104,1 cm x 82,6 cm x 195,6 cm<\/p>\n<p><strong>Izaugsmes zona:<\/strong> 2,1 m\u00b2<\/p>\n<p><strong>Aug\u0161anas augstums:<\/strong> 21,6 cm<\/p>\n<p><strong>Temperat\u016bra:<\/strong> 4 l\u012bdz 45\u00b0C<\/p>\n<p><strong>Gaismas intensit\u0101te:<\/strong> 275 \u00b5mol\/m\u00b2\/s<\/p>\n<p><strong>GEN2000 IEK\u0160\u0100:<\/strong><\/p>\n<p><strong>Augu p\u0113t\u012bjumu pielietojums:<\/strong>\u00a0Inkub\u0101cija, entomolo\u0123ija, zema temperat\u016bra, univers\u0101la<\/p>\n<p><strong>Augu izcelsmes z\u0101\u013cu lieto\u0161ana:<\/strong> Inkub\u0101cija, univers\u0101la, zem\u0101 temperat\u016br\u0101<\/p>\n<p><strong>Veidlapa:<\/strong> Fiks\u0113ta kamera<\/p>\n<p><strong>L\u012bme\u0146i:<\/strong> 4 l\u012bme\u0146i<\/p>\n<p><strong>\u0100r\u0113j\u0101 zona:<\/strong> 1,76 m\u00b2<\/p>\n<p><strong>\u0100r\u0113jie izm\u0113ri:<\/strong> 213,4 cm x 82,6 cm x 195,6 cm<\/p>\n<p><strong>Izaugsmes zona:<\/strong> 4,2 m\u00b2<\/p>\n<p><strong>Aug\u0161anas augstums:<\/strong> 21,6 cm<\/p>\n<p><strong>Temperat\u016bra:<\/strong> 4 l\u012bdz 45\u00b0C<\/p>\n<p><strong>Gaismas intensit\u0101te:<\/strong> 275 \u00b5mol\/m\u00b2\/s<\/p>\n<div id=\"gtx-trans\" style=\"position: absolute; left: 1px; top: 1px;\">\n<div class=\"gtx-trans-icon\"><\/div>\n<\/div>","protected":false},"excerpt":{"rendered":"<p>Augu audz\u0113\u0161anas kamera ir ide\u0101li piem\u0113rota jaunu st\u0101du audz\u0113\u0161anai zem\u0101kos augos ar v\u0101ju apgaismojumu un vair\u0101kiem l\u012bme\u0146iem. Standartapr\u012bkojum\u0101 ir pla\u0161a spektra, ener\u0123iju taupo\u0161s LED apgaismojums<\/p>\n<div id=\"gtx-trans\" style=\"position: absolute; left: -15px; top: -9px;\">\n<div class=\"gtx-trans-icon\"><\/div>\n<\/div>","protected":false},"featured_media":21373,"template":"","meta":[],"product_cat":[106,83],"product_tag":[],"class_list":{"0":"post-21371","1":"product","2":"type-product","3":"status-publish","4":"has-post-thumbnail","6":"product_brand-conviron","7":"product_cat-augalu-tyrimo-iranga","8":"product_cat-aplinkotyra","10":"first","11":"onbackorder","12":"shipping-taxable","13":"product-type-simple"},"_links":{"self":[{"href":"https:\/\/labostera.lt\/lv\/wp-json\/wp\/v2\/product\/21371","targetHints":{"allow":["GET"]}}],"collection":[{"href":"https:\/\/labostera.lt\/lv\/wp-json\/wp\/v2\/product"}],"about":[{"href":"https:\/\/labostera.lt\/lv\/wp-json\/wp\/v2\/types\/product"}],"wp:featuredmedia":[{"embeddable":true,"href":"https:\/\/labostera.lt\/lv\/wp-json\/wp\/v2\/media\/21373"}],"wp:attachment":[{"href":"https:\/\/labostera.lt\/lv\/wp-json\/wp\/v2\/media?parent=21371"}],"wp:term":[{"taxonomy":"product_cat","embeddable":true,"href":"https:\/\/labostera.lt\/lv\/wp-json\/wp\/v2\/product_cat?post=21371"},{"taxonomy":"product_tag","embeddable":true,"href":"https:\/\/labostera.lt\/lv\/wp-json\/wp\/v2\/product_tag?post=21371"}],"curies":[{"name":"wp","href":"https:\/\/api.w.org\/{rel}","templated":true}]}}