{"id":21364,"date":"2024-10-17T12:15:27","date_gmt":"2024-10-17T09:15:27","guid":{"rendered":"http:\/\/labostera.lt\/?post_type=product&#038;p=21364"},"modified":"2024-10-18T15:10:46","modified_gmt":"2024-10-18T12:10:46","slug":"augalu-auginimo-klimatines-kameros-rumed","status":"publish","type":"product","link":"https:\/\/labostera.lt\/lv\/priemones-ir-iranga\/laboratorine-iranga\/aplinkotyra\/augalu-tyrimo-iranga\/augalu-auginimo-klimatines-kameros-rumed\/","title":{"rendered":"RUMED\u00ae augu aug\u0161anas klimata kameras"},"content":{"rendered":"<h3>RUMED\u00ae augu aug\u0161anas klimata kameras<\/h3>\n<p>Augu aug\u0161anas kameras izmanto augu p\u0113t\u012bjumos, in vitro kultiv\u0113\u0161an\u0101, zoolo\u0123ij\u0101, bot\u0101nik\u0101 un s\u0113klu test\u0113\u0161an\u0101. RUMED\u00ae augu aug\u0161anas kameras apgaismojumu var piel\u0101got ar da\u017e\u0101diem spektriem. Papildus dabisk\u0101s gaismas spektram, kas augu p\u0113t\u012bjumos nodro\u0161ina reproduc\u0113jamus vides un aug\u0161anas apst\u0101k\u013cus, ir pieejamas papildu apgaismojuma iesp\u0113jas, piem\u0113ram, monohromatisk\u0101 gaisma sistem\u0101tiskai model\u0113\u0161anai un \u012bpa\u0161i UV spektri. Programmatiski kontrol\u0113tas temperat\u016bras un gaismas intensit\u0101tes sv\u0101rst\u012bbas \u013cauj simul\u0113t dienas\/nakts ciklus un ned\u0113\u013cas ciklus. Visas RUMED\u00ae augu audz\u0113\u0161anas kameras var konfigur\u0113t individu\u0101li, ar pla\u0161u apgaismojuma iesp\u0113ju kl\u0101stu, papildu vides parametriem, piem\u0113ram, mitrumu un CO2 padevi, k\u0101 ar\u012b cit\u0101m iesp\u0113j\u0101m un piederumiem, kas nodro\u0161ina univers\u0101lu pielietojuma jomu.<\/p>\n<h4>PWS-P350 augu aug\u0161anas kamera<\/h4>\n<ul>\n<li><strong>Temperat\u016bra:<\/strong> no 0 \u00b0C l\u012bdz +50 \u00b0C, p\u0113c izv\u0113les no -30 \u00b0C l\u012bdz +80 \u00b0C<\/li>\n<li><strong>P\u0113tniec\u012bbas telpa:<\/strong> 350 litri<\/li>\n<li><strong>B\u016bvniec\u012bba:<\/strong> Ner\u016bs\u0113jo\u0161ais t\u0113rauds<\/li>\n<li><strong>Programmas kontrolieris:<\/strong> Control2015touch<\/li>\n<li><strong>Ekr\u0101na ierakst\u012bt\u0101js un USB\/Ethernet savienojumi<\/strong><\/li>\n<li><strong>P\u0113c izv\u0113les:<\/strong> Mitrums un CO2<\/li>\n<li><strong>Programm\u0113jams, regul\u0113jams LED apgaismojums<\/strong><\/li>\n<\/ul>\n<h4>PWS-P530 augu aug\u0161anas kamera<\/h4>\n<ul>\n<li><strong>Temperat\u016bra:<\/strong> no 0 \u00b0C l\u012bdz +50 \u00b0C, p\u0113c izv\u0113les no -30 \u00b0C l\u012bdz +80 \u00b0C<\/li>\n<li><strong>P\u0113tniec\u012bbas telpa:<\/strong> 530 litri<\/li>\n<li><strong>B\u016bvniec\u012bba:<\/strong> Ner\u016bs\u0113jo\u0161ais t\u0113rauds<\/li>\n<li><strong>Programmas kontrolieris:<\/strong> Control2015touch<\/li>\n<li><strong>Ekr\u0101na ierakst\u012bt\u0101js un USB\/Ethernet savienojumi<\/strong><\/li>\n<li><strong>P\u0113c izv\u0113les:<\/strong> Mitrums un CO2<\/li>\n<li><strong>Programm\u0113jams, regul\u0113jams LED apgaismojums<\/strong><\/li>\n<\/ul>\n<h4>PWS-P850 augu aug\u0161anas kamera<\/h4>\n<ul>\n<li><strong>Temperat\u016bra:<\/strong> no 0 \u00b0C l\u012bdz +50 \u00b0C, p\u0113c izv\u0113les no -30 \u00b0C l\u012bdz +80 \u00b0C<\/li>\n<li><strong>P\u0113tniec\u012bbas telpa:<\/strong> 850 litri<\/li>\n<li><strong>B\u016bvniec\u012bba:<\/strong> Ner\u016bs\u0113jo\u0161ais t\u0113rauds<\/li>\n<li><strong>Programmas kontrolieris:<\/strong> Control2015touch<\/li>\n<li><strong>Ekr\u0101na ierakst\u012bt\u0101js un USB\/Ethernet savienojumi<\/strong><\/li>\n<li><strong>P\u0113c izv\u0113les:<\/strong> Mitrums un CO2<\/li>\n<li><strong>Programm\u0113jams, regul\u0113jams LED apgaismojums<\/strong><\/li>\n<\/ul>\n<h4>PWS-P1060 augu aug\u0161anas kamera<\/h4>\n<ul>\n<li><strong>Temperat\u016bra:<\/strong> no 0 \u00b0C l\u012bdz +50 \u00b0C, p\u0113c izv\u0113les no -30 \u00b0C l\u012bdz +80 \u00b0C<\/li>\n<li><strong>P\u0113tniec\u012bbas telpa:<\/strong> 1060 litri<\/li>\n<li><strong>B\u016bvniec\u012bba:<\/strong> Ner\u016bs\u0113jo\u0161ais t\u0113rauds<\/li>\n<li><strong>Programmas kontrolieris:<\/strong> Control2015touch<\/li>\n<li><strong>Ekr\u0101na ierakst\u012bt\u0101js un USB\/Ethernet savienojumi<\/strong><\/li>\n<li><strong>P\u0113c izv\u0113les:<\/strong> Mitrums un CO2<\/li>\n<li><strong>Programm\u0113jams, regul\u0113jams LED apgaismojums<\/strong><\/li>\n<\/ul>\n<h4>PWS-P1700 augu audz\u0113\u0161anas kamera<\/h4>\n<ul>\n<li><strong>Temperat\u016bra:<\/strong> no 0 \u00b0C l\u012bdz +50 \u00b0C, p\u0113c izv\u0113les no -30 \u00b0C l\u012bdz +80 \u00b0C<\/li>\n<li><strong>P\u0113tniec\u012bbas telpa:<\/strong> 1700 litri<\/li>\n<li><strong>B\u016bvniec\u012bba:<\/strong> Ner\u016bs\u0113jo\u0161ais t\u0113rauds<\/li>\n<li><strong>Programmas kontrolieris:<\/strong> Control2015touch<\/li>\n<li><strong>Ekr\u0101na ierakst\u012bt\u0101js un USB\/Ethernet savienojumi<\/strong><\/li>\n<li><strong>P\u0113c izv\u0113les:<\/strong> Mitrums un CO2<\/li>\n<li><strong>Programm\u0113jams, regul\u0113jams LED apgaismojums<\/strong><\/li>\n<\/ul>\n<h3>Pielietojuma jomas<\/h3>\n<ul>\n<li><strong>Augu p\u0113t\u012bjumi:<\/strong> Izveidojiet ide\u0101lus aug\u0161anas apst\u0101k\u013cus laboratorijas p\u0113t\u012bjumiem.<\/li>\n<li><strong>Kultiv\u0113\u0161ana in vitro:<\/strong> Optimiz\u0113t vides apst\u0101k\u013cus augu \u0161\u016bnu un audu kultiv\u0113\u0161anai.<\/li>\n<li><strong>Zoolo\u0123ija un bot\u0101nika:<\/strong> Izmantojiet kameru da\u017e\u0101diem zoolo\u0123iskiem un bot\u0101niskiem p\u0113t\u012bjumiem.<\/li>\n<li><strong>S\u0113klu p\u0101rbaude:<\/strong> P\u0101rbaudiet s\u0113klu dz\u012bvotsp\u0113ju un aug\u0161anas potenci\u0101lu kontrol\u0113tos apst\u0101k\u013cos.<\/li>\n<\/ul>\n<p>RUMED\u00ae augu aug\u0161anas kameras ir ide\u0101ls instruments prec\u012bzai vides apst\u0101k\u013cu kontrolei, t\u0101d\u0113j\u0101di optimiz\u0113jot augu aug\u0161anu un p\u0113t\u012bjumus.<\/p>","protected":false},"excerpt":{"rendered":"<p>RUMED\u00ae augu aug\u0161anas klimata kameras tiek izmantotas augu p\u0113t\u012bjumos, in vitro kultiv\u0113\u0161an\u0101, zoolo\u0123ij\u0101, bot\u0101nik\u0101 un s\u0113klu test\u0113\u0161an\u0101. RUMED\u00ae augu aug\u0161anas kameras apgaismojumu var piel\u0101got ar da\u017e\u0101diem spektriem. Papildus dabisk\u0101s gaismas spektram, kas augu p\u0113t\u012bjumos nodro\u0161ina reproduc\u0113jamus vides un aug\u0161anas apst\u0101k\u013cus, ir pieejamas papildu apgaismojuma iesp\u0113jas, piem\u0113ram, monohromatisk\u0101 gaisma sistem\u0101tiskai model\u0113\u0161anai un \u012bpa\u0161i UV spektri. Programmatiski kontrol\u0113tas temperat\u016bras un gaismas intensit\u0101tes sv\u0101rst\u012bbas \u013cauj simul\u0113t dienas\/nakts ciklus un ned\u0113\u013cas ciklus. Visas RUMED\u00ae augu audz\u0113\u0161anas kameras var konfigur\u0113t individu\u0101li, ar pla\u0161u apgaismojuma iesp\u0113ju kl\u0101stu, papildu vides parametriem, piem\u0113ram, mitrumu un CO2 padevi, k\u0101 ar\u012b cit\u0101m iesp\u0113j\u0101m un piederumiem, kas nodro\u0161ina univers\u0101lu pielietojuma jomu.<\/p>\n<div id=\"gtx-trans\" style=\"position: absolute; left: -38px; top: -9px;\">\n<div class=\"gtx-trans-icon\"><\/div>\n<\/div>","protected":false},"featured_media":21365,"template":"","meta":[],"product_cat":[106,83],"product_tag":[],"class_list":{"0":"post-21364","1":"product","2":"type-product","3":"status-publish","4":"has-post-thumbnail","6":"product_brand-rumed","7":"product_cat-augalu-tyrimo-iranga","8":"product_cat-aplinkotyra","10":"first","11":"onbackorder","12":"shipping-taxable","13":"product-type-simple"},"_links":{"self":[{"href":"https:\/\/labostera.lt\/lv\/wp-json\/wp\/v2\/product\/21364","targetHints":{"allow":["GET"]}}],"collection":[{"href":"https:\/\/labostera.lt\/lv\/wp-json\/wp\/v2\/product"}],"about":[{"href":"https:\/\/labostera.lt\/lv\/wp-json\/wp\/v2\/types\/product"}],"wp:featuredmedia":[{"embeddable":true,"href":"https:\/\/labostera.lt\/lv\/wp-json\/wp\/v2\/media\/21365"}],"wp:attachment":[{"href":"https:\/\/labostera.lt\/lv\/wp-json\/wp\/v2\/media?parent=21364"}],"wp:term":[{"taxonomy":"product_cat","embeddable":true,"href":"https:\/\/labostera.lt\/lv\/wp-json\/wp\/v2\/product_cat?post=21364"},{"taxonomy":"product_tag","embeddable":true,"href":"https:\/\/labostera.lt\/lv\/wp-json\/wp\/v2\/product_tag?post=21364"}],"curies":[{"name":"wp","href":"https:\/\/api.w.org\/{rel}","templated":true}]}}