{"id":21361,"date":"2024-06-05T12:08:52","date_gmt":"2024-06-05T09:08:52","guid":{"rendered":"http:\/\/labostera.lt\/?post_type=product&#038;p=21361"},"modified":"2024-06-13T16:35:28","modified_gmt":"2024-06-13T13:35:28","slug":"saknu-sistemos-tyrimo-iranga-tru","status":"publish","type":"product","link":"https:\/\/labostera.lt\/lv\/priemones-ir-iranga\/laboratorine-iranga\/aplinkotyra\/augalu-tyrimo-iranga\/saknu-sistemos-tyrimo-iranga-tru\/","title":{"rendered":"Sak\u0146u kan\u0101lu izmekl\u0113\u0161anas iek\u0101rta TRU\u2122"},"content":{"rendered":"<h4>Galven\u0101s iez\u012bmes<\/h4>\n<ul>\n<li><strong>2D plakans skats (virtu\u0101la tran\u0161eja)<\/strong>: Nodro\u0161ina detaliz\u0113tu sak\u0146u atra\u0161an\u0101s vietas un dzi\u013cuma skatu gar sken\u0113\u0161anas l\u012bniju, l\u012bdz\u012bgi tam, kas b\u016btu redzams re\u0101l\u0101 tran\u0161ej\u0101.<\/li>\n<li><strong>3D skats no aug\u0161as (virtu\u0101lais ekskavators)<\/strong>: Par\u0101da sak\u0146u izvietojumu un bl\u012bvumu jebkur\u0101 izv\u0113l\u0113taj\u0101 dzi\u013cum\u0101, pied\u0101v\u0101jot detaliz\u0113tu skatu no aug\u0161as uz leju.<\/li>\n<\/ul>\n<h4>Priek\u0161roc\u012bbas<\/h4>\n<ul>\n<li><strong>Neinvaz\u012bvs<\/strong>Nav nepiecie\u0161ama augsnes rak\u0161ana vai p\u0101rvieto\u0161ana, t\u0101d\u0113j\u0101di saudz\u0113jot koku un vidi.<\/li>\n<li><strong>P\u0101rn\u0113s\u0101jams<\/strong>Darbojas ar baterij\u0101m, t\u0101p\u0113c to ir viegli transport\u0113t un lietot da\u017e\u0101d\u0101s viet\u0101s.<\/li>\n<li><strong>Minim\u0101la sagatavo\u0161an\u0101s<\/strong>\u0100tra un vienk\u0101r\u0161a iestat\u012b\u0161ana, kas nodro\u0161ina \u0101tru sken\u0113\u0161anu un datu v\u0101k\u0161anu.<\/li>\n<li><strong>\u0100tr\u0101 sken\u0113\u0161ana<\/strong>Piln\u012bb\u0101 p\u0101rkl\u0101j laukumu 30\u201360 min\u016b\u0161u laik\u0101.<\/li>\n<li><strong>Iespie\u0161an\u0101s dzi\u013cums<\/strong>Efekt\u012bvs l\u012bdz 39 collu (1 metra) dzi\u013cumam.<\/li>\n<li><strong>Daudzpus\u012bba<\/strong>Var sken\u0113t virs atkl\u0101tas vai kl\u0101tas virsmas, tostarp betona, asfalta un fl\u012b\u017eu.<\/li>\n<li><strong>Augstas iz\u0161\u0137irtsp\u0113jas att\u0113li<\/strong>: Izveido detaliz\u0113tus pazemes struktur\u0101lo sak\u0146u att\u0113lus.<\/li>\n<li><strong>Elast\u012bgas sken\u0113\u0161anas iesp\u0113jas<\/strong>: \u013bauj sken\u0113t paral\u0113l\u0101s taisn\u0101s l\u012bnij\u0101s vai koncentriskos ap\u013cos\/pusap\u013cos.<\/li>\n<li><strong>Pils\u0113tu sader\u012bba<\/strong>Piem\u0113rots lieto\u0161anai \u0161aur\u0101s pils\u0113tvid\u0113s.<\/li>\n<li><strong>\u0112rta lieto\u0161ana<\/strong>Izstr\u0101d\u0101ts \u0113rtai lieto\u0161anai, nodro\u0161inot prec\u012bzus un \u0101trus rezult\u0101tus.<\/li>\n<\/ul>\n<h4>Pieteikums<\/h4>\n<ul>\n<li><strong>Koku stabilit\u0101tes nov\u0113rt\u0113jums<\/strong>Nosakiet koku dro\u0161\u012bbu un stabilit\u0101ti, nov\u0113rt\u0113jot sak\u0146u strukt\u016bru un st\u0101vokli.<\/li>\n<li><strong>Pils\u0113tas me\u017esaimniec\u012bba<\/strong>Lai p\u0101rbaud\u012btu saknes pils\u0113tu teritorij\u0101s, netrauc\u0113jot infrastrukt\u016bru.<\/li>\n<li><strong>B\u016bvniec\u012bbas pl\u0101no\u0161ana<\/strong>Pirms b\u016bvniec\u012bbas nov\u0113rt\u0113jiet iesp\u0113jamo sak\u0146u ietekmi, lai izvair\u012btos no boj\u0101jumiem.<\/li>\n<li><strong>Vides p\u0113t\u012bjumi<\/strong>P\u0113t\u012bt sak\u0146u sist\u0113mas ekolo\u0123iskajos un \u0123eomorfolo\u0123iskajos p\u0113t\u012bjumos.<\/li>\n<\/ul>\n<p>\u00a0<\/p>\n<div id=\"gtx-trans\" style=\"position: absolute; left: -35px; top: 757.344px;\">\n<div class=\"gtx-trans-icon\"><\/div>\n<\/div>","protected":false},"excerpt":{"rendered":"<p>TRU\u2122 sak\u0146u sist\u0113mas p\u0101rbaudes iek\u0101rta revolucioniz\u0113 sak\u0146u p\u0101rbaudi, nodro\u0161inot neinvaz\u012bvu, efekt\u012bvu un \u013coti prec\u012bzu metodi sak\u0146u strukt\u016bru nov\u0113rt\u0113\u0161anai. T\u0101 uzlabot\u0101s att\u0113lveido\u0161anas iesp\u0113jas un lieto\u0161anas \u0113rtums padara to par neaizst\u0101jamu instrumentu arboristiem, pils\u0113tu me\u017esaimniekiem un p\u0113tniekiem.<\/p>\n<div id=\"gtx-trans\" style=\"position: absolute; left: -27px; top: -9px;\">\n<div class=\"gtx-trans-icon\"><\/div>\n<\/div>","protected":false},"featured_media":21362,"template":"","meta":[],"product_cat":[83,106],"product_tag":[],"class_list":{"0":"post-21361","1":"product","2":"type-product","3":"status-publish","4":"has-post-thumbnail","6":"product_cat-aplinkotyra","7":"product_cat-augalu-tyrimo-iranga","9":"first","10":"onbackorder","11":"shipping-taxable","12":"product-type-simple"},"_links":{"self":[{"href":"https:\/\/labostera.lt\/lv\/wp-json\/wp\/v2\/product\/21361","targetHints":{"allow":["GET"]}}],"collection":[{"href":"https:\/\/labostera.lt\/lv\/wp-json\/wp\/v2\/product"}],"about":[{"href":"https:\/\/labostera.lt\/lv\/wp-json\/wp\/v2\/types\/product"}],"wp:featuredmedia":[{"embeddable":true,"href":"https:\/\/labostera.lt\/lv\/wp-json\/wp\/v2\/media\/21362"}],"wp:attachment":[{"href":"https:\/\/labostera.lt\/lv\/wp-json\/wp\/v2\/media?parent=21361"}],"wp:term":[{"taxonomy":"product_cat","embeddable":true,"href":"https:\/\/labostera.lt\/lv\/wp-json\/wp\/v2\/product_cat?post=21361"},{"taxonomy":"product_tag","embeddable":true,"href":"https:\/\/labostera.lt\/lv\/wp-json\/wp\/v2\/product_tag?post=21361"}],"curies":[{"name":"wp","href":"https:\/\/api.w.org\/{rel}","templated":true}]}}