{"id":21355,"date":"2024-06-05T12:01:44","date_gmt":"2024-06-05T09:01:44","guid":{"rendered":"http:\/\/labostera.lt\/?post_type=product&#038;p=21355"},"modified":"2024-06-13T16:35:28","modified_gmt":"2024-06-13T13:35:28","slug":"medienos-tankio-parametru-nustatymo-kompleksas-resistograph","status":"publish","type":"product","link":"https:\/\/labostera.lt\/lv\/priemones-ir-iranga\/laboratorine-iranga\/aplinkotyra\/augalu-tyrimo-iranga\/medienos-tankio-parametru-nustatymo-kompleksas-resistograph\/","title":{"rendered":"RESISTOGRAPH\u00ae koksnes bl\u012bvuma parametru noteik\u0161anas komplekss"},"content":{"rendered":"<p>RESISTOGRAPH\u00ae ir elektroniski vad\u0101ma urb\u0161anas pretest\u012bbas m\u0113r\u012b\u0161anas sist\u0113ma, kas paredz\u0113ta koku un koka konstrukciju iek\u0161\u0113j\u0101 st\u0101vok\u013ca noteik\u0161anai. \u0160\u012b sist\u0113ma \u013cauj noteikt puvi, dobumus, plaisas un noteikt koksnes kvalit\u0101ti. RESISTOGRAPH\u00ae ir piln\u012bb\u0101 atjaunin\u0101ta, pamatojoties uz t\u016bksto\u0161iem lieto\u0161anas rei\u017eu pieredzi, k\u013c\u016bstot par v\u0113l jaud\u012bg\u0101ku instrumentu. Datora vad\u012btais padeves \u0101trums \u013cauj lietot\u0101jiem piln\u012bb\u0101 koncentr\u0113ties uz p\u0113t\u0101mo objektu, nov\u0113r\u0161ot nepiecie\u0161am\u012bbu iepriek\u0161 iestat\u012bt \u0101trumu un padeves parametrus. M\u0113r\u012bjumu profili tiek sinhroni druk\u0101ti un papildus saglab\u0101ti ier\u012bces iek\u0161\u0113j\u0101 atmi\u0146\u0101. Datus var p\u0101rs\u016bt\u012bt uz datoru v\u0113l\u0101kai anal\u012bzei, izmantojot DECOM\u2122 programmat\u016bru.<\/p>\n<h4>Adapt\u0101cija<\/h4>\n<ul>\n<li>Ielu, parku un me\u017ea kokiem<\/li>\n<li>Puves, dobumu un plaisu noteik\u0161ana<\/li>\n<li>Koka kvalit\u0101tes noteik\u0161ana<\/li>\n<li>B\u016bvmateri\u0101liem, stabiem un rota\u013cu laukumu apr\u012bkojumam<\/li>\n<li>Koksnes p\u0101rbaude<\/li>\n<\/ul>\n<h4>Funkcijas un priek\u0161roc\u012bbas<\/h4>\n<ul>\n<li>Mazs svars \u2013 4,0 kg<\/li>\n<li>\u0100trums l\u012bdz 300 cm\/min<\/li>\n<li>Vair\u0101k nek\u0101 50 urb\u0161anas reizes cietkoksn\u0113 ar vienu akumulatora uzl\u0101di<\/li>\n<li>Ar datoru kontrol\u0113ts padeves \u0101trums<\/li>\n<li>Urb\u0161anas dzi\u013cums \u2013 50 cm<\/li>\n<li>Sinhrona druk\u0101\u0161ana ar bezvadu printeri<\/li>\n<li>Tie\u0161raides urb\u0161anas priek\u0161skat\u012bjums ar PC\/Mac\u00ae vai Android\u2122 ier\u012bc\u0113m<\/li>\n<li>Iek\u0161\u0113j\u0101 atmi\u0146\u0101 var saglab\u0101t l\u012bdz pat 10\u00a0000 profilu<\/li>\n<li>Iek\u0161\u0113j\u0101 USB lielapjoma atmi\u0146as ier\u012bce \u0113rtai piek\u013cuvei profiliem<\/li>\n<\/ul>\n<h4>Priek\u0161z\u012bm\u012bgs modelis<\/h4>\n<p><strong>RESISTOGRAPH\u00ae 650-EA ar 50 cm urb\u0161anas dzi\u013cumu<\/strong><\/p>\n<p>Speci\u0101li izstr\u0101d\u0101ts profesion\u0101lai koku un koksnes diagnostikai.<\/p>\n<h4>Pilns komplekts<\/h4>\n<ul>\n<li>1\/50 mm iz\u0161\u0137irtsp\u0113ja<\/li>\n<li>2 akumulatoru komplekti ar l\u0101d\u0113t\u0101ju<\/li>\n<li>Bezvadu termoprinteris ar 20 pap\u012bra ru\u013c\u013ciem<\/li>\n<li>USB kabelis<\/li>\n<li>Instrumentu komplekts<\/li>\n<li>10 standarta adatas, 10 r\u016bd\u012btas adatas<\/li>\n<li>P\u0101rn\u0113s\u0101\u0161anas soma visai sist\u0113mai<\/li>\n<li>Ier\u012bces n\u0113s\u0101\u0161anas siksna<\/li>\n<li>DECOM\u2122 Expert programmat\u016bra datu apstr\u0101dei un vizualiz\u0101cijai<\/li>\n<\/ul>","protected":false},"excerpt":{"rendered":"<p>RESISTOGRAPH\u00ae koksnes bl\u012bvuma parametru noteik\u0161anas komplekss ir elektroniski vad\u0101ma urb\u0161anas pretest\u012bbas m\u0113r\u012b\u0161anas sist\u0113ma, kas paredz\u0113ta koku un koka konstrukciju iek\u0161\u0113j\u0101 st\u0101vok\u013ca noteik\u0161anai. Ar \u0161o kompakto un jaud\u012bgo instrumentu var atkl\u0101t puvi, dobumus un plaisas, k\u0101 ar\u012b noteikt koksnes kvalit\u0101ti.<\/p>","protected":false},"featured_media":21358,"template":"","meta":[],"product_cat":[106,83],"product_tag":[],"class_list":{"0":"post-21355","1":"product","2":"type-product","3":"status-publish","4":"has-post-thumbnail","6":"product_brand-rinntech","7":"product_cat-augalu-tyrimo-iranga","8":"product_cat-aplinkotyra","10":"first","11":"onbackorder","12":"shipping-taxable","13":"product-type-simple"},"_links":{"self":[{"href":"https:\/\/labostera.lt\/lv\/wp-json\/wp\/v2\/product\/21355","targetHints":{"allow":["GET"]}}],"collection":[{"href":"https:\/\/labostera.lt\/lv\/wp-json\/wp\/v2\/product"}],"about":[{"href":"https:\/\/labostera.lt\/lv\/wp-json\/wp\/v2\/types\/product"}],"wp:featuredmedia":[{"embeddable":true,"href":"https:\/\/labostera.lt\/lv\/wp-json\/wp\/v2\/media\/21358"}],"wp:attachment":[{"href":"https:\/\/labostera.lt\/lv\/wp-json\/wp\/v2\/media?parent=21355"}],"wp:term":[{"taxonomy":"product_cat","embeddable":true,"href":"https:\/\/labostera.lt\/lv\/wp-json\/wp\/v2\/product_cat?post=21355"},{"taxonomy":"product_tag","embeddable":true,"href":"https:\/\/labostera.lt\/lv\/wp-json\/wp\/v2\/product_tag?post=21355"}],"curies":[{"name":"wp","href":"https:\/\/api.w.org\/{rel}","templated":true}]}}