{"id":21352,"date":"2024-06-05T11:56:49","date_gmt":"2024-06-05T08:56:49","guid":{"rendered":"http:\/\/labostera.lt\/?post_type=product&#038;p=21352"},"modified":"2024-06-13T16:35:29","modified_gmt":"2024-06-13T13:35:29","slug":"medziu-rieviu-analizavimo-iranga-lintab","status":"publish","type":"product","link":"https:\/\/labostera.lt\/lv\/priemones-ir-iranga\/laboratorine-iranga\/aplinkotyra\/augalu-tyrimo-iranga\/medziu-rieviu-analizavimo-iranga-lintab\/","title":{"rendered":"LINTAB\u2122 koksnes graudu anal\u012bzes iek\u0101rta"},"content":{"rendered":"<h4>Adapt\u0101cija<\/h4>\n<ul>\n<li>Dendrohronolo\u0123ija<\/li>\n<li>Deform\u0101cijas anal\u012bze<\/li>\n<li>Ekolo\u0123isk\u0101s un \u0123eomorfolo\u0123isk\u0101s anal\u012bzes<\/li>\n<li>Vair\u0101ku koku dz\u012bvotsp\u0113jas un boj\u0101jumu anal\u012bze<\/li>\n<\/ul>\n<h4>Funkcijas un priek\u0161roc\u012bbas<\/h4>\n<ul>\n<li>Piln\u012bb\u0101 apr\u012bkota koku rievu m\u0113r\u012b\u0161anas stacija par pie\u0146emamu cenu<\/li>\n<li>Iztur\u012bgs un laikapst\u0101k\u013ciem iztur\u012bgs<\/li>\n<li>Iek\u0161\u0113j\u0101 vad\u012bba<\/li>\n<li>Maksim\u0101l\u0101 iz\u0161\u0137irtsp\u0113ja: 1\/1000 mm<\/li>\n<li>Savietojam\u012bba: seri\u0101l\u0101\/USB saskarne k\u0101 datora savienojums<\/li>\n<li>Manu\u0101la vad\u012bba ar rokratu (ar le\u0146\u0137a piedzi\u0146u p\u0113c piepras\u012bjuma)<\/li>\n<li>M\u0113r\u012b\u0161anas garums: 560 mm, p\u0113c izv\u0113les: 200 mm\u20132000 mm<\/li>\n<li>Iz\u0161\u0137irtsp\u0113ja: 1\/100 mm, p\u0113c izv\u0113les: 1\/200 mm, 1\/1000 mm<\/li>\n<li>Standarta jut\u012bba (parauga kust\u012bba vien\u0101 apgriezien\u0101): 5 mm, p\u0113c izv\u0113les: 2,5 mm, 10 mm<\/li>\n<li>Parauga svars: l\u012bdz 50 kg<\/li>\n<\/ul>\n<h4>Iepakojuma iesp\u0113jas atbilsto\u0161i j\u016bsu individu\u0101laj\u0101m vajadz\u012bb\u0101m<\/h4>\n<ul>\n<li><strong>LINTAB\u2122 6 profesion\u0101lais iepakojums<\/strong>\n<ul>\n<li>Sast\u0101vs: Line\u0101ra vadotne ar 560 mm m\u0113r\u012b\u0161anas garumu, padeves \u0101trumu 5 mm\/apgr., iz\u0161\u0137irtsp\u0113ju 10 \u00b5m (1\/100 mm), 100 mm diametra rokratu, Leica S4E stereomikroskopu, LED apgaismot\u0101ju ar &quot;zoskakla&quot; gaismas avotu, stat\u012bvu (350 mm), TSAP-Win\u2122 Professional programmat\u016bru m\u0113r\u012bjumu re\u0123istr\u0113\u0161anai, grafiskajam displejam un laika rindu anal\u012bzei.<\/li>\n<\/ul>\n<\/li>\n<li><strong>LINTAB\u2122 6 zin\u0101tnisko table\u0161u iepakojums<\/strong>\n<ul>\n<li>Sast\u0101vs: Line\u0101ra vadotne ar 560 mm m\u0113r\u012b\u0161anas garumu, padeves \u0101trumu 5 mm\/apgr., iz\u0161\u0137irtsp\u0113ju 10 \u00b5m (1\/100 mm), le\u0146\u0137isko piedzi\u0146u (90\u00b0) ergonomiskai vad\u012bbai, 100 mm diametra rokratu, ped\u0101li, Leica M50 stereo mikroskopu, LED apgaismot\u0101ju ar &quot;zoskakla&quot; gaismas avotu, stat\u012bvu (350 mm), TSAP-Win\u2122 zin\u0101tnisko programmat\u016bru m\u0113r\u012bjumu re\u0123istr\u0113\u0161anai, grafiskajam displejam un laika rindu anal\u012bzei.<\/li>\n<\/ul>\n<\/li>\n<li><strong>LINTAB\u2122 6 augstas iz\u0161\u0137irtsp\u0113jas iepakojums<\/strong>\n<ul>\n<li>Sast\u0101vs: Line\u0101ra vadotne ar 560 mm m\u0113r\u012b\u0161anas garumu, padeves \u0101trumu 2,5 mm\/apgr., 1 \u00b5m (1\/1000 mm) iz\u0161\u0137irtsp\u0113ju, le\u0146\u0137isko piedzi\u0146u (90\u00b0) ergonomiskai vad\u012bbai, 100 mm diametra rokratu, ped\u0101li, Leica M80 stereo mikroskopu, LED gredzena apgaismot\u0101ju, stat\u012bvu (350 mm), TSAP-Win\u2122 zin\u0101tnisko programmat\u016bru m\u0113r\u012bjumu re\u0123istr\u0113\u0161anai, grafiskajam displejam un laika rindu anal\u012bzei.<\/li>\n<\/ul>\n<\/li>\n<\/ul>\n<p>Papildu piederumu kl\u0101st\u0101 ietilpst mikroskopi ar trinokul\u0101ru cauruli kameras piestiprin\u0101\u0161anai un bezgal\u012bgi printeri garu koku rievu sec\u012bbu druk\u0101\u0161anai.<\/p>","protected":false},"excerpt":{"rendered":"<p>LINTAB\u2122 koksnes tekst\u016bras anal\u012bzes iek\u0101rta ir \u013coti prec\u012bza un uzticama iek\u0101rta koksnes tekst\u016bras m\u0113r\u012b\u0161anai. \u0160\u012b sist\u0113ma ne tikai atbilst augst\u0101kaj\u0101m pras\u012bb\u0101m, bet ar\u012b ir viegli lietojama, ergonomiska, iztur\u012bga un laikapst\u0101k\u013ciem iztur\u012bga. Ar LINTAB\u2122 var izm\u0113r\u012bt gan koksnes \u0161\u0137\u0113rsgriezumus, gan urbumus. Kop\u0101 ar TSAP-Win\u2122 programmat\u016bru LINTAB\u2122 veido sp\u0113c\u012bgu komandu koksnes tekst\u016bras anal\u012bzei.<\/p>","protected":false},"featured_media":21353,"template":"","meta":[],"product_cat":[83,106],"product_tag":[],"class_list":{"0":"post-21352","1":"product","2":"type-product","3":"status-publish","4":"has-post-thumbnail","6":"product_brand-rinntech","7":"product_cat-aplinkotyra","8":"product_cat-augalu-tyrimo-iranga","10":"first","11":"onbackorder","12":"shipping-taxable","13":"product-type-simple"},"_links":{"self":[{"href":"https:\/\/labostera.lt\/lv\/wp-json\/wp\/v2\/product\/21352","targetHints":{"allow":["GET"]}}],"collection":[{"href":"https:\/\/labostera.lt\/lv\/wp-json\/wp\/v2\/product"}],"about":[{"href":"https:\/\/labostera.lt\/lv\/wp-json\/wp\/v2\/types\/product"}],"wp:featuredmedia":[{"embeddable":true,"href":"https:\/\/labostera.lt\/lv\/wp-json\/wp\/v2\/media\/21353"}],"wp:attachment":[{"href":"https:\/\/labostera.lt\/lv\/wp-json\/wp\/v2\/media?parent=21352"}],"wp:term":[{"taxonomy":"product_cat","embeddable":true,"href":"https:\/\/labostera.lt\/lv\/wp-json\/wp\/v2\/product_cat?post=21352"},{"taxonomy":"product_tag","embeddable":true,"href":"https:\/\/labostera.lt\/lv\/wp-json\/wp\/v2\/product_tag?post=21352"}],"curies":[{"name":"wp","href":"https:\/\/api.w.org\/{rel}","templated":true}]}}