{"id":21347,"date":"2024-06-05T11:51:50","date_gmt":"2024-06-05T08:51:50","guid":{"rendered":"http:\/\/labostera.lt\/?post_type=product&#038;p=21347"},"modified":"2024-06-13T16:35:30","modified_gmt":"2024-06-13T13:35:30","slug":"medziu-tomografas-arbotom","status":"publish","type":"product","link":"https:\/\/labostera.lt\/lv\/priemones-ir-iranga\/laboratorine-iranga\/aplinkotyra\/augalu-tyrimo-iranga\/medziu-tomografas-arbotom\/","title":{"rendered":"Koku tomogr\u0101fs ARBOTOM\u00ae"},"content":{"rendered":"<p>Adapt\u0101cija<\/p>\n<p>Koku dro\u0161\u012bbas noteik\u0161ana<br \/>\nBa\u013c\u0137u un apa\u013ckoku kvalit\u0101tes m\u0113r\u012b\u0161ana<br \/>\nFunkcijas un priek\u0161roc\u012bbas<br \/>\nPrec\u012bza defektu lokaliz\u0101cija kokos un apa\u013ckoksn\u0113s<br \/>\nDraudz\u012bgs kokiem, jo ir gandr\u012bz nekait\u012bgs<br \/>\nViegli saprotama tomogr\u0101fijas rezult\u0101tu prezent\u0101cija<br \/>\nVienk\u0101r\u0161a un prec\u012bza boj\u0101jumu nov\u0113rt\u0113\u0161ana<br \/>\n\u0100tra anal\u012bze uz vietas<br \/>\nViegli lietojams, var vad\u012bt ar mini datoru vai kl\u0113pjdatoru<br \/>\nDivdimensiju vai tr\u012bsdimensiju koku, tostarp koku ar liel\u0101kiem diametriem, iek\u0161\u0113j\u0101 st\u0101vok\u013ca m\u0113r\u012bjumi un vizualiz\u0101cija<br \/>\nV\u0101j\u0101ko zonu un maz\u0101k\u0101 atliku\u0161\u0101 sienas biezuma noteik\u0161ana, izmantojot sensorus (parasti 6\u201324)<br \/>\nIepakojuma iesp\u0113jas atbilsto\u0161i j\u016bsu individu\u0101laj\u0101m vajadz\u012bb\u0101m<\/p>\n<p>ARBOTOM\u00ae profesion\u0101lais komplekts<\/p>\n<p>12 impulsu sensori ar kabe\u013ciem, 60 mm sensoru tapas, 12 V uzl\u0101d\u0113jama baterija, piederumu komplekts, USB un Bluetooth savienojums ar kl\u0113pjdatoru, ARBOTOM\u00ae 2-D programmat\u016bra oper\u0113t\u0101jsist\u0113mai Microsoft Windows, iztur\u012bga transport\u0113\u0161anas soma, detaliz\u0113ta rokasgr\u0101mata (v\u0101cu vai ang\u013cu valod\u0101).<\/p>\n<p>ARBOTOM\u00ae prec\u012bzijas iepakojums<\/p>\n<p>16 impulsu sensori ar kabe\u013ciem, 60 mm sensoru tapas, 12 V uzl\u0101d\u0113jama baterija, piederumu komplekts, USB un Bluetooth savienojums ar kl\u0113pjdatoru, ARBOTOM\u00ae 2D programmat\u016bra un meh\u0101nisk\u0101s grafikas modulis oper\u0113t\u0101jsist\u0113mai Microsoft Windows, iztur\u012bgs transport\u0113\u0161anas koferis, detaliz\u0113ta rokasgr\u0101mata (v\u0101cu vai ang\u013cu valod\u0101).<\/p>\n<p>ARBOTOM\u00ae 3-D iepakojums<\/p>\n<p>24 impulsu sensori ar kabe\u013ciem, 60 mm sensoru tapas, 12 V uzl\u0101d\u0113jama baterija, piederumu komplekts, USB un Bluetooth savienojums ar kl\u0113pjdatoru, ARBOTOM\u00ae 3D programmat\u016bra un meh\u0101nisk\u0101s grafikas modulis oper\u0113t\u0101jsist\u0113mai Microsoft Windows, iztur\u012bgs transport\u0113\u0161anas koferis, detaliz\u0113ta rokasgr\u0101mata (v\u0101cu vai ang\u013cu valod\u0101).<\/p>","protected":false},"excerpt":{"rendered":"<p>Koku tomogr\u0101fs ARBOTOM\u00ae<\/p>\n<p>ARBOTOM\u00ae koku tomogr\u0101fijas sist\u0113ma ir inovat\u012bva impulsa tomogr\u0101fijas sist\u0113ma, kas \u013cauj redz\u0113t koku un apa\u013ckoksnes iek\u0161\u0113jo st\u0101vokli. Izmantojot ska\u0146as impulsus, ARBOTOM\u00ae pal\u012bdz identific\u0113t sl\u0113ptas un neredzamas puves, tuk\u0161umus un plaisas, k\u0101 ar\u012b to izm\u0113ru.<\/p>","protected":false},"featured_media":21348,"template":"","meta":[],"product_cat":[106,83],"product_tag":[],"class_list":{"0":"post-21347","1":"product","2":"type-product","3":"status-publish","4":"has-post-thumbnail","6":"product_brand-rinntech","7":"product_cat-augalu-tyrimo-iranga","8":"product_cat-aplinkotyra","10":"first","11":"onbackorder","12":"shipping-taxable","13":"product-type-simple"},"_links":{"self":[{"href":"https:\/\/labostera.lt\/lv\/wp-json\/wp\/v2\/product\/21347","targetHints":{"allow":["GET"]}}],"collection":[{"href":"https:\/\/labostera.lt\/lv\/wp-json\/wp\/v2\/product"}],"about":[{"href":"https:\/\/labostera.lt\/lv\/wp-json\/wp\/v2\/types\/product"}],"wp:featuredmedia":[{"embeddable":true,"href":"https:\/\/labostera.lt\/lv\/wp-json\/wp\/v2\/media\/21348"}],"wp:attachment":[{"href":"https:\/\/labostera.lt\/lv\/wp-json\/wp\/v2\/media?parent=21347"}],"wp:term":[{"taxonomy":"product_cat","embeddable":true,"href":"https:\/\/labostera.lt\/lv\/wp-json\/wp\/v2\/product_cat?post=21347"},{"taxonomy":"product_tag","embeddable":true,"href":"https:\/\/labostera.lt\/lv\/wp-json\/wp\/v2\/product_tag?post=21347"}],"curies":[{"name":"wp","href":"https:\/\/api.w.org\/{rel}","templated":true}]}}