{"id":21343,"date":"2024-06-04T16:33:40","date_gmt":"2024-06-04T13:33:40","guid":{"rendered":"http:\/\/labostera.lt\/?post_type=product&#038;p=21343"},"modified":"2024-06-13T16:35:30","modified_gmt":"2024-06-13T13:35:30","slug":"augalu-vandens-kiekio-nustatymo-prietaisas-3000-pwsc","status":"publish","type":"product","link":"https:\/\/labostera.lt\/lv\/priemones-ir-iranga\/laboratorine-iranga\/aplinkotyra\/augalu-tyrimo-iranga\/augalu-vandens-kiekio-nustatymo-prietaisas-3000-pwsc\/","title":{"rendered":"Augu \u016bdens satura m\u0113r\u012bt\u0101js 3000 PWSC"},"content":{"rendered":"<p>Augu \u016bdens satura m\u0113r\u012bt\u0101ju var konfigur\u0113t da\u017e\u0101dos veidos atbilsto\u0161i j\u016bsu vajadz\u012bb\u0101m. Spiediena trauki ir pieejami izm\u0113ros no 7 coll\u0101m (18 cm) l\u012bdz 20 coll\u0101m (51 cm). Ir pieejami ar\u012b spiediena diapazoni no 0 l\u012bdz 40 bar un no 0 l\u012bdz 80 bar. Varat izv\u0113l\u0113ties starp paraugu tur\u0113t\u0101jiem apa\u013ciem stubl\u0101ju materi\u0101liem (3015G4) un l\u0101psti\u0146as tipa materi\u0101liem (3015G2).<\/p>","protected":false},"excerpt":{"rendered":"<p>Augu \u016bdens satura m\u0113r\u012bt\u0101ju var konfigur\u0113t da\u017e\u0101dos veidos atbilsto\u0161i j\u016bsu vajadz\u012bb\u0101m. Spiediena trauki ir pieejami izm\u0113ros no 7 coll\u0101m (18 cm) l\u012bdz 20 coll\u0101m (51 cm). Ir pieejami ar\u012b spiediena diapazoni no 0 l\u012bdz 40 bar un no 0 l\u012bdz 80 bar. Varat izv\u0113l\u0113ties starp paraugu tur\u0113t\u0101jiem apa\u013ciem stubl\u0101ju materi\u0101liem (3015G4) un l\u0101psti\u0146as tipa materi\u0101liem (3015G2).<\/p>\n<p>M\u0113rot augu \u016bdens st\u0101vokli, laiks ir \u013coti svar\u012bgs. Soilmoisture izci\u013c\u0146a \u0101tr\u0101s fiks\u0101cijas paraugu tur\u0113t\u0101js un atbilsto\u0161\u0101 spiedientvertne nodro\u0161ina nep\u0101rsp\u0113jamu efektivit\u0101ti. Apvienojum\u0101 ar da\u017e\u0101diem m\u012bkstiem un viegli nosl\u0113dzamiem starplikas gredzeniem ar minim\u0101liem sav\u0113rp\u0161an\u0101s bl\u012bv\u0113\u0161anas koeficientiem tas nodro\u0161ina \u0101tr\u0101ko bl\u012bv\u0113\u0161anas laiku no koka, kr\u016bma vai cita materi\u0101la l\u012bdz spiedientvertnei. Ier\u012bce, kas paredz\u0113ta lieto\u0161anai lauk\u0101 vai uz pikapa, ir viegla un \u0113rti lietojama. Lielais, prec\u012bzais m\u0113r\u012bt\u0101js un groz\u0101m\u0101 ass \u013cauj maksim\u0101li izmantot r\u0101d\u012bjumus gandr\u012bz jebkuros apst\u0101k\u013cos. \u0160\u012bs funkcijas apvienojum\u0101 ar liel\u0101s ietilp\u012bbas rezervu\u0101ru nodro\u0161in\u0101s jums v\u0113rt\u012bbu visam m\u016b\u017eam.<\/p>\n<div id=\"gtx-trans\" style=\"position: absolute; left: -43px; top: 37.9034px;\">\n<div class=\"gtx-trans-icon\"><\/div>\n<\/div>","protected":false},"featured_media":21337,"template":"","meta":[],"product_cat":[106,83],"product_tag":[],"class_list":{"0":"post-21343","1":"product","2":"type-product","3":"status-publish","4":"has-post-thumbnail","6":"product_cat-augalu-tyrimo-iranga","7":"product_cat-aplinkotyra","9":"first","10":"onbackorder","11":"shipping-taxable","12":"product-type-simple"},"_links":{"self":[{"href":"https:\/\/labostera.lt\/lv\/wp-json\/wp\/v2\/product\/21343","targetHints":{"allow":["GET"]}}],"collection":[{"href":"https:\/\/labostera.lt\/lv\/wp-json\/wp\/v2\/product"}],"about":[{"href":"https:\/\/labostera.lt\/lv\/wp-json\/wp\/v2\/types\/product"}],"wp:featuredmedia":[{"embeddable":true,"href":"https:\/\/labostera.lt\/lv\/wp-json\/wp\/v2\/media\/21337"}],"wp:attachment":[{"href":"https:\/\/labostera.lt\/lv\/wp-json\/wp\/v2\/media?parent=21343"}],"wp:term":[{"taxonomy":"product_cat","embeddable":true,"href":"https:\/\/labostera.lt\/lv\/wp-json\/wp\/v2\/product_cat?post=21343"},{"taxonomy":"product_tag","embeddable":true,"href":"https:\/\/labostera.lt\/lv\/wp-json\/wp\/v2\/product_tag?post=21343"}],"curies":[{"name":"wp","href":"https:\/\/api.w.org\/{rel}","templated":true}]}}