{"id":21339,"date":"2024-06-04T16:32:59","date_gmt":"2024-06-04T13:32:59","guid":{"rendered":"http:\/\/labostera.lt\/?post_type=product&#038;p=21339"},"modified":"2024-06-13T16:35:31","modified_gmt":"2024-06-13T13:35:31","slug":"nesiojamas-augalu-vandens-kiekio-nustatymo-prietaisas-saps","status":"publish","type":"product","link":"https:\/\/labostera.lt\/lv\/priemones-ir-iranga\/laboratorine-iranga\/aplinkotyra\/augalu-tyrimo-iranga\/nesiojamas-augalu-vandens-kiekio-nustatymo-prietaisas-saps\/","title":{"rendered":"P\u0101rn\u0113s\u0101jama augu \u016bdens satura noteik\u0161anas ier\u012bce SAPS"},"content":{"rendered":"<p>P\u0101rn\u0113s\u0101jams augu \u016bdens st\u0101vok\u013ca monitors. SAPS s\u0113rijas augu \u016bdens st\u0101vok\u013ca konsol\u0113m ir iztur\u012bgs korpuss, kas paredz\u0113ts bie\u017eai lieto\u0161anai \u0101rpus telp\u0101m, un t\u0101s ir viegli p\u0101rn\u0113s\u0101t vai piestiprin\u0101t kvadracikla aizmugur\u0113.<\/p>\n<p>Iek\u0101rtas ir apr\u012bkotas ar \u0101tr\u0101s savieno\u0161anas savienojumu, augstspiediena regulatoru un da\u017e\u0101diem gaisa tvert\u0146u izm\u0113riem.<br \/>\nT\u0101pat k\u0101 3000\/3005 s\u0113rijas, SAPS iek\u0101rtas ir pieejamas ar vai bez tvertnes.<br \/>\nIr pieejami divi darba spiediena diapazoni: 0\u201340 b\u0101ri un 0\u201380 b\u0101ri.<br \/>\nVarat ar\u012b izv\u0113l\u0113ties nepiecie\u0161amo paraugu tur\u0113t\u0101ju:<br \/>\nLieto\u0161anai ar apa\u013ca k\u0101ta materi\u0101lu (3015G4) vai asmens tipa materi\u0101lu (3015G2).<\/p>","protected":false},"excerpt":{"rendered":"<p>SAPS s\u0113rijas augu \u016bdens statusa konsol\u0113m ir iztur\u012bgs korpuss, kas paredz\u0113ts bie\u017eai lieto\u0161anai \u0101rpus telp\u0101m, un t\u0101s ir viegli p\u0101rn\u0113s\u0101t vai piestiprin\u0101t kvadracikla aizmugur\u0113.<\/p>","protected":false},"featured_media":21338,"template":"","meta":[],"product_cat":[106,83],"product_tag":[],"class_list":{"0":"post-21339","1":"product","2":"type-product","3":"status-publish","4":"has-post-thumbnail","6":"product_cat-augalu-tyrimo-iranga","7":"product_cat-aplinkotyra","9":"first","10":"onbackorder","11":"shipping-taxable","12":"product-type-simple"},"_links":{"self":[{"href":"https:\/\/labostera.lt\/lv\/wp-json\/wp\/v2\/product\/21339","targetHints":{"allow":["GET"]}}],"collection":[{"href":"https:\/\/labostera.lt\/lv\/wp-json\/wp\/v2\/product"}],"about":[{"href":"https:\/\/labostera.lt\/lv\/wp-json\/wp\/v2\/types\/product"}],"wp:featuredmedia":[{"embeddable":true,"href":"https:\/\/labostera.lt\/lv\/wp-json\/wp\/v2\/media\/21338"}],"wp:attachment":[{"href":"https:\/\/labostera.lt\/lv\/wp-json\/wp\/v2\/media?parent=21339"}],"wp:term":[{"taxonomy":"product_cat","embeddable":true,"href":"https:\/\/labostera.lt\/lv\/wp-json\/wp\/v2\/product_cat?post=21339"},{"taxonomy":"product_tag","embeddable":true,"href":"https:\/\/labostera.lt\/lv\/wp-json\/wp\/v2\/product_tag?post=21339"}],"curies":[{"name":"wp","href":"https:\/\/api.w.org\/{rel}","templated":true}]}}