{"id":21334,"date":"2024-06-04T16:04:20","date_gmt":"2024-06-04T13:04:20","guid":{"rendered":"http:\/\/labostera.lt\/?post_type=product&#038;p=21334"},"modified":"2024-06-13T16:35:31","modified_gmt":"2024-06-13T13:35:31","slug":"rankinis-lazerinis-lapu-ploto-matuoklis-cid-bio-science-modelis-ci-203","status":"publish","type":"product","link":"https:\/\/labostera.lt\/lv\/priemones-ir-iranga\/laboratorine-iranga\/aplinkotyra\/augalu-tyrimo-iranga\/rankinis-lazerinis-lapu-ploto-matuoklis-cid-bio-science-modelis-ci-203\/","title":{"rendered":"Rokas l\u0101zera lapu laukuma m\u0113r\u012bt\u0101js, CID Bio-Science modelis CI-203"},"content":{"rendered":"<p>Rokas l\u0101zera lapu laukuma m\u0113r\u012bt\u0101js, CID Bio-Science modelis CI-203<\/p>\n<p>Specifik\u0101cijas:<\/p>\n<p>Izm\u0113ri Maksim\u0101lais biezums 1,4 cm<br \/>\nM\u0113r\u012bjuma platums maksim\u0101li 15 cm<br \/>\nMaksim\u0101lais m\u0113r\u012bjuma garums 300 cm<br \/>\nIz\u0161\u0137irtsp\u0113ja 0,01 cm2<br \/>\nPrecizit\u0101te \u00b11 % paraugiem &gt;10 cm\u00b2<br \/>\nSaskarne USB 2.0<br \/>\nSkeneris 670 nm<br \/>\nIzm\u0113ri 35,5\u00a0cm garums x platums x augstums 4,5\u00a0cm<br \/>\nSvars 975 g<br \/>\nAtt\u0113lot transflekt\u012bvu grafiku<br \/>\nSken\u0113\u0161anas \u0101trums 200 mm\/sek<br \/>\n7,2 voltu uzl\u0101d\u0113jama NiMH baterija<br \/>\nAkumulatora ietilp\u012bba Vair\u0101k nek\u0101 250 sken\u0113jumi ar vienu uzl\u0101di<br \/>\nDarba temperat\u016bra 0\u201350 \u00b0C<br \/>\nDatu glab\u0101tuve 16 GB SD karte.<\/p>\n<p>Ra\u017eots Amerikas Savienotaj\u0101s Valst\u012bs<\/p>","protected":false},"excerpt":{"rendered":"<p>Izmantojot progres\u012bvu l\u0101zertehnolo\u0123iju, \u0161is m\u0113r\u012bt\u0101js ir prec\u012bzs un \u0113rts veids, k\u0101 izm\u0113r\u012bt lapu laukumu (vai lap\u0101m l\u012bdz\u012bgu objektu laukumu). Vienk\u0101r\u0161i pab\u012bdiet skeneri p\u0101ri loksnei, lai ieg\u016btu prec\u012bzus, nesaboj\u0101jo\u0161us m\u0113r\u012bjumus. Rokas l\u0101zera lapu laukuma m\u0113r\u012bt\u0101js m\u0113ra laukumu, garumu, platumu un perimetru, k\u0101 ar\u012b apr\u0113\u0137ina formas koeficientu un malu attiec\u012bbu. Kalibr\u0113\u0161ana nav nepiecie\u0161ama. J\u016bs varat viegli apkopot datus no viena un t\u0101 pa\u0161a auga vai vienas un t\u0101s pa\u0161as lapas vis\u0101 t\u0101 dz\u012bves laik\u0101. Pat smalkas lapas var izm\u0113r\u012bt, izmantojot caursp\u012bd\u012bgu v\u0101ci\u0146u aizsardz\u012bbai, un grumbain\u0101s lapas tiek izl\u012bdzin\u0101tas prec\u012bzam m\u0113r\u012bjumam. Atsevi\u0161\u0137ai ier\u012bcei ir augstas iz\u0161\u0137irtsp\u0113jas l\u0101zera skeneris, ieb\u016bv\u0113ts datu re\u0123istr\u0113t\u0101js un LCD displejs. USB ports \u013cauj p\u0101rs\u016bt\u012bt datus uz printeri vai datoru. Komplekt\u0101 ietilpst paletes tipa sken\u0113\u0161anas pl\u0101ksne, l\u0101zera skeneris ar ieb\u016bv\u0113tu vad\u012bbas bloku, iek\u0161\u0113jais akumulators, akumulatora l\u0101d\u0113t\u0101js, komunik\u0101cijas programmat\u016bra, viena papildu caursp\u012bd\u012bga pl\u0113ve, cieta instrumentu p\u0101rn\u0113s\u0101\u0161anas soma un lieto\u0161anas instrukcija.<\/p>\n<div id=\"gtx-trans\" style=\"position: absolute; left: 303px; top: 15px;\">\n<div class=\"gtx-trans-icon\"><\/div>\n<\/div>","protected":false},"featured_media":21335,"template":"","meta":[],"product_cat":[106,83],"product_tag":[],"class_list":{"0":"post-21334","1":"product","2":"type-product","3":"status-publish","4":"has-post-thumbnail","6":"product_cat-augalu-tyrimo-iranga","7":"product_cat-aplinkotyra","9":"first","10":"onbackorder","11":"shipping-taxable","12":"product-type-simple"},"_links":{"self":[{"href":"https:\/\/labostera.lt\/lv\/wp-json\/wp\/v2\/product\/21334","targetHints":{"allow":["GET"]}}],"collection":[{"href":"https:\/\/labostera.lt\/lv\/wp-json\/wp\/v2\/product"}],"about":[{"href":"https:\/\/labostera.lt\/lv\/wp-json\/wp\/v2\/types\/product"}],"wp:featuredmedia":[{"embeddable":true,"href":"https:\/\/labostera.lt\/lv\/wp-json\/wp\/v2\/media\/21335"}],"wp:attachment":[{"href":"https:\/\/labostera.lt\/lv\/wp-json\/wp\/v2\/media?parent=21334"}],"wp:term":[{"taxonomy":"product_cat","embeddable":true,"href":"https:\/\/labostera.lt\/lv\/wp-json\/wp\/v2\/product_cat?post=21334"},{"taxonomy":"product_tag","embeddable":true,"href":"https:\/\/labostera.lt\/lv\/wp-json\/wp\/v2\/product_tag?post=21334"}],"curies":[{"name":"wp","href":"https:\/\/api.w.org\/{rel}","templated":true}]}}