{"id":21318,"date":"2024-05-30T16:40:24","date_gmt":"2024-05-30T13:40:24","guid":{"rendered":"http:\/\/labostera.lt\/?post_type=product&#038;p=21318"},"modified":"2024-06-13T16:35:32","modified_gmt":"2024-06-13T13:35:32","slug":"miniatiurinis-lapu-spektrofotometras-cid-bio-science-spectravue","status":"publish","type":"product","link":"https:\/\/labostera.lt\/lv\/priemones-ir-iranga\/laboratorine-iranga\/aplinkotyra\/augalu-tyrimo-iranga\/miniatiurinis-lapu-spektrofotometras-cid-bio-science-spectravue\/","title":{"rendered":"Miniat\u016bru lapu spektrofotometrs CID Bio-Science SpectraVue"},"content":{"rendered":"<h3>Miniat\u016bru lapu spektrofotometrs CID Bio-Science SpectraVue<\/h3>\n<p>Spektrometrs ir \u013coti p\u0101rn\u0113s\u0101jams un piem\u0113rots lieto\u0161anai \u0101ra apst\u0101k\u013cos, \u0161is lapu spektrometrs m\u0113ra gaismas absorbciju, caurlaid\u012bbu un atstaro\u0161anos vien\u0101 sken\u0113\u0161an\u0101. Sist\u0113ma sast\u0101v no spektrometra ar lapu zondes stiprin\u0101jumu, ieb\u016bv\u0113tas oper\u0113t\u0101jsist\u0113mas programmat\u016bras un displeja. Ier\u012bces iek\u0161pus\u0113 ir uzst\u0101d\u012bti divi platjoslas gaismas avoti: viens lapu klips\u012b caurlaid\u012bbas m\u0113r\u012bjumiem, otrs iek\u0161pus\u0113 atstaro\u0161anas m\u0113r\u012bjumiem. Spektrometra modulis sav\u0101c gaismu no lapu zondes stiprin\u0101juma un projic\u0113 izklied\u0113to vi\u013c\u0146u garumu gaismu uz CCD matricas. P\u0113c tam sist\u0113mas oper\u0113t\u0101jsist\u0113mas programmat\u016bra par\u0101da katra pikse\u013ca gaismas intensit\u0101ti CCD matric\u0101. Tas ir v\u0113rt\u012bgs instruments agronomiem, augu fiziologiem, ekologiem un pedagogiem, kas \u013cauj vi\u0146iem izm\u0113r\u012bt vides faktoru ietekmi uz bar\u012bbas vielu un pigmentu l\u012bmeni. SpectraVue var izmantot \u0137\u012bmisko koncentr\u0101ciju kvantitat\u012bvai noteik\u0161anai, kr\u0101su anal\u012bzei un foto\u0137\u012bmisko reakciju p\u0113t\u012bjumiem. Neapstr\u0101d\u0101tu spektru var izmantot \u0137emometrisk\u0101s metod\u0113s, piem\u0113ram, PLS model\u0113\u0161an\u0101. Spektrometrs ar spektra diapazonu no 360 l\u012bdz 1100 nm nodro\u0161ina uzlabotu anal\u012btisko spektru, savuk\u0101rt piln\u012bb\u0101 integr\u0113t\u0101 spektr\u0101l\u0101s anal\u012bzes programmat\u016bra un vair\u0101k nek\u0101 40 ieb\u016bv\u0113tie indeksi \u013cauj ieg\u016bt re\u0101llaika ieskatu datos. Viegli izsekojiet m\u0113r\u012bjumu atra\u0161an\u0101s vietas, izmantojot integr\u0113tu GPS mar\u0137\u0113\u0161anu, lai laika gait\u0101 apkopotu izsekojamus datus. Pilnkr\u0101su 7 collu IPS sk\u0101rienekr\u0101ns nodro\u0161ina \u0113rtu vad\u012bbu un datu anal\u012bzi tie\u0161i ier\u012bc\u0113.<\/p>\n<div id=\"gtx-trans\" style=\"position: absolute; left: -132px; top: 97px;\">\n<div class=\"gtx-trans-icon\"><\/div>\n<\/div>","protected":false},"excerpt":{"rendered":"<p>CID Bio-Science SpectraVue miniat\u016bru lapu spektrofotometrs, modelis 710, ir p\u0101rn\u0113s\u0101jama ier\u012bce, kas paredz\u0113ta gaismas absorbcijas, caurlaid\u012bbas un atstaro\u0161anas m\u0113r\u012b\u0161anai vien\u0101 sken\u0113\u0161anas reiz\u0113. Ide\u0101li piem\u0113rots agronomiem, augu fiziologiem, ekologiem un pedagogiem.<\/p>\n<div id=\"gtx-trans\" style=\"position: absolute; left: -81px; top: -9px;\">\n<div class=\"gtx-trans-icon\"><\/div>\n<\/div>","protected":false},"featured_media":21319,"template":"","meta":[],"product_cat":[106,83],"product_tag":[],"class_list":{"0":"post-21318","1":"product","2":"type-product","3":"status-publish","4":"has-post-thumbnail","6":"product_cat-augalu-tyrimo-iranga","7":"product_cat-aplinkotyra","9":"first","10":"onbackorder","11":"shipping-taxable","12":"product-type-simple"},"_links":{"self":[{"href":"https:\/\/labostera.lt\/lv\/wp-json\/wp\/v2\/product\/21318","targetHints":{"allow":["GET"]}}],"collection":[{"href":"https:\/\/labostera.lt\/lv\/wp-json\/wp\/v2\/product"}],"about":[{"href":"https:\/\/labostera.lt\/lv\/wp-json\/wp\/v2\/types\/product"}],"wp:featuredmedia":[{"embeddable":true,"href":"https:\/\/labostera.lt\/lv\/wp-json\/wp\/v2\/media\/21319"}],"wp:attachment":[{"href":"https:\/\/labostera.lt\/lv\/wp-json\/wp\/v2\/media?parent=21318"}],"wp:term":[{"taxonomy":"product_cat","embeddable":true,"href":"https:\/\/labostera.lt\/lv\/wp-json\/wp\/v2\/product_cat?post=21318"},{"taxonomy":"product_tag","embeddable":true,"href":"https:\/\/labostera.lt\/lv\/wp-json\/wp\/v2\/product_tag?post=21318"}],"curies":[{"name":"wp","href":"https:\/\/api.w.org\/{rel}","templated":true}]}}