{"id":21315,"date":"2024-05-30T16:20:11","date_gmt":"2024-05-30T13:20:11","guid":{"rendered":"http:\/\/labostera.lt\/?post_type=product&#038;p=21315"},"modified":"2024-06-13T16:35:33","modified_gmt":"2024-06-13T13:35:33","slug":"ci-602-saknu-vaizdu-analizavimo-sistema","status":"publish","type":"product","link":"https:\/\/labostera.lt\/lv\/priemones-ir-iranga\/laboratorine-iranga\/aplinkotyra\/augalu-tyrimo-iranga\/ci-602-saknu-vaizdu-analizavimo-sistema\/","title":{"rendered":"CI-602 sak\u0146u att\u0113lu anal\u012bzes sist\u0113ma"},"content":{"rendered":"<h3>CI-602 sak\u0146u att\u0113lu anal\u012bzes sist\u0113ma<\/h3>\n<p>CI-602 sak\u0146u att\u0113lu anal\u012bzes sist\u0113ma ir p\u0101rn\u0113s\u0101jama minirizotrona sist\u0113ma, kas ir sader\u012bga ar 2 collu diametra caurul\u0113m. \u0160\u012b sist\u0113ma \u013cauj uz\u0146emt augstas iz\u0161\u0137irtsp\u0113jas digit\u0101los att\u0113lus ar dz\u012bv\u0101m sakn\u0113m augsn\u0113 vair\u0101ku aug\u0161anas sezonu laik\u0101. Paredz\u0113ts lieto\u0161anai ar 2 collu caurul\u0113m, lietot\u0101ji var str\u0101d\u0101t gan ar jaun\u0101m, gan eso\u0161\u0101m cauru\u013cu instal\u0101cij\u0101m.<\/p>\n<p><strong>Produkta \u012bpa\u0161\u012bbas:<\/strong><\/p>\n<ul>\n<li>Sader\u012bgs ar caursp\u012bd\u012bgiem sak\u0146u kan\u0101liem ar iek\u0161\u0113jo diametru 2 collas (ieskaitot Barca caurules).<\/li>\n<li>Komplekt\u0101 ietilpst se\u0161as iztur\u012bgas, caursp\u012bd\u012bgas sak\u0146u caurul\u012btes, kas pieejamas 105 cm vai 182 cm garum\u0101.<\/li>\n<li>Caurules ir izgatavotas no ekstrud\u0113ta akrila, un t\u0101m ir speci\u0101li izgatavots \u016bdensnecaurlaid\u012bgs apak\u0161\u0113jais aizb\u0101znis un izol\u0113ts aug\u0161\u0113jais v\u0101ci\u0146\u0161, lai nov\u0113rstu mitruma uzkr\u0101\u0161anos caurul\u0113.<\/li>\n<li>Iztur\u012bgs un gatavs lieto\u0161anai \u0101rpus telp\u0101m.<\/li>\n<li>Viegli un \u0113rti transport\u0113t uz jebkuru vietu.<\/li>\n<li>Piem\u0113rots lieto\u0161anai sak\u0146u kan\u0101lu zon\u0101s ar da\u017e\u0101da veida \u0101rst\u0113\u0161anu vai st\u0101vok\u013ciem.<\/li>\n<li>Vad\u0101ms un darbin\u0101ms ar komplekt\u0101 iek\u013cauto plan\u0161etdatoru, kur\u0101 ir instal\u0113ta RootSnap anal\u012bzes programmat\u016bra.<\/li>\n<li>Izmantojot RootSnap, parametri tiek \u0101tri apr\u0113\u0137in\u0101ti no att\u0113liem, ieskaitot kop\u0113jo un atsevi\u0161\u0137u sak\u0146u garumu.<\/li>\n<\/ul>","protected":false},"excerpt":{"rendered":"<p>CI-602 sak\u0146u att\u0113lu anal\u012bzes sist\u0113ma ir p\u0101rn\u0113s\u0101jama minirizotrona sist\u0113ma, kas ir sader\u012bga ar 2 collu diametra caurul\u0113m un \u013cauj uz\u0146emt augstas iz\u0161\u0137irtsp\u0113jas digit\u0101los att\u0113lus ar dz\u012bv\u0101m sakn\u0113m augsn\u0113 vair\u0101ku aug\u0161anas sezonu laik\u0101.<\/p>","protected":false},"featured_media":21316,"template":"","meta":[],"product_cat":[106,83],"product_tag":[],"class_list":{"0":"post-21315","1":"product","2":"type-product","3":"status-publish","4":"has-post-thumbnail","6":"product_cat-augalu-tyrimo-iranga","7":"product_cat-aplinkotyra","9":"first","10":"onbackorder","11":"shipping-taxable","12":"product-type-simple"},"_links":{"self":[{"href":"https:\/\/labostera.lt\/lv\/wp-json\/wp\/v2\/product\/21315","targetHints":{"allow":["GET"]}}],"collection":[{"href":"https:\/\/labostera.lt\/lv\/wp-json\/wp\/v2\/product"}],"about":[{"href":"https:\/\/labostera.lt\/lv\/wp-json\/wp\/v2\/types\/product"}],"wp:featuredmedia":[{"embeddable":true,"href":"https:\/\/labostera.lt\/lv\/wp-json\/wp\/v2\/media\/21316"}],"wp:attachment":[{"href":"https:\/\/labostera.lt\/lv\/wp-json\/wp\/v2\/media?parent=21315"}],"wp:term":[{"taxonomy":"product_cat","embeddable":true,"href":"https:\/\/labostera.lt\/lv\/wp-json\/wp\/v2\/product_cat?post=21315"},{"taxonomy":"product_tag","embeddable":true,"href":"https:\/\/labostera.lt\/lv\/wp-json\/wp\/v2\/product_tag?post=21315"}],"curies":[{"name":"wp","href":"https:\/\/api.w.org\/{rel}","templated":true}]}}