{"id":21312,"date":"2024-05-30T16:09:15","date_gmt":"2024-05-30T13:09:15","guid":{"rendered":"http:\/\/labostera.lt\/?post_type=product&#038;p=21312"},"modified":"2024-06-13T16:35:33","modified_gmt":"2024-06-13T13:35:33","slug":"windias-lapu-vaizdo-analizes-sistema","status":"publish","type":"product","link":"https:\/\/labostera.lt\/lv\/priemones-ir-iranga\/laboratorine-iranga\/aplinkotyra\/augalu-tyrimo-iranga\/windias-lapu-vaizdo-analizes-sistema\/","title":{"rendered":"WinDIAS lapu att\u0113lu anal\u012bzes sist\u0113ma"},"content":{"rendered":"<p>WinDIAS lapu att\u0113lu anal\u012bzes sist\u0113ma<\/p>\n<p>Jaun\u0101k\u0101 WinDIAS 3 lapu att\u0113lu anal\u012bzes sist\u0113mas versija nodro\u0161ina \u0101tru un prec\u012bzu lapu laukuma un citu lapu raksturlielumu m\u0113r\u012bjumu, padarot to ide\u0101li piem\u0113rotu augu patolo\u0123ijas un fenotipa p\u0113t\u012bjumiem. WinDIAS anal\u012bzes funkcijas ir ide\u0101li piem\u0113rotas lietojumiem, kuros svar\u012bga ir prec\u012bza kr\u0101su atdal\u012b\u0161ana.<\/p>\n<p><strong>WinDIAS funkcijas:<\/strong><\/p>\n<ul>\n<li><strong>\u0100tra lapu laukuma m\u0113r\u012b\u0161ana:<\/strong> Sist\u0113ma var izm\u0113r\u012bt lapu laukumu, perimetru, garumu, platumu, objektu skaitu un citus parametrus.<\/li>\n<li><strong>Slim\u012bbas un boj\u0101to lapu plat\u012bbas m\u0113r\u012b\u0161ana:<\/strong> Izm\u0113ra vesel\u012bgu, slimu un kait\u0113k\u013cu boj\u0101tu lapu plat\u012bbu.<\/li>\n<li><strong>Kr\u0101sas izv\u0113le, noklik\u0161\u0137inot uz:<\/strong> Izmantojot peli, prim\u0101rie un sekund\u0101rie sliek\u0161\u0146i parasti tiek iestat\u012bti uz atsevi\u0161\u0137\u0101m kr\u0101su zon\u0101m.<\/li>\n<li><strong>Konveijera opcija:<\/strong> \u0100trgaitas lok\u0161\u0146u apstr\u0101dei l\u012bdz 800 loksn\u0113m stund\u0101.<\/li>\n<\/ul>\n<p><strong>Jaun\u0101kie uzlabojumi:<\/strong><\/p>\n<ul>\n<li>Zem\u0101kas konveijera lentes sist\u0113mu cenas<\/li>\n<li>Regul\u0113jams LED apgaismojums<\/li>\n<li>Uzlabota s\u0113klu skait\u012b\u0161anas iesp\u0113ja<\/li>\n<li>Uzlabots intere\u0161u apgabala z\u012bm\u0113\u0161anas r\u012bks<\/li>\n<\/ul>\n<p><strong>WinDIAS sist\u0113mas versijas:<\/strong><\/p>\n<ol>\n<li><strong>Galven\u0101 sist\u0113ma:<\/strong> Ar A4 skeneri.<\/li>\n<li><strong>Standarta sist\u0113ma:<\/strong> Ar videokameru.<\/li>\n<li><strong>\u0100tr\u0101 sist\u0113ma:<\/strong> Ietver konveijera lenti, kas \u013cauj apstr\u0101d\u0101t l\u012bdz 800 loksn\u0113m stund\u0101.<\/li>\n<\/ol>\n<p><strong>M\u0113r\u012b\u0161ana un redi\u0123\u0113\u0161ana:<\/strong> WinDIAS analiz\u0113 robe\u017ere\u0123ionus, lai izm\u0113r\u012btu laukumu, perimetru, garumu, platumu, apa\u013cumu, pagarin\u0101jumu un formas koeficientu. Kalibr\u0113\u0161ana tiek veikta, izmantojot line\u0101lu. Att\u0113lus var redi\u0123\u0113t ekr\u0101n\u0101, \u013caujot lietot\u0101jam labot robe\u017eas, atdal\u012bt p\u0101rkl\u0101jo\u0161os objektus, no\u0146emt nev\u0113lamu &quot;troksni&quot; un caurumus, pievienot vai dz\u0113st l\u012bnijas vai taisnst\u016brus un aizpild\u012bt ierobe\u017eotas zonas ar jebkuru kr\u0101su.<\/p>\n<p><strong>Objektu skait\u012b\u0161ana:<\/strong> WinDIAS \u0101tri saskaita s\u0113klas, skujas vai citus mazus objektus (pat ja tie saskaras). Kr\u0101su sliek\u0161\u0146a noteik\u0161ana \u013cauj viegli at\u0161\u0137irt da\u017e\u0101da veida objektus vai slim\u012bbas plankumus. Putek\u013cus un gru\u017eus var no\u0146emt, iestatot minim\u0101lo objekta laukumu.<\/p>\n<p><strong>Datu un att\u0113lu apmai\u0146a:<\/strong> WinDIAS import\u0113 att\u0113lus bmp, jpg un tif form\u0101tos, un rezult\u0101tus var saglab\u0101t k\u0101 txt failus, lai tos var\u0113tu viegli import\u0113t programm\u0101 Excel. Visus WinDIAS rezult\u0101tus un att\u0113lus ir viegli apmain\u012bt ar cit\u0101m Windows lietojumprogramm\u0101m.<\/p>\n<p><strong>\u0100tra att\u0113lu failu partijveida apstr\u0101de:<\/strong> WinDIAS var autom\u0101tiski analiz\u0113t lielu skaitu lapu att\u0113lu, darbojoties k\u0101 virtu\u0101ls konveijers. \u0160\u012b funkcija iev\u0113rojami ietaupa laiku, apstr\u0101d\u0101jot att\u0113lus, kas ieg\u016bti dab\u0101, vai ar\u012b tos nos\u016btot apstr\u0101dei no att\u0101l\u0101m p\u0113tniec\u012bbas laboratorij\u0101m. Apstr\u0101dei piem\u0113roti ir att\u0113li bmp, jpg vai tif form\u0101t\u0101.<\/p>\n<p>Pake\u0161apstr\u0101des re\u017e\u012bmu ir viegli lietot \u2014 vienk\u0101r\u0161i atlasiet mapi ar m\u0113r\u0137a att\u0113liem. WinDIAS autom\u0101tiski iel\u0101d\u0113s katru att\u0113lu, to izm\u0113r\u012bs un saglab\u0101s rezult\u0101tus taj\u0101 pa\u0161\u0101 map\u0113.<\/p>\n<div id=\"gtx-trans\" style=\"position: absolute; left: -40px; top: 47px;\">\n<div class=\"gtx-trans-icon\"><\/div>\n<\/div>","protected":false},"excerpt":{"rendered":"<p>WinDIAS 3 lapu att\u0113lu anal\u012bzes sist\u0113ma nodro\u0161ina \u0101tru un prec\u012bzu lapu laukuma m\u0113r\u012bjumu, kas ir ide\u0101li piem\u0113rota augu patolo\u0123ijai un fenotipiz\u0113\u0161anai.<\/p>","protected":false},"featured_media":21313,"template":"","meta":[],"product_cat":[83,106],"product_tag":[],"class_list":{"0":"post-21312","1":"product","2":"type-product","3":"status-publish","4":"has-post-thumbnail","6":"product_cat-aplinkotyra","7":"product_cat-augalu-tyrimo-iranga","9":"first","10":"onbackorder","11":"shipping-taxable","12":"product-type-simple"},"_links":{"self":[{"href":"https:\/\/labostera.lt\/lv\/wp-json\/wp\/v2\/product\/21312","targetHints":{"allow":["GET"]}}],"collection":[{"href":"https:\/\/labostera.lt\/lv\/wp-json\/wp\/v2\/product"}],"about":[{"href":"https:\/\/labostera.lt\/lv\/wp-json\/wp\/v2\/types\/product"}],"wp:featuredmedia":[{"embeddable":true,"href":"https:\/\/labostera.lt\/lv\/wp-json\/wp\/v2\/media\/21313"}],"wp:attachment":[{"href":"https:\/\/labostera.lt\/lv\/wp-json\/wp\/v2\/media?parent=21312"}],"wp:term":[{"taxonomy":"product_cat","embeddable":true,"href":"https:\/\/labostera.lt\/lv\/wp-json\/wp\/v2\/product_cat?post=21312"},{"taxonomy":"product_tag","embeddable":true,"href":"https:\/\/labostera.lt\/lv\/wp-json\/wp\/v2\/product_tag?post=21312"}],"curies":[{"name":"wp","href":"https:\/\/api.w.org\/{rel}","templated":true}]}}