{"id":21309,"date":"2024-05-30T15:56:08","date_gmt":"2024-05-30T12:56:08","guid":{"rendered":"http:\/\/labostera.lt\/?post_type=product&#038;p=21309"},"modified":"2024-06-13T16:35:34","modified_gmt":"2024-06-13T13:35:34","slug":"portatyvinis-lajos-lapu-indekso-matavimo-prietaisas-sunscan","status":"publish","type":"product","link":"https:\/\/labostera.lt\/lv\/priemones-ir-iranga\/laboratorine-iranga\/aplinkotyra\/portatyvinis-lajos-lapu-indekso-matavimo-prietaisas-sunscan\/","title":{"rendered":"P\u0101rn\u0113s\u0101jama vainaga lapu indeksa m\u0113r\u012b\u0161anas ier\u012bce SunScan"},"content":{"rendered":"<p>P\u0101rn\u0113s\u0101jama SunScan lapotnes lapu indeksa m\u0113r\u012b\u0161anas ier\u012bce. SunScan augu vainagu analizatora sist\u0113ma izmanto lauka m\u0113r\u012bjumus, lai noteiktu fotosint\u0113tiski akt\u012bv\u0101 starojuma (PAR) daudzumu kult\u016braugu vainagos. Tas sniedz v\u0113rt\u012bgu inform\u0101ciju par lapu laukuma indeksu (LAI) un biomasas ra\u017eo\u0161anu.<\/p>\n<p>SunScan augu vainagu analizators ir optimiz\u0113ts PAR m\u0113r\u012b\u0161anai zem\u0101s, regul\u0101r\u0101s vainagos, piem\u0113ram, liel\u0101kaj\u0101 da\u013c\u0101 lauksaimniec\u012bbas kult\u016bru. 1 m gar\u0101 zonde \u013cauj \u0101tri apr\u0113\u0137in\u0101t telpisko vid\u0113jo v\u0113rt\u012bbu un veikt PAR kart\u0113\u0161anu liel\u0101s plat\u012bb\u0101s nevienm\u0113r\u012bgi augo\u0161\u0101s kult\u016br\u0101s, piem\u0113ram, v\u012bna d\u0101rzos un aug\u013cu d\u0101rzos. Izmantojot unik\u0101lo BF5 saules gaismas sensoru, SunScan augu vainagu analizatoru var izmantot liel\u0101kaj\u0101 da\u013c\u0101 laikapst\u0101k\u013cu.<\/p>\n<p>Tr\u012bs konfigur\u0101cijas: <strong>SS1-COM Piln\u012bga sist\u0113ma<\/strong> Pilns SunScan komplekts, ieskaitot SunScan zondi, SunData programmat\u016bru, PDA, BF5 saules gaismas sensoru, stat\u012bvu un p\u0101rn\u0113s\u0101\u0161anas somu. Piln\u012bga sist\u0113ma nodro\u0161ina jaud\u012bgu vainaga anal\u012bzes r\u012bku. Tas var uzreiz apr\u0113\u0137in\u0101t LAI, izm\u0113r\u012bt PAR absorbciju, izmantojot punktveida r\u0101d\u012bjumus vai bez uzraudz\u012bbas re\u0123istr\u0113\u0161anu, un izm\u0113r\u012bt saules starojumu.<\/p>\n<p><strong>SS1-COM-R4 Piln\u012bga sist\u0113ma ar radio sakariem<\/strong> Ietver radio sakarus starp modific\u0113tu SunScan zondi un BF5 saules gaismas sensoru. Radio saites diapazons ir no 100 m l\u012bdz 200 m, un t\u0101 aizst\u0101j kabeli starp SunScan zondi un BF5 \u2014 \u012bpa\u0161i noder\u012bgi augst\u0101kos lapotn\u0113s vai gad\u012bjumos, kad nepiecie\u0161ami m\u0113r\u012bjumi pla\u0161os att\u0101lumos.<\/p>\n<p><strong>SS1-STD3 standarta sist\u0113ma<\/strong> Standarta sist\u0113m\u0101 ietilpst SunScan zonde, SunData programmat\u016bra un PDA. Standarta sist\u0113ma var veikt pilnu SunScan m\u0113r\u012bjumu kl\u0101stu, tostarp LAI. Zondei j\u0101darbojas k\u0101 atskaites punktam vainaga aug\u0161pus\u0113, t\u0101p\u0113c ir nepiecie\u0161ami stabili apgaismojuma apst\u0101k\u013ci.<\/p>\n<p>Lieto\u0161anas \u0113rtums: SunScan augu lapotuma analizatora zonde sast\u0101v no 64 PAR sensoriem, kas integr\u0113ti 1 m gar\u0101 zond\u0113. Katru reizi, kad tiek veikts m\u0113r\u012bjums, visi sensori tiek sken\u0113ti, un m\u0113r\u012bjumi tiek nos\u016bt\u012bti uz rokas PDA, tipa RPDA3, izmantojot RS232 saskarni. Tiek nolas\u012bts vid\u0113jais PAR l\u012bmenis no zondes, bet visus 64 individu\u0101los r\u0101d\u012bjumus var saglab\u0101t detaliz\u0113t\u0101kai PAR kart\u0113\u0161anai vai l\u012bniju transektiem. Autom\u0101tisko re\u0123istr\u0113\u0161anu var izv\u0113l\u0113ties, lai ieg\u016btu r\u0101d\u012bjumus noteikt\u0101 viet\u0101 noteikt\u0101 laika period\u0101. Savienojot zondi ar datu re\u0123istr\u0113t\u0101ju, t\u0101 var darboties k\u0101 line\u0101rs kvantu sensors.<\/p>\n<p>Iztur\u012bgs PDA: RPDA3 ir \u012bpa\u0161i iztur\u012bgs rokas PDA, kas apkopo un analiz\u0113 SunScan zondes r\u0101d\u012bjumus. Neapstr\u0101d\u0101tus r\u0101d\u012bjumus un atvasin\u0101t\u0101s funkcijas, piem\u0113ram, LAI, var att\u0113lot, p\u0101rskat\u012bt un saglab\u0101t lauk\u0101, izmantojot SunData programmat\u016bru; Ja nepiecie\u0161ams, r\u0101d\u012bjumu grup\u0101m var apr\u0113\u0137in\u0101t vid\u0113jo v\u0113rt\u012bbu. R\u0101d\u012bjumi tiek glab\u0101ti iek\u0161\u0113j\u0101 atmi\u0146\u0101, kur\u0101 ir vair\u0101k nek\u0101 1 miljons r\u0101d\u012bjumu, vai pla\u0161i izmantotaj\u0101s micro SD kart\u0113s, kas nodro\u0161ina no\u0146emamu datu glab\u0101\u0161anu. Apkopotos datus var viegli p\u0101rs\u016bt\u012bt uz datoru.<\/p>\n<p>Unik\u0101ls aug\u0161\u0113j\u0101 nojumes atskaites sensors: SunScan unik\u0101la iez\u012bme ir p\u0113c izv\u0113les integr\u0113tais atskaites sensors, kas vienlaikus m\u0113ra tie\u0161o un izklied\u0113to gaismu virs nojumes. BF5 saules gaismas sensors \u0101tri un \u0113rti veic \u0161os aug\u0161\u0113j\u0101s vainaga atskaites m\u0113r\u012bjumus. BF5 izmanto fotodio\u017eu mas\u012bvus un unik\u0101lu \u0113nojuma sh\u0113mu, lai apr\u0113\u0137in\u0101tu, vai sp\u012bd saule, un izm\u0113r\u012btu saules gaismas tie\u0161\u0101s un izklied\u0113t\u0101s komponentes. Tas piln\u012bb\u0101 nov\u0113r\u0161 nepiecie\u0161am\u012bbu p\u0113c sare\u017e\u0123\u012bt\u0101m \u0113nojuma gredzenu regul\u0113\u0161anas, kas nepiecie\u0161amas ar tradicion\u0101lajiem izklied\u0113t\u0101s gaismas sensoriem.<\/p>","protected":false},"excerpt":{"rendered":"<p>SunScan augu vainagu analizators m\u0113ra fotosint\u0113tiski akt\u012bvo starojumu (PAR) un lapu laukuma indeksu (LAI), kas ir ide\u0101li piem\u0113rots fenotip\u0113\u0161anas p\u0113t\u012bjumiem.<\/p>","protected":false},"featured_media":21310,"template":"","meta":[],"product_cat":[83,106],"product_tag":[],"class_list":{"0":"post-21309","1":"product","2":"type-product","3":"status-publish","4":"has-post-thumbnail","6":"product_cat-aplinkotyra","7":"product_cat-augalu-tyrimo-iranga","9":"first","10":"onbackorder","11":"shipping-taxable","12":"product-type-simple"},"_links":{"self":[{"href":"https:\/\/labostera.lt\/lv\/wp-json\/wp\/v2\/product\/21309","targetHints":{"allow":["GET"]}}],"collection":[{"href":"https:\/\/labostera.lt\/lv\/wp-json\/wp\/v2\/product"}],"about":[{"href":"https:\/\/labostera.lt\/lv\/wp-json\/wp\/v2\/types\/product"}],"wp:featuredmedia":[{"embeddable":true,"href":"https:\/\/labostera.lt\/lv\/wp-json\/wp\/v2\/media\/21310"}],"wp:attachment":[{"href":"https:\/\/labostera.lt\/lv\/wp-json\/wp\/v2\/media?parent=21309"}],"wp:term":[{"taxonomy":"product_cat","embeddable":true,"href":"https:\/\/labostera.lt\/lv\/wp-json\/wp\/v2\/product_cat?post=21309"},{"taxonomy":"product_tag","embeddable":true,"href":"https:\/\/labostera.lt\/lv\/wp-json\/wp\/v2\/product_tag?post=21309"}],"curies":[{"name":"wp","href":"https:\/\/api.w.org\/{rel}","templated":true}]}}