{"id":21305,"date":"2024-05-30T15:34:10","date_gmt":"2024-05-30T12:34:10","guid":{"rendered":"http:\/\/labostera.lt\/?post_type=product&#038;p=21305"},"modified":"2024-06-13T16:35:35","modified_gmt":"2024-06-13T13:35:35","slug":"automatinis-isgarinimo-is-lapu-matuoklis-porometras-ap4","status":"publish","type":"product","link":"https:\/\/labostera.lt\/lv\/priemones-ir-iranga\/laboratorine-iranga\/aplinkotyra\/automatinis-isgarinimo-is-lapu-matuoklis-porometras-ap4\/","title":{"rendered":"Autom\u0101tisks lapu iztvaiko\u0161anas m\u0113r\u012bt\u0101js (porometrs) AP4"},"content":{"rendered":"<p>AP4 autom\u0101tiskais lapotnes iztvaiko\u0161anas m\u0113r\u012bt\u0101js (porometrs) tie\u0161i m\u0113ra atv\u0101rsn\u012btes vad\u012btsp\u0113ju vai atv\u0101rsn\u012btes pretest\u012bbu. Vienk\u0101r\u0161a absol\u016bt\u0101 lauka kalibr\u0113\u0161ana samazina lapu stresu m\u0113r\u012b\u0161anas laik\u0101. AP4 ir ide\u0101li piem\u0113rots fenotipa noteik\u0161anas p\u0113t\u012bjumiem, tam ir godalgots lietot\u0101ja interfeiss un 5 gadu garantija.<\/p>\n<p>Atv\u0101rsn\u012b\u0161u atv\u0113rums ir galvenais lapu virsmas dif\u016bz\u0101s vad\u012btsp\u0113jas noteico\u0161ais faktors, kas kontrol\u0113 \u016bdens zudumu no augu lap\u0101m un CO2 uz\u0146em\u0161anu fotosint\u0113zes vajadz\u012bb\u0101m. T\u0101p\u0113c dif\u016bz\u0101s vad\u012btsp\u0113jas m\u0113r\u012bjumi ir svar\u012bgi augu \u016bdens st\u0101vok\u013ca r\u0101d\u012bt\u0101ji un sniedz v\u0113rt\u012bgu ieskatu augu aug\u0161an\u0101 un adapt\u0101cij\u0101 vides izmai\u0146\u0101m.<\/p>\n<p>AP4 lapu porometra funkcijas AP4 lapu porometrs m\u0113ra dif\u016bzijas vad\u012btsp\u0113ju, sal\u012bdzinot prec\u012bzu mitrin\u0101\u0161anas \u0101trumu neliel\u0101 kamer\u0101 ar kalibr\u0113\u0161anas pl\u0101ksnes r\u0101d\u012bjumiem. Pl\u0101ksnei ir 6 dif\u016bzijas vad\u012btsp\u0113jas iestat\u012bjumi, kuru v\u0113rt\u012bbas ir prec\u012bzi noteiktas, izmantojot gal\u012bgo elementu anal\u012bzi.<\/p>\n<p>Citu porometru un g\u0101zes anal\u012bzes sist\u0113mu nor\u0101d\u012btie precizit\u0101tes r\u0101d\u012bt\u0101ji ir balst\u012bti uz ilgsto\u0161u laboratorijas uzst\u0101d\u012b\u0161anu un kalibr\u0113\u0161anu, kas maz l\u012bdzin\u0101s lauka apst\u0101k\u013ciem. Turpret\u012b AP4 lapu porometram ir vienk\u0101r\u0161a tie\u0161a lauka kalibr\u0113\u0161ana, izmantojot verific\u0113tu fizik\u0101lu standartu.<\/p>\n<p>AP4 lapu porometram ir vair\u0101kas citas funkcijas, kas paredz\u0113tas, lai nodro\u0161in\u0101tu prec\u012bzu un atk\u0101rtojamu m\u0113r\u012bjumu veik\u0161anu p\u0113c iesp\u0113jas vienk\u0101r\u0161\u0101k:<\/p>\n<ul>\n<li>Izsmalcin\u0101ta temperat\u016bras kompens\u0101cija<\/li>\n<li>Nesajaukta lapu kamera samazina nev\u0113lamu atv\u0101rsn\u012b\u0161u aizv\u0113r\u0161anos<\/li>\n<li>Viegla ergonomiska sensora galva<\/li>\n<li>Liels, skaidrs LCD displejs (8 rindas pa 40 rakstz\u012bm\u0113m)<\/li>\n<li>Pilna QWERTY tastat\u016bra l\u012bdz pat 1500 m\u0113r\u012bjumu anot\u0113\u0161anai<\/li>\n<li>Stabils un uzticams r\u012bks fenotipu veido\u0161anas projektiem<\/li>\n<li>Vis\u0101 pasaul\u0113 tiek izmantoti vair\u0101k nek\u0101 2000 Delta-T porometru.<\/li>\n<\/ul>\n<div id=\"gtx-trans\" style=\"position: absolute; left: -69px; top: 145px;\">\n<div class=\"gtx-trans-icon\"><\/div>\n<\/div>","protected":false},"excerpt":{"rendered":"<p>AP4 autom\u0101tiskais lapu evapotranspir\u0101cijas m\u0113r\u012bt\u0101js (porometrs) tie\u0161i m\u0113ra atv\u0101rsn\u012b\u0161u vad\u012btsp\u0113ju vai pretest\u012bbu ar vienk\u0101r\u0161u lauka kalibr\u0113\u0161anu, kas ir ide\u0101li piem\u0113rots fenotip\u0113\u0161anas p\u0113t\u012bjumiem.<\/p>\n<div id=\"gtx-trans\" style=\"position: absolute; left: 414px; top: 37px;\">\n<div class=\"gtx-trans-icon\"><\/div>\n<\/div>","protected":false},"featured_media":21306,"template":"","meta":[],"product_cat":[83,106],"product_tag":[],"class_list":{"0":"post-21305","1":"product","2":"type-product","3":"status-publish","4":"has-post-thumbnail","6":"product_cat-aplinkotyra","7":"product_cat-augalu-tyrimo-iranga","9":"first","10":"onbackorder","11":"shipping-taxable","12":"product-type-simple"},"_links":{"self":[{"href":"https:\/\/labostera.lt\/lv\/wp-json\/wp\/v2\/product\/21305","targetHints":{"allow":["GET"]}}],"collection":[{"href":"https:\/\/labostera.lt\/lv\/wp-json\/wp\/v2\/product"}],"about":[{"href":"https:\/\/labostera.lt\/lv\/wp-json\/wp\/v2\/types\/product"}],"wp:featuredmedia":[{"embeddable":true,"href":"https:\/\/labostera.lt\/lv\/wp-json\/wp\/v2\/media\/21306"}],"wp:attachment":[{"href":"https:\/\/labostera.lt\/lv\/wp-json\/wp\/v2\/media?parent=21305"}],"wp:term":[{"taxonomy":"product_cat","embeddable":true,"href":"https:\/\/labostera.lt\/lv\/wp-json\/wp\/v2\/product_cat?post=21305"},{"taxonomy":"product_tag","embeddable":true,"href":"https:\/\/labostera.lt\/lv\/wp-json\/wp\/v2\/product_tag?post=21305"}],"curies":[{"name":"wp","href":"https:\/\/api.w.org\/{rel}","templated":true}]}}