{"id":21302,"date":"2024-05-30T15:26:57","date_gmt":"2024-05-30T12:26:57","guid":{"rendered":"http:\/\/labostera.lt\/?post_type=product&#038;p=21302"},"modified":"2024-06-13T16:35:35","modified_gmt":"2024-06-13T13:35:35","slug":"ccm-300-fluorometras","status":"publish","type":"product","link":"https:\/\/labostera.lt\/lv\/priemones-ir-iranga\/laboratorine-iranga\/aplinkotyra\/ccm-300-fluorometras\/","title":{"rendered":"CCM-300 fluorometrs"},"content":{"rendered":"<p>CCM-300 ir unik\u0101ls fluorometrs, kas paredz\u0113ts hlorofila satura m\u0113r\u012b\u0161anai paraugos, kurus tradicion\u0101li ir bijis gr\u016bti analiz\u0113t nedestrukt\u012bv\u0101 veid\u0101. \u0160is kompaktais, rokas instruments m\u0113ra hlorofila fluorescences attiec\u012bbu pie 735 nm un 700\u2013710 nm. \u0160\u012b attiec\u012bba ir line\u0101ri proporcion\u0101la hlorofila koncentr\u0101cijai l\u012bdz 675 mg m-2, ar noteik\u0161anas koeficientu, kas liel\u0101ks par r2 = 0,95.<\/p>\n<p>Laboratorijas un lauka testos ir pier\u0101d\u012bts, ka CCM-300 hlorofila satura m\u0113r\u012bt\u0101js ir \u013coti prec\u012bzs, m\u0113rot hlorofila koncentr\u0101ciju no 41 mg m-2 l\u012bdz 675 mg m-2.<\/p>\n<p>\u0160ai jaunajai metodei ir daudz priek\u0161roc\u012bbu sal\u012bdzin\u0101jum\u0101 ar vec\u0101k\u0101m absorbcijas metod\u0113m. \u0160\u012bs priek\u0161roc\u012bbas ietver:<\/p>\n<ul>\n<li>Paraugiem nav j\u0101aizpilda m\u0113r\u012b\u0161anas atvere, t\u0101p\u0113c var izm\u0113r\u012bt mazus paraugus.<\/li>\n<li>Paraugiem nav j\u0101\u013cauj m\u0113r\u012b\u0161anas staram iziet cauri, t\u0101p\u0113c var izm\u0113r\u012bt biezus paraugus.<\/li>\n<li>Virsm\u0101m nav j\u0101b\u016bt glud\u0101m, t\u0101p\u0113c var izm\u0113r\u012bt sare\u017e\u0123\u012btas augu morfolo\u0123ijas.<\/li>\n<li>Nav Kautska indukcijas efekta, t\u0101p\u0113c m\u0113r\u012bjumus var \u0101tri atk\u0101rtot vien\u0101 un taj\u0101 pa\u0161\u0101 viet\u0101.<\/li>\n<li>Neliels parauga laukums, lai var\u0113tu izvair\u012bties no dabiski sastopam\u0101m strukt\u016br\u0101m, piem\u0113ram, vidusriev\u0101m un v\u0113n\u0101m.<\/li>\n<li>Liel\u0101ks m\u0113r\u012bjumu diapazons (675 mg m-2 sal\u012bdzin\u0101jum\u0101 ar 300 mg m-2 absorbcijas metod\u0113m), kas \u013cauj izm\u0113r\u012bt daudz vair\u0101k paraugu.<\/li>\n<\/ul>\n<p>Pateicoties vis\u0101m \u0161\u012bm funkcij\u0101m, ADC lietot\u0101ji tagad pirmo reizi var izm\u0113r\u012bt skujkoku skujas, z\u0101liena z\u0101li, ar\u0101bu s\u0113nes, nenobriedu\u0161us r\u012bsus un kvie\u0161us, s\u016bnas, s\u016bnaug\u013cus un \u0137\u0113rpjus, aug\u013cu mizu, k\u0101ti\u0146us, stubl\u0101jus, kaktusus, agaves un a\u013c\u0123es uz akme\u0146iem.<\/p>","protected":false},"excerpt":{"rendered":"<p>CCM-300 fluorometrs m\u0113ra hlorofila saturu sare\u017e\u0123\u012btos paraugos, ir prec\u012bzs un tam ir daudz priek\u0161roc\u012bbu sal\u012bdzin\u0101jum\u0101 ar vec\u0101k\u0101m metod\u0113m.<\/p>","protected":false},"featured_media":21303,"template":"","meta":[],"product_cat":[83,106],"product_tag":[],"class_list":{"0":"post-21302","1":"product","2":"type-product","3":"status-publish","4":"has-post-thumbnail","6":"product_cat-aplinkotyra","7":"product_cat-augalu-tyrimo-iranga","9":"first","10":"onbackorder","11":"shipping-taxable","12":"product-type-simple"},"_links":{"self":[{"href":"https:\/\/labostera.lt\/lv\/wp-json\/wp\/v2\/product\/21302","targetHints":{"allow":["GET"]}}],"collection":[{"href":"https:\/\/labostera.lt\/lv\/wp-json\/wp\/v2\/product"}],"about":[{"href":"https:\/\/labostera.lt\/lv\/wp-json\/wp\/v2\/types\/product"}],"wp:featuredmedia":[{"embeddable":true,"href":"https:\/\/labostera.lt\/lv\/wp-json\/wp\/v2\/media\/21303"}],"wp:attachment":[{"href":"https:\/\/labostera.lt\/lv\/wp-json\/wp\/v2\/media?parent=21302"}],"wp:term":[{"taxonomy":"product_cat","embeddable":true,"href":"https:\/\/labostera.lt\/lv\/wp-json\/wp\/v2\/product_cat?post=21302"},{"taxonomy":"product_tag","embeddable":true,"href":"https:\/\/labostera.lt\/lv\/wp-json\/wp\/v2\/product_tag?post=21302"}],"curies":[{"name":"wp","href":"https:\/\/api.w.org\/{rel}","templated":true}]}}