{"id":21299,"date":"2024-05-30T15:03:45","date_gmt":"2024-05-30T12:03:45","guid":{"rendered":"http:\/\/labostera.lt\/?post_type=product&#038;p=21299"},"modified":"2024-06-13T16:35:36","modified_gmt":"2024-06-13T13:35:36","slug":"chlorofilo-matavimo-prietaisas-ccm-200-plus","status":"publish","type":"product","link":"https:\/\/labostera.lt\/lv\/priemones-ir-iranga\/laboratorine-iranga\/aplinkotyra\/chlorofilo-matavimo-prietaisas-ccm-200-plus\/","title":{"rendered":"Hlorofila m\u0113r\u012b\u0161anas ier\u012bce CCM-200 plus"},"content":{"rendered":"<p>CCM-200 plus hlorofila m\u0113r\u012bt\u0101js prec\u012bzi m\u0113ra hlorofila saturu augos un kult\u016braugos. CCM-200 plus ir \u012bpa\u0161i noder\u012bgs sl\u0101pek\u013ca p\u0101rvald\u012bbas programmu uzlabo\u0161anai, un tas ir ide\u0101ls instruments gan p\u0113tniec\u012bbai, gan m\u0101c\u012b\u0161anai. CCM-200 plus nodro\u0161ina agronomiem, p\u0113tniekiem un pedagogiem uzticamu, atk\u0101rtojamu un viegli lietojamu hlorofila satura noteik\u0161anu. Liela ieb\u016bv\u0113t\u0101 datu atmi\u0146a, integr\u0113tais GPS modulis un rokas dizains padara CCM-200 plus par visefekt\u012bv\u0101ko un pieejam\u0101ko hlorofila satura m\u0113r\u012bt\u0101ju tirg\u016b.<\/p>\n<p>Nesagraujo\u0161a Prec\u012bza, uzticama un p\u0101rbaud\u012bta Integr\u0113ta GPS Saglab\u0101 160\u00a0000 datu kopu Datu vid\u0113j\u0101 apr\u0113\u0137in\u0101\u0161ana Lai noskat\u012btos video par CCM-200 lieto\u0161anu, k\u0101 ar\u012b: <a href=\"https:\/\/www.youtube.com\/playlist?list=PLwWxFuE9xCHIHbv4MmjilLoO0FmL7oqX9\" target=\"_new\" rel=\"noreferrer noopener\">https:\/\/www.youtube.com\/playlist?list=PLwWxFuE9xCHIHbv4MmjilLoO0FmL7oqX9<\/a><\/p>\n<div id=\"gtx-trans\" style=\"position: absolute; left: -17px; top: 1px;\">\n<div class=\"gtx-trans-icon\"><\/div>\n<\/div>","protected":false},"excerpt":{"rendered":"<p>CCM-200 plus hlorofila m\u0113r\u012bt\u0101js prec\u012bzi nosaka hlorofila daudzumu augos, ir noder\u012bgs sl\u0101pek\u013ca p\u0101rvald\u012bbai un tam ir integr\u0113ta GPS.<\/p>\n<div id=\"gtx-trans\" style=\"position: absolute; left: -58px; top: -9px;\">\n<div class=\"gtx-trans-icon\"><\/div>\n<\/div>","protected":false},"featured_media":21300,"template":"","meta":[],"product_cat":[83,106],"product_tag":[],"class_list":{"0":"post-21299","1":"product","2":"type-product","3":"status-publish","4":"has-post-thumbnail","6":"product_cat-aplinkotyra","7":"product_cat-augalu-tyrimo-iranga","9":"first","10":"onbackorder","11":"shipping-taxable","12":"product-type-simple"},"_links":{"self":[{"href":"https:\/\/labostera.lt\/lv\/wp-json\/wp\/v2\/product\/21299","targetHints":{"allow":["GET"]}}],"collection":[{"href":"https:\/\/labostera.lt\/lv\/wp-json\/wp\/v2\/product"}],"about":[{"href":"https:\/\/labostera.lt\/lv\/wp-json\/wp\/v2\/types\/product"}],"wp:featuredmedia":[{"embeddable":true,"href":"https:\/\/labostera.lt\/lv\/wp-json\/wp\/v2\/media\/21300"}],"wp:attachment":[{"href":"https:\/\/labostera.lt\/lv\/wp-json\/wp\/v2\/media?parent=21299"}],"wp:term":[{"taxonomy":"product_cat","embeddable":true,"href":"https:\/\/labostera.lt\/lv\/wp-json\/wp\/v2\/product_cat?post=21299"},{"taxonomy":"product_tag","embeddable":true,"href":"https:\/\/labostera.lt\/lv\/wp-json\/wp\/v2\/product_tag?post=21299"}],"curies":[{"name":"wp","href":"https:\/\/api.w.org\/{rel}","templated":true}]}}