{"id":21293,"date":"2024-05-30T14:53:50","date_gmt":"2024-05-30T11:53:50","guid":{"rendered":"http:\/\/labostera.lt\/?post_type=product&#038;p=21293"},"modified":"2024-06-13T16:35:36","modified_gmt":"2024-06-13T13:35:36","slug":"moduliuojamas-fluorometras-os5p","status":"publish","type":"product","link":"https:\/\/labostera.lt\/lv\/priemones-ir-iranga\/laboratorine-iranga\/aplinkotyra\/augalu-tyrimo-iranga\/moduliuojamas-fluorometras-os5p\/","title":{"rendered":"Modul\u0113jo\u0161ais fluorometrs OS5p+"},"content":{"rendered":"<p>Modul\u0101rais fluorometrs OS5p+ ir vismodern\u0101kais papildin\u0101jums ADC hlorofila fluorometru kl\u0101stam. OS5p+, kas sver tikai 1,4 kg un pied\u0101v\u0101 12 stundu nep\u0101rtrauktu darb\u012bbu, ir nep\u0101rsp\u0113jams mobilit\u0101tes un veiktsp\u0113jas zi\u0146\u0101 \u0101ra impulsu modul\u0113tajam fluorometram. OS5p+ var iestat\u012bt gan apk\u0101rt\u0113j\u0101s gaismas, gan tumsas adapt\u0101cijas parametrus, tostarp Fo, Fm, Fv\/Fm, Fv\/Fo, Y(II), Ft, Foq un Fms. Var apr\u0113\u0137in\u0101t foto\u0137\u012bmiskos un nefoto\u0137\u012bmiskos dz\u0113\u0161anas koeficientus, piem\u0113ram, qP, qN un NPQ.<\/p>\n<p>OS5p+ sniedz p\u0113tniekiem izcilu kontroli p\u0101r katru eksperimentu. Tas ietver avota intensit\u0101ti, pies\u0101tin\u0101juma impulsa intensit\u0101ti un paraugu \u0146em\u0161anas \u0101trumu l\u012bdz 10\u00a0000 paraugiem sekund\u0113. Sist\u0113mai ir divkan\u0101lu (660 nm \/ 450 nm) modul\u0113ta gaisma un 735 nm LED Fod iestat\u012bjumiem.<\/p>\n<p>Datus var saglab\u0101t liel\u0101 1 GB iek\u0161\u0113j\u0101 atmi\u0146\u0101, kur\u0101 var ietilpt t\u016bksto\u0161iem datu kopu un sec\u012bbu, vai no\u0146emam\u0101s SD atmi\u0146as kart\u0113s.<\/p>\n<p>OS5p+ ir apr\u012bkots ar atv\u0113rtu paraugu tur\u0113t\u0101ju, kur\u0101 integr\u0113ti PAR un lapu temperat\u016bras sensori. Ra\u017ea Y(II) main\u0101s ne tikai stresa ietekm\u0113, bet ar\u012b apk\u0101rt\u0113j\u0101 apgaismojuma un lapu temperat\u016bras l\u012bme\u0146a d\u0113\u013c, t\u0101p\u0113c ir svar\u012bgi uzraudz\u012bt \u0161os parametrus visa eksperimenta laik\u0101.<\/p>\n<p>Str\u0101d\u0101jot vid\u0113 ar augstu akt\u012bv\u0101 apgaismojuma l\u012bmeni, sist\u0113ma var uzlabot rezult\u0101tu precizit\u0101ti, izmantojot vair\u0101ku kolbu Fm&#039; korekciju.<\/p>\n<p>OS5p+ ir vispla\u0161\u0101kais dz\u0113\u0161anas protokolu kl\u0101sts, kas pieejams vien\u0101 ier\u012bc\u0113. \u0160ie protokoli ietver:<\/p>\n<ul>\n<li>Hendriksona ezera mode\u013ca protokols ar NPQ<\/li>\n<li>Kr\u0101mera ezera mode\u013ca protokols<\/li>\n<li>D\u012b\u0137a mode\u013ca protokols<\/li>\n<li>Relaks\u0101cijas protokola dz\u0113\u0161ana<\/li>\n<\/ul>\n<p>Lai uzraudz\u012btu paraugu gaismas absorbcijas raksturlielumus, OS5p+ ir iepriek\u0161 ieprogramm\u0113ts ar \u0101tr\u0101m gaismas l\u012bkn\u0113m. Ide\u0101li piem\u0113rots eksperimentiem uz jumta vai uz \u016bdens.<\/p>\n<div id=\"gtx-trans\" style=\"position: absolute; left: -48px; top: 1px;\">\n<div class=\"gtx-trans-icon\"><\/div>\n<\/div>","protected":false},"excerpt":{"rendered":"<p>OS5p+ uzlabotais modul\u0113tais fluorometrs, kas sver tikai 1,4 kg un darbojas 12 stundas, nodro\u0161ina izcilu mobilit\u0101ti un veiktsp\u0113ju lauka p\u0113t\u012bjumiem.<\/p>","protected":false},"featured_media":21294,"template":"","meta":[],"product_cat":[106,83],"product_tag":[],"class_list":{"0":"post-21293","1":"product","2":"type-product","3":"status-publish","4":"has-post-thumbnail","6":"product_cat-augalu-tyrimo-iranga","7":"product_cat-aplinkotyra","9":"first","10":"onbackorder","11":"shipping-taxable","12":"product-type-simple"},"_links":{"self":[{"href":"https:\/\/labostera.lt\/lv\/wp-json\/wp\/v2\/product\/21293","targetHints":{"allow":["GET"]}}],"collection":[{"href":"https:\/\/labostera.lt\/lv\/wp-json\/wp\/v2\/product"}],"about":[{"href":"https:\/\/labostera.lt\/lv\/wp-json\/wp\/v2\/types\/product"}],"wp:featuredmedia":[{"embeddable":true,"href":"https:\/\/labostera.lt\/lv\/wp-json\/wp\/v2\/media\/21294"}],"wp:attachment":[{"href":"https:\/\/labostera.lt\/lv\/wp-json\/wp\/v2\/media?parent=21293"}],"wp:term":[{"taxonomy":"product_cat","embeddable":true,"href":"https:\/\/labostera.lt\/lv\/wp-json\/wp\/v2\/product_cat?post=21293"},{"taxonomy":"product_tag","embeddable":true,"href":"https:\/\/labostera.lt\/lv\/wp-json\/wp\/v2\/product_tag?post=21293"}],"curies":[{"name":"wp","href":"https:\/\/api.w.org\/{rel}","templated":true}]}}