{"id":21289,"date":"2024-05-30T14:43:03","date_gmt":"2024-05-30T11:43:03","guid":{"rendered":"http:\/\/labostera.lt\/?post_type=product&#038;p=21289"},"modified":"2024-06-13T16:35:37","modified_gmt":"2024-06-13T13:35:37","slug":"portatyvine-fotosintezes-tyrimo-sistema","status":"publish","type":"product","link":"https:\/\/labostera.lt\/lv\/priemones-ir-iranga\/laboratorine-iranga\/aplinkotyra\/augalu-tyrimo-iranga\/portatyvine-fotosintezes-tyrimo-sistema\/","title":{"rendered":"P\u0101rn\u0113s\u0101jama fotosint\u0113zes p\u0113tniec\u012bbas sist\u0113ma"},"content":{"rendered":"<p>P\u0101rn\u0113s\u0101jam\u0101 fotosint\u0113zes p\u0113tniec\u012bbas sist\u0113ma LCi T ir b\u016btisks uzlabojums, kas balst\u012bts uz \u0101rk\u0101rt\u012bgi popul\u0101ro LCi-SD sist\u0113mu. LCi T ir apr\u012bkots ar lielu, kr\u0101sainu sk\u0101rienekr\u0101nu, integr\u0113tu GPS, programm\u0113jamiem RGB vai baltiem LED apgaismes \u0137erme\u0146iem un daudzparametru grafisko displeju.<\/p>\n<p>Datu ievad\u012b\u0161ana un sist\u0113mas p\u0101rvald\u012bba ir vienk\u0101r\u0161a, pateicoties intuit\u012bvai sk\u0101rienekr\u0101na programmat\u016brai. Pavelciet pa kreisi vai pa labi, lai p\u0101rsl\u0113gtos starp ekr\u0101nu ar izm\u0113r\u012btajiem parametriem, apr\u0113\u0137in\u0101tajiem parametriem vai vair\u0101ku parametru grafikiem.<\/p>\n<p>Jaunas, vieglas LED apgaismojuma ier\u012bces nodro\u0161ina vienm\u0113r\u012bgu visa kameras loga laukuma apgaismojumu. RGB LED apgaismojuma ier\u012bce var nodro\u0161in\u0101t 0\u20132400 \u03bcmol gaismas, savuk\u0101rt balta LED apgaismojuma ier\u012bce var nodro\u0161in\u0101t 0\u20132500 \u03bcmol gaismas. Visiem m\u0113r\u012bjumiem var uztur\u0113t stabilu, fiks\u0113tu gaismas l\u012bmeni vai ar\u012b veikt automatiz\u0113tu gaismas reakcijas l\u012bkni, lai raksturotu auga fotosint\u0113zes sp\u0113ju.<\/p>\n<p>Ir daudz main\u0101mu kameru da\u017e\u0101diem pielietojumiem un da\u017e\u0101diem paraugiem. Pievienojot 1 litra augsnes kameru, augsnes elpo\u0161anas m\u0113r\u012bjumus var veikt \u0101rpus telp\u0101m. Sist\u0113ma tiek autom\u0101tiski konfigur\u0113ta, lai m\u0113r\u012btu CO2 pieaugumu un par\u0101d\u012btu neto CO2 apmai\u0146as kursu.<\/p>\n<p>Jaunais GPS modulis katram ierakstam pievieno garuma, platuma, augstuma un pasaules laika datus, t\u0101d\u0113j\u0101di atvieglojot datu v\u0101k\u0161anas vietas noteik\u0161anu.<\/p>","protected":false},"excerpt":{"rendered":"<p>Kompakt\u0101 fotosint\u0113zes sist\u0113ma LCi T ar kr\u0101su sk\u0101rienekr\u0101nu, integr\u0113tu GPS un programm\u0113jam\u0101m LED apgaismojuma ier\u012bc\u0113m nodro\u0161ina \u0113rtu datu p\u0101rvald\u012bbu un fotosint\u0113zes parametru m\u0113r\u012b\u0161anu.<\/p>","protected":false},"featured_media":21290,"template":"","meta":[],"product_cat":[106,83],"product_tag":[],"class_list":{"0":"post-21289","1":"product","2":"type-product","3":"status-publish","4":"has-post-thumbnail","6":"product_cat-augalu-tyrimo-iranga","7":"product_cat-aplinkotyra","9":"first","10":"onbackorder","11":"shipping-taxable","12":"product-type-simple"},"_links":{"self":[{"href":"https:\/\/labostera.lt\/lv\/wp-json\/wp\/v2\/product\/21289","targetHints":{"allow":["GET"]}}],"collection":[{"href":"https:\/\/labostera.lt\/lv\/wp-json\/wp\/v2\/product"}],"about":[{"href":"https:\/\/labostera.lt\/lv\/wp-json\/wp\/v2\/types\/product"}],"wp:featuredmedia":[{"embeddable":true,"href":"https:\/\/labostera.lt\/lv\/wp-json\/wp\/v2\/media\/21290"}],"wp:attachment":[{"href":"https:\/\/labostera.lt\/lv\/wp-json\/wp\/v2\/media?parent=21289"}],"wp:term":[{"taxonomy":"product_cat","embeddable":true,"href":"https:\/\/labostera.lt\/lv\/wp-json\/wp\/v2\/product_cat?post=21289"},{"taxonomy":"product_tag","embeddable":true,"href":"https:\/\/labostera.lt\/lv\/wp-json\/wp\/v2\/product_tag?post=21289"}],"curies":[{"name":"wp","href":"https:\/\/api.w.org\/{rel}","templated":true}]}}