{"id":21265,"date":"2024-05-14T15:29:00","date_gmt":"2024-05-14T12:29:00","guid":{"rendered":"http:\/\/labostera.lt\/?post_type=product&#038;p=21265"},"modified":"2024-10-18T15:13:18","modified_gmt":"2024-10-18T12:13:18","slug":"krikotirotomijos-treniruoklis-erler-zimmer-cricothyrotomy-task-trainer","status":"publish","type":"product","link":"https:\/\/labostera.lt\/lv\/priemones-ir-iranga\/mokymo-priemones-ir-iranga\/medicininiai-simuliatoriai\/krikotirotomijos-treniruoklis-erler-zimmer-cricothyrotomy-task-trainer\/","title":{"rendered":"Krikotirotomijas treneris Erlera-Zimmera krikotirotomijas uzdevumu treneris"},"content":{"rendered":"<h2><strong>\u201eErler-Zimmer GmbH &amp; Co. KG krikotirotomijas trena\u017eieris<\/strong>:<\/h2>\n<ul>\n<li>Modelis SRE0720<\/li>\n<li>Apg\u016bstiet, uzlabojiet un pilnveidojiet savas krikotirotomijas prasmes ar SurgiReal jaun\u0101ko traumu uzdevumu simulatoru, kas izstr\u0101d\u0101ts, lai sniegtu visre\u0101listisk\u0101ko iesp\u0113jamo pieredzi par lielisku cenu.<\/li>\n<li>Prec\u012bzi un re\u0101listiski orientieri \u013cauj studentiem pareizi praktiz\u0113t un veikt krikotirotomiju, gatavojoties neatliekam\u0101m \u0137irur\u0123isk\u0101m situ\u0101cij\u0101m.<\/li>\n<li>Komplekt\u0101 ietilpst: 1 kakla pamatne, 1 \u0101das imit\u0101cija, 1 vairogdziedzera skrim\u0161\u013ca ieliktnis, 3 vairogdziedzera un hio\u012bd\u0101 musku\u013ca membr\u0101nas imit\u0101cijas, k\u0101 ar\u012b instrukcijas mode\u013ca sagatavo\u0161anai, kop\u0161anai un lieto\u0161anai.<\/li>\n<\/ul>\n<h3>Krikotirotomijas simulatori \u2013 <a href=\"http:\/\/labostera.lt\/lv\/product-brand\/erler-zimmer-gmbh-co-kg\/\">Erlera-Zimmera anatomijas grupa<\/a><\/h3>\n<p>Vair\u0101k inform\u0101cijas: <a href=\"https:\/\/erler-zimmer.de\/en\/Cricothyrotomy-Task-Trainer\/SRE0720\" target=\"_blank\" rel=\"noopener nofollow\">ra\u017eot\u0101ja t\u012bmek\u013ca vietn\u0113<\/a> vai nos\u016btiet mums piepras\u012bjumu!<\/p>","protected":false},"excerpt":{"rendered":"<p>Erler-Zimmer krikotirotomijas trena\u017eieris prec\u012bzai praksei un apm\u0101c\u012bbai. Re\u0101listiski orientieri un main\u0101mi elementi.<\/p>","protected":false},"featured_media":21267,"template":"","meta":[],"product_cat":[838,75,79],"product_tag":[692,1073,831,832,829,830,577,690,833,490],"class_list":{"0":"post-21265","1":"product","2":"type-product","3":"status-publish","4":"has-post-thumbnail","6":"product_brand-erler-zimmer-gmbh-co-kg","7":"product_cat-medicininiai-simuliatoriai","8":"product_cat-modeliai-manekenai-muliazai","9":"product_cat-mokymo-priemones-ir-iranga","10":"product_tag-erler-zimmer-gmbh-co-kg","11":"product_tag-krikotirotomijos-treniruokliai","12":"product_tag-medical-models","13":"product_tag-medical-simulators","14":"product_tag-medicininiai-modeliai","15":"product_tag-medicininiai-simuliatoriai","16":"product_tag-modeliai","17":"product_tag-models","18":"product_tag-simulatoriai","19":"product_tag-simulators","21":"first","22":"onbackorder","23":"shipping-taxable","24":"purchasable","25":"product-type-simple"},"_links":{"self":[{"href":"https:\/\/labostera.lt\/lv\/wp-json\/wp\/v2\/product\/21265","targetHints":{"allow":["GET"]}}],"collection":[{"href":"https:\/\/labostera.lt\/lv\/wp-json\/wp\/v2\/product"}],"about":[{"href":"https:\/\/labostera.lt\/lv\/wp-json\/wp\/v2\/types\/product"}],"wp:featuredmedia":[{"embeddable":true,"href":"https:\/\/labostera.lt\/lv\/wp-json\/wp\/v2\/media\/21267"}],"wp:attachment":[{"href":"https:\/\/labostera.lt\/lv\/wp-json\/wp\/v2\/media?parent=21265"}],"wp:term":[{"taxonomy":"product_cat","embeddable":true,"href":"https:\/\/labostera.lt\/lv\/wp-json\/wp\/v2\/product_cat?post=21265"},{"taxonomy":"product_tag","embeddable":true,"href":"https:\/\/labostera.lt\/lv\/wp-json\/wp\/v2\/product_tag?post=21265"}],"curies":[{"name":"wp","href":"https:\/\/api.w.org\/{rel}","templated":true}]}}