{"id":21231,"date":"2024-05-13T16:31:58","date_gmt":"2024-05-13T13:31:58","guid":{"rendered":"http:\/\/labostera.lt\/?post_type=product&#038;p=21231"},"modified":"2024-10-18T15:13:29","modified_gmt":"2024-10-18T12:13:29","slug":"kojos-intraosalines-infuzijos-simuliatorius-erler-zimmer-leg-intraosseous-infusion-simulator","status":"publish","type":"product","link":"https:\/\/labostera.lt\/lv\/priemones-ir-iranga\/mokymo-priemones-ir-iranga\/medicininiai-simuliatoriai\/kojos-intraosalines-infuzijos-simuliatorius-erler-zimmer-leg-intraosseous-infusion-simulator\/","title":{"rendered":"Erler-Zimmer k\u0101jas intraosseous inf\u016bzijas simulators"},"content":{"rendered":"<h2><strong>\u201eErler-Zimmer GmbH &amp; Co. KG K\u0101ju intraosse\u0101l\u0101s inf\u016bzijas simulators<\/strong>:<\/h2>\n<ul>\n<li>Modelis R10722<\/li>\n<li>Izmanto apm\u0101c\u012bbai, lai uzlabotu intraosze\u0101l\u0101s inf\u016bzijas proced\u016bras, izmantojot BIG un EZ-IO ier\u012bces vai gandr\u012bz jebkuru citu intraosze\u0101l\u0101s inf\u016bzijas ier\u012bci.<\/li>\n<li>K\u0101ju var piepild\u012bt ar \u0161\u0137idrumu, un asins avotam var piek\u013c\u016bt caur injekcijas vietu.<\/li>\n<li>Simulatoram ir taustes orientieri, main\u0101mi kauli un \u0101da, k\u0101 ar\u012b spiediena sist\u0113ma, kas \u013cauj ies\u016bkn\u0113t \u0161\u0137idrumu.<\/li>\n<li>Komplekt\u0101 ietilpst 10 nomain\u0101mi simul\u0101cijas kauli, \u010detri nomain\u0101mi \u0101das spilventi\u0146i, simul\u0113tas asinis, lubrikants \u017eeleja, dvie\u013ci, ievades\/izvades adata un \u0161\u013circe ar caurul\u012bt\u0113m ciet\u0101 p\u0101rn\u0113s\u0101\u0161anas som\u0101.<\/li>\n<li>Svars: 6,4 kg<\/li>\n<\/ul>\n<h3>Intraos\u0101las inf\u016bzijas simulatori k\u0101jai \u2013 <a href=\"http:\/\/labostera.lt\/lv\/product-brand\/erler-zimmer-gmbh-co-kg\/\">Erlera-Zimmera anatomijas grupa<\/a><\/h3>\n<p>Vair\u0101k inform\u0101cijas: <a href=\"https:\/\/erler-zimmer.de\/en\/Adult-Intraosseous-Infusion-Simulator\/R10722\" target=\"_blank\" rel=\"noopener nofollow\">ra\u017eot\u0101ja t\u012bmek\u013ca vietn\u0113<\/a> vai nos\u016btiet mums piepras\u012bjumu!<\/p>","protected":false},"excerpt":{"rendered":"<p>Erlera-Zimmera k\u0101jas intraos\u0101l\u0101 inf\u016bzijas simulators \u2013 trena\u017eieris intraos\u0101l\u0101 inf\u016bzijas proced\u016br\u0101m ar BIG un EZ-IO ier\u012bc\u0113m.<\/p>","protected":false},"featured_media":21233,"template":"","meta":[],"product_cat":[838,75,79],"product_tag":[692,1067,831,832,829,830,577,690,833,490],"class_list":{"0":"post-21231","1":"product","2":"type-product","3":"status-publish","4":"has-post-thumbnail","6":"product_brand-erler-zimmer-gmbh-co-kg","7":"product_cat-medicininiai-simuliatoriai","8":"product_cat-modeliai-manekenai-muliazai","9":"product_cat-mokymo-priemones-ir-iranga","10":"product_tag-erler-zimmer-gmbh-co-kg","11":"product_tag-kojos-intraosalines-infuzijos-simuliatoriai","12":"product_tag-medical-models","13":"product_tag-medical-simulators","14":"product_tag-medicininiai-modeliai","15":"product_tag-medicininiai-simuliatoriai","16":"product_tag-modeliai","17":"product_tag-models","18":"product_tag-simulatoriai","19":"product_tag-simulators","21":"first","22":"onbackorder","23":"shipping-taxable","24":"purchasable","25":"product-type-simple"},"_links":{"self":[{"href":"https:\/\/labostera.lt\/lv\/wp-json\/wp\/v2\/product\/21231","targetHints":{"allow":["GET"]}}],"collection":[{"href":"https:\/\/labostera.lt\/lv\/wp-json\/wp\/v2\/product"}],"about":[{"href":"https:\/\/labostera.lt\/lv\/wp-json\/wp\/v2\/types\/product"}],"wp:featuredmedia":[{"embeddable":true,"href":"https:\/\/labostera.lt\/lv\/wp-json\/wp\/v2\/media\/21233"}],"wp:attachment":[{"href":"https:\/\/labostera.lt\/lv\/wp-json\/wp\/v2\/media?parent=21231"}],"wp:term":[{"taxonomy":"product_cat","embeddable":true,"href":"https:\/\/labostera.lt\/lv\/wp-json\/wp\/v2\/product_cat?post=21231"},{"taxonomy":"product_tag","embeddable":true,"href":"https:\/\/labostera.lt\/lv\/wp-json\/wp\/v2\/product_tag?post=21231"}],"curies":[{"name":"wp","href":"https:\/\/api.w.org\/{rel}","templated":true}]}}