{"id":21215,"date":"2024-05-13T13:29:31","date_gmt":"2024-05-13T10:29:31","guid":{"rendered":"http:\/\/labostera.lt\/?post_type=product&#038;p=21215"},"modified":"2024-10-18T15:13:35","modified_gmt":"2024-10-18T12:13:35","slug":"ultragarsu-valdomas-toracentezes-ir-perikardiocentezes-simuliatorius-erler-zimmer-ultrasound-guided-thoracentesis-pericardiocentesis-simulator","status":"publish","type":"product","link":"https:\/\/labostera.lt\/lv\/priemones-ir-iranga\/mokymo-priemones-ir-iranga\/medicininiai-simuliatoriai\/ultragarsu-valdomas-toracentezes-ir-perikardiocentezes-simuliatorius-erler-zimmer-ultrasound-guided-thoracentesis-pericardiocentesis-simulator\/","title":{"rendered":"Erlera-Zimmera ultraska\u0146as vad\u012btas toracent\u0113zes un perikardiocent\u0113zes simulators"},"content":{"rendered":"<h2><strong>Erler-Zimmer GmbH &amp; Co. KG Ultraska\u0146as vad\u012btas toracent\u0113zes un perikardiocent\u0113zes simulators<\/strong>:<\/h2>\n<ul>\n<li>Modelis R16013<\/li>\n<li>\u0160is simulators ir lieliska R16010 un R16012 kombin\u0101cija, pied\u0101v\u0101jot visas abos simulatoros atrodam\u0101s funkcijas.<\/li>\n<li>Apm\u0101c\u012bbai var izmantot t\u0101das prasmes k\u0101 pacienta pozicion\u0113\u0161ana, perikarda \u0161\u0137idruma ultraska\u0146as vizualiz\u0101cija, anatomisko punktu palp\u0101cija, adatas ievieto\u0161ana perikarda telp\u0101 un perikarda \u0161\u0137idruma aspir\u0101cija.<\/li>\n<li>Simulators pied\u0101v\u0101 re\u0101listisku adatas gala saj\u016btu, kad adatas ieduras perikarda maisi\u0146\u0101.<\/li>\n<li>Taj\u0101 ir sniegti ar\u012b att\u0113li ar atbilsto\u0161\u0101m viet\u0101m, lai praktiz\u0113tu subksiphoid\u0101lo pieeju un parastern\u0101lo pieeju.<\/li>\n<li>P\u0101r\u0101k jut\u012bg\u0101 zole ir iztur\u012bga un nomain\u0101ma.<\/li>\n<\/ul>\n<h3>Ultraska\u0146as vad\u012btas toracent\u0113zes un perikardiocent\u0113zes simulatori \u2013 <a href=\"http:\/\/labostera.lt\/lv\/product-brand\/erler-zimmer-gmbh-co-kg\/\">Erlera-Zimmera anatomijas grupa<\/a><\/h3>\n<p>Vair\u0101k inform\u0101cijas: <a href=\"https:\/\/erler-zimmer.de\/en\/Ultrasound-Guided-Thoracentesis-Pericardiocentesis-Simulator\/R16013\" target=\"_blank\" rel=\"noopener nofollow\">ra\u017eot\u0101ja t\u012bmek\u013ca vietn\u0113<\/a> vai nos\u016btiet mums piepras\u012bjumu!<\/p>","protected":false},"excerpt":{"rendered":"<p>Erlera-Zimmera ultraska\u0146as vad\u012btas toracent\u0113zes un perikardiocent\u0113zes simulators \u2013 apvieno ultraska\u0146as vad\u012btas toracent\u0113zes un perikardiocent\u0113zes apm\u0101c\u012bbas funkcijas vien\u0101 produkt\u0101.<\/p>","protected":false},"featured_media":21216,"template":"","meta":[],"product_cat":[838,75,79],"product_tag":[692,831,832,829,830,577,690,833,490,1063],"class_list":{"0":"post-21215","1":"product","2":"type-product","3":"status-publish","4":"has-post-thumbnail","6":"product_brand-erler-zimmer-gmbh-co-kg","7":"product_cat-medicininiai-simuliatoriai","8":"product_cat-modeliai-manekenai-muliazai","9":"product_cat-mokymo-priemones-ir-iranga","10":"product_tag-erler-zimmer-gmbh-co-kg","11":"product_tag-medical-models","12":"product_tag-medical-simulators","13":"product_tag-medicininiai-modeliai","14":"product_tag-medicininiai-simuliatoriai","15":"product_tag-modeliai","16":"product_tag-models","17":"product_tag-simulatoriai","18":"product_tag-simulators","19":"product_tag-ultragarsu-valdomas-toracentezes-ir-perikardiocentezes-simuliatoriai","21":"first","22":"onbackorder","23":"shipping-taxable","24":"purchasable","25":"product-type-simple"},"_links":{"self":[{"href":"https:\/\/labostera.lt\/lv\/wp-json\/wp\/v2\/product\/21215","targetHints":{"allow":["GET"]}}],"collection":[{"href":"https:\/\/labostera.lt\/lv\/wp-json\/wp\/v2\/product"}],"about":[{"href":"https:\/\/labostera.lt\/lv\/wp-json\/wp\/v2\/types\/product"}],"wp:featuredmedia":[{"embeddable":true,"href":"https:\/\/labostera.lt\/lv\/wp-json\/wp\/v2\/media\/21216"}],"wp:attachment":[{"href":"https:\/\/labostera.lt\/lv\/wp-json\/wp\/v2\/media?parent=21215"}],"wp:term":[{"taxonomy":"product_cat","embeddable":true,"href":"https:\/\/labostera.lt\/lv\/wp-json\/wp\/v2\/product_cat?post=21215"},{"taxonomy":"product_tag","embeddable":true,"href":"https:\/\/labostera.lt\/lv\/wp-json\/wp\/v2\/product_tag?post=21215"}],"curies":[{"name":"wp","href":"https:\/\/api.w.org\/{rel}","templated":true}]}}