{"id":21188,"date":"2024-05-10T14:42:56","date_gmt":"2024-05-10T11:42:56","guid":{"rendered":"http:\/\/labostera.lt\/?post_type=product&#038;p=21188"},"modified":"2024-10-18T15:13:48","modified_gmt":"2024-10-18T12:13:48","slug":"kraujagysliu-prieigos-ultragarso-fantomas-erler-zimmer-vascular-access-ultrasound-phantom","status":"publish","type":"product","link":"https:\/\/labostera.lt\/lv\/priemones-ir-iranga\/mokymo-priemones-ir-iranga\/medicininiai-simuliatoriai\/kraujagysliu-prieigos-ultragarso-fantomas-erler-zimmer-vascular-access-ultrasound-phantom\/","title":{"rendered":"Asinsvadu piek\u013cuves ultraska\u0146as fantoms Erlera-Zimmera asinsvadu piek\u013cuves ultraska\u0146as fantoms"},"content":{"rendered":"<h2><strong>Erler-Zimmer GmbH &amp; Co. KG Asinsvadu piek\u013cuves ultraska\u0146as fantoms<\/strong>:<\/h2>\n<ul>\n<li>Modelis R11052<\/li>\n<li>\u0160is asinsvadu piek\u013cuves ultraska\u0146as fantoms ir lieliska apm\u0101c\u012bbas ier\u012bce, lai iepaz\u012bstin\u0101tu ar da\u017e\u0101d\u0101m metod\u0113m un psihomotoraj\u0101m prasm\u0113m, kas saist\u012btas ar veiksm\u012bgu ultraska\u0146as vad\u012btu asinsvadu piek\u013cuves apm\u0101c\u012bbu, un uzlabotu t\u0101s.<\/li>\n<li>Materi\u0101la unik\u0101lais tonis un taustes saj\u016bta atbilst cilv\u0113ka audu jut\u012bgumam un iztur\u012bbai pret caurdur\u0161anu.<\/li>\n<li>\u012apa\u0161i iztur\u012bgajam fantoma materi\u0101lam var piek\u013c\u016bt t\u016bksto\u0161iem rei\u017eu, tam piem\u012bt pa\u0161dziedin\u0101\u0161an\u0101s sp\u0113ja, un to var piepild\u012bt ar komplekt\u0101 iek\u013cauto traipiem iztur\u012bgo m\u0101ksl\u012bgo asin\u012bm.<\/li>\n<li>Nav nepiecie\u0161ama \u012bpa\u0161a apstr\u0101de vai sald\u0113\u0161anas fantoms.<\/li>\n<\/ul>\n<h3>Asinsvadu piek\u013cuves ultraska\u0146as fantomi \u2013 <a href=\"http:\/\/labostera.lt\/lv\/product-brand\/erler-zimmer-gmbh-co-kg\/\">Erlera-Zimmera anatomijas grupa<\/a><\/h3>\n<p>Vair\u0101k inform\u0101cijas: <a href=\"https:\/\/erler-zimmer.de\/en\/Vascular-Access-Ultrasound-Phantom\/R11052\" target=\"_blank\" rel=\"noopener nofollow\">ra\u017eot\u0101ja t\u012bmek\u013ca vietn\u0113<\/a> vai nos\u016btiet mums piepras\u012bjumu!<\/p>","protected":false},"excerpt":{"rendered":"<p>Erlera-Zimmera asinsvadu piek\u013cuves ultraska\u0146as fantoms \u2013 treni\u0146u fantoms, kas atspogu\u013co cilv\u0113ka audu jut\u012bgumu.<\/p>","protected":false},"featured_media":21190,"template":"","meta":[],"product_cat":[838,75,79],"product_tag":[692,1056,831,832,829,830,577,690,833,490],"class_list":{"0":"post-21188","1":"product","2":"type-product","3":"status-publish","4":"has-post-thumbnail","6":"product_brand-erler-zimmer-gmbh-co-kg","7":"product_cat-medicininiai-simuliatoriai","8":"product_cat-modeliai-manekenai-muliazai","9":"product_cat-mokymo-priemones-ir-iranga","10":"product_tag-erler-zimmer-gmbh-co-kg","11":"product_tag-kraujagysliu-prieigos-ultragarso-fantomai","12":"product_tag-medical-models","13":"product_tag-medical-simulators","14":"product_tag-medicininiai-modeliai","15":"product_tag-medicininiai-simuliatoriai","16":"product_tag-modeliai","17":"product_tag-models","18":"product_tag-simulatoriai","19":"product_tag-simulators","21":"first","22":"onbackorder","23":"shipping-taxable","24":"purchasable","25":"product-type-simple"},"_links":{"self":[{"href":"https:\/\/labostera.lt\/lv\/wp-json\/wp\/v2\/product\/21188","targetHints":{"allow":["GET"]}}],"collection":[{"href":"https:\/\/labostera.lt\/lv\/wp-json\/wp\/v2\/product"}],"about":[{"href":"https:\/\/labostera.lt\/lv\/wp-json\/wp\/v2\/types\/product"}],"wp:featuredmedia":[{"embeddable":true,"href":"https:\/\/labostera.lt\/lv\/wp-json\/wp\/v2\/media\/21190"}],"wp:attachment":[{"href":"https:\/\/labostera.lt\/lv\/wp-json\/wp\/v2\/media?parent=21188"}],"wp:term":[{"taxonomy":"product_cat","embeddable":true,"href":"https:\/\/labostera.lt\/lv\/wp-json\/wp\/v2\/product_cat?post=21188"},{"taxonomy":"product_tag","embeddable":true,"href":"https:\/\/labostera.lt\/lv\/wp-json\/wp\/v2\/product_tag?post=21188"}],"curies":[{"name":"wp","href":"https:\/\/api.w.org\/{rel}","templated":true}]}}