{"id":21178,"date":"2024-05-10T13:31:18","date_gmt":"2024-05-10T10:31:18","guid":{"rendered":"http:\/\/labostera.lt\/?post_type=product&#038;p=21178"},"modified":"2024-10-18T15:13:49","modified_gmt":"2024-10-18T12:13:49","slug":"kruties-plokste-implantuojamam-prievadui-erler-zimmer-breast-plate-for-implantable-port","status":"publish","type":"product","link":"https:\/\/labostera.lt\/lv\/priemones-ir-iranga\/mokymo-priemones-ir-iranga\/medicininiai-simuliatoriai\/kruties-plokste-implantuojamam-prievadui-erler-zimmer-breast-plate-for-implantable-port\/","title":{"rendered":"Erlera-Zimmera kr\u016b\u0161u pl\u0101ksne implant\u0113jamai ostai"},"content":{"rendered":"<h2><strong>Erler-Zimmer GmbH &amp; Co. KG kr\u016b\u0161u pl\u0101ksne implant\u0113jamai ostai<\/strong>:<\/h2>\n<ul>\n<li>Modelis R66520<\/li>\n<li>\u0160is simulators sast\u0101v no m\u012bkstas \u0101das da\u013cas, zem kuras ir piestiprin\u0101ta cieta pl\u0101ksne, kas aizsarg\u0101 valk\u0101t\u0101ju no iesp\u0113jamiem savainojumiem, kas rodas nepareizas kust\u012bbas rezult\u0101t\u0101.<\/li>\n<li>Implant\u0113jam\u0101 osta un asins maisi\u0146\u0161 pa\u0161laik nav iek\u013cauti komplekt\u0101, bet tos var pas\u016bt\u012bt atsevi\u0161\u0137i, ja nepiecie\u0161ams.<\/li>\n<li>Modelis ir piestiprin\u0101ts ap kaklu un vidukli ar regul\u0113jam\u0101m siksn\u0101m. Tas \u013cauj praktiz\u0113t ostas apkopes proced\u016bras. Sp\u0113ja to n\u0113s\u0101t uz cilv\u0113ka iev\u0113rojami palielina vingrin\u0101juma re\u0101lismu, jo t\u0101 sniedz iesp\u0113ju mijiedarboties ar pacientu un sajust vi\u0146a kust\u012bbas un elpo\u0161anu.<\/li>\n<\/ul>\n<h3>Kr\u016b\u0161u pl\u0101ksnes implant\u0113jamai ostai \u2013 <a href=\"http:\/\/labostera.lt\/lv\/product-brand\/erler-zimmer-gmbh-co-kg\/\">Erlera-Zimmera anatomijas grupa<\/a><\/h3>\n<p>Vair\u0101k inform\u0101cijas: <a href=\"https:\/\/erler-zimmer.de\/en\/Breast-plate-for-implantable-port\/R66520\" target=\"_blank\" rel=\"noopener nofollow\">ra\u017eot\u0101ja t\u012bmek\u013ca vietn\u0113<\/a> vai nos\u016btiet mums piepras\u012bjumu!<\/p>","protected":false},"excerpt":{"rendered":"<p>Erler-Zimmer kr\u016b\u0161u pl\u0101ksne implant\u0113jamai ostai \u2014 praktiz\u0113jiet ostas kop\u0161anu, izmantojot m\u012bkstu m\u0101ksl\u012bgo \u0101du un iztur\u012bgu aizsargpl\u0101ksni.<\/p>","protected":false},"featured_media":21180,"template":"","meta":[],"product_cat":[838,75,79],"product_tag":[692,1054,831,832,829,830,577,690,833,490],"class_list":{"0":"post-21178","1":"product","2":"type-product","3":"status-publish","4":"has-post-thumbnail","6":"product_brand-erler-zimmer-gmbh-co-kg","7":"product_cat-medicininiai-simuliatoriai","8":"product_cat-modeliai-manekenai-muliazai","9":"product_cat-mokymo-priemones-ir-iranga","10":"product_tag-erler-zimmer-gmbh-co-kg","11":"product_tag-kruties-plokstes-implantuojamam-prievadui","12":"product_tag-medical-models","13":"product_tag-medical-simulators","14":"product_tag-medicininiai-modeliai","15":"product_tag-medicininiai-simuliatoriai","16":"product_tag-modeliai","17":"product_tag-models","18":"product_tag-simulatoriai","19":"product_tag-simulators","21":"first","22":"onbackorder","23":"shipping-taxable","24":"purchasable","25":"product-type-simple"},"_links":{"self":[{"href":"https:\/\/labostera.lt\/lv\/wp-json\/wp\/v2\/product\/21178","targetHints":{"allow":["GET"]}}],"collection":[{"href":"https:\/\/labostera.lt\/lv\/wp-json\/wp\/v2\/product"}],"about":[{"href":"https:\/\/labostera.lt\/lv\/wp-json\/wp\/v2\/types\/product"}],"wp:featuredmedia":[{"embeddable":true,"href":"https:\/\/labostera.lt\/lv\/wp-json\/wp\/v2\/media\/21180"}],"wp:attachment":[{"href":"https:\/\/labostera.lt\/lv\/wp-json\/wp\/v2\/media?parent=21178"}],"wp:term":[{"taxonomy":"product_cat","embeddable":true,"href":"https:\/\/labostera.lt\/lv\/wp-json\/wp\/v2\/product_cat?post=21178"},{"taxonomy":"product_tag","embeddable":true,"href":"https:\/\/labostera.lt\/lv\/wp-json\/wp\/v2\/product_tag?post=21178"}],"curies":[{"name":"wp","href":"https:\/\/api.w.org\/{rel}","templated":true}]}}