{"id":21174,"date":"2024-05-10T12:51:19","date_gmt":"2024-05-10T09:51:19","guid":{"rendered":"http:\/\/labostera.lt\/?post_type=product&#038;p=21174"},"modified":"2024-10-18T15:13:51","modified_gmt":"2024-10-18T12:13:51","slug":"implantuotu-kraujagysliu-prieigos-prietaisu-treniruoklis-erler-zimmer-body-in-a-box-portable-ivad-trainer","status":"publish","type":"product","link":"https:\/\/labostera.lt\/lv\/priemones-ir-iranga\/mokymo-priemones-ir-iranga\/medicininiai-simuliatoriai\/implantuotu-kraujagysliu-prieigos-prietaisu-treniruoklis-erler-zimmer-body-in-a-box-portable-ivad-trainer\/","title":{"rendered":"Erler-Zimmer \u201cBody in a Box\u201d portat\u012bvais IVAD trena\u017eieris"},"content":{"rendered":"<h2><strong>Erler-Zimmer GmbH &amp; Co. KG implant\u0113t\u0101 asinsvadu piek\u013cuves ier\u012bces trena\u017eieris<\/strong>:<\/h2>\n<ul>\n<li>Modelis R18804<\/li>\n<li>\u201cBody in a Box\u201d ir kompakts, viegls, \u0101tri uzst\u0101d\u0101ms un uzglab\u0101jams apm\u0101c\u012bbas modelis IVAD (implant\u0113jamu asinsvadu piek\u013cuves ier\u012b\u010du) palp\u0101cijas un piek\u013cuves apguvei.<\/li>\n<li>Var simul\u0113t da\u017e\u0101das IVAD poz\u012bcijas: norm\u0101lu, sasv\u0113rtu, nosl\u012bd\u0113ju\u0161u vai dzi\u013ci ievietotu, izmantojot re\u0101lu sp\u0113ku.<\/li>\n<li>Veiksm\u012bgu piek\u013cuvi apstiprina asins atgrie\u0161ana, jo modelim ir sava 35 cm3 simul\u0113ta asins rezervu\u0101ra.<\/li>\n<li>Var b\u016bt pieejams ar vai bez kastes. Nav nepiecie\u0161ama uzst\u0101d\u012b\u0161ana vai apkope.<\/li>\n<li>Lielisks modelis roku-acu koordin\u0101cijas att\u012bst\u012b\u0161anai un p\u0101rliec\u012bbas ieg\u016b\u0161anai, ko viegli var izmantot ar\u012b pacientu piek\u013cuves att\u012bst\u012b\u0161anai!<\/li>\n<\/ul>\n<h3>Implant\u0113tu asinsvadu piek\u013cuves ier\u012b\u010du simulatori \u2013 <a href=\"http:\/\/labostera.lt\/lv\/product-brand\/erler-zimmer-gmbh-co-kg\/\">Erlera-Zimmera anatomijas grupa<\/a><\/h3>\n<p>Vair\u0101k inform\u0101cijas: <a href=\"https:\/\/erler-zimmer.de\/en\/Port-Body-in-a-Box\/R18804\" target=\"_blank\" rel=\"noopener nofollow\">ra\u017eot\u0101ja t\u012bmek\u013ca vietn\u0113<\/a> vai nos\u016btiet mums piepras\u012bjumu!<\/p>","protected":false},"excerpt":{"rendered":"<p>Erlera-Zimera p\u0101rn\u0113s\u0101jamais IVAD trena\u017eieris \u201c\u0136ermenis kast\u0113\u201d \u2013 implant\u0113tas asinsvadu piek\u013cuves ier\u012bces trena\u017eieris. M\u0101c\u012b\u0161an\u0101s palp\u0113t un piek\u013c\u016bt IVAD.<\/p>","protected":false},"featured_media":21176,"template":"","meta":[],"product_cat":[838,75,79],"product_tag":[692,1053,831,832,829,830,577,690,833,490],"class_list":{"0":"post-21174","1":"product","2":"type-product","3":"status-publish","4":"has-post-thumbnail","6":"product_brand-erler-zimmer-gmbh-co-kg","7":"product_cat-medicininiai-simuliatoriai","8":"product_cat-modeliai-manekenai-muliazai","9":"product_cat-mokymo-priemones-ir-iranga","10":"product_tag-erler-zimmer-gmbh-co-kg","11":"product_tag-implantuotu-kraujagysliu-prieigos-prietaisu-treniruokliai","12":"product_tag-medical-models","13":"product_tag-medical-simulators","14":"product_tag-medicininiai-modeliai","15":"product_tag-medicininiai-simuliatoriai","16":"product_tag-modeliai","17":"product_tag-models","18":"product_tag-simulatoriai","19":"product_tag-simulators","21":"first","22":"onbackorder","23":"shipping-taxable","24":"purchasable","25":"product-type-simple"},"_links":{"self":[{"href":"https:\/\/labostera.lt\/lv\/wp-json\/wp\/v2\/product\/21174","targetHints":{"allow":["GET"]}}],"collection":[{"href":"https:\/\/labostera.lt\/lv\/wp-json\/wp\/v2\/product"}],"about":[{"href":"https:\/\/labostera.lt\/lv\/wp-json\/wp\/v2\/types\/product"}],"wp:featuredmedia":[{"embeddable":true,"href":"https:\/\/labostera.lt\/lv\/wp-json\/wp\/v2\/media\/21176"}],"wp:attachment":[{"href":"https:\/\/labostera.lt\/lv\/wp-json\/wp\/v2\/media?parent=21174"}],"wp:term":[{"taxonomy":"product_cat","embeddable":true,"href":"https:\/\/labostera.lt\/lv\/wp-json\/wp\/v2\/product_cat?post=21174"},{"taxonomy":"product_tag","embeddable":true,"href":"https:\/\/labostera.lt\/lv\/wp-json\/wp\/v2\/product_tag?post=21174"}],"curies":[{"name":"wp","href":"https:\/\/api.w.org\/{rel}","templated":true}]}}