{"id":21169,"date":"2024-05-10T10:46:13","date_gmt":"2024-05-10T07:46:13","guid":{"rendered":"http:\/\/labostera.lt\/?post_type=product&#038;p=21169"},"modified":"2024-10-18T15:13:52","modified_gmt":"2024-10-18T12:13:52","slug":"ultragarsu-valdomas-periferiskai-iterpto-centrinio-kateterio-simuliatorius-erler-zimmer-ultrasound-guided-peripherally-inserted-central-catheter-simulator","status":"publish","type":"product","link":"https:\/\/labostera.lt\/lv\/priemones-ir-iranga\/mokymo-priemones-ir-iranga\/medicininiai-simuliatoriai\/ultragarsu-valdomas-periferiskai-iterpto-centrinio-kateterio-simuliatorius-erler-zimmer-ultrasound-guided-peripherally-inserted-central-catheter-simulator\/","title":{"rendered":"Erlera-Zimmera ultraska\u0146as vad\u012bts perif\u0113ri ievietots centr\u0101l\u0101 katetra simulators"},"content":{"rendered":"<h2><strong>\u201eErler-Zimmer GmbH &amp; Co. KG Ultraska\u0146as vad\u012bts perif\u0113ri ievietots centr\u0101l\u0101 katetra simulators<\/strong>:<\/h2>\n<ul>\n<li>Modelis R16014<\/li>\n<li>Perif\u0113ri ievietots centr\u0101lais katetrs (PICC) tiek uzskat\u012bts par dro\u0161u katetra ievieto\u0161anas centr\u0101laj\u0101 l\u012bnij\u0101 metodi, un, lai samazin\u0101tu risku pacientiem, ieteicams ievietot katetru ultraska\u0146as vad\u012bt\u0101 veid\u0101.<\/li>\n<li>\u0160is piln\u012bgi jaunais apm\u0101c\u012bbas materi\u0101ls ir vien\u012bgais modelis, kas nodro\u0161ina apm\u0101c\u012bbu vis\u0101s proced\u016br\u0101s, s\u0101kot no adatas ievieto\u0161anas, PICC manipul\u0101cijas l\u012bdz dist\u0101l\u0101 katetra gala ievieto\u0161anai SVC.<\/li>\n<li>Gan bazilik\u0101l\u0101s, gan galvas v\u0113nas ir sagatavotas piek\u013cuvei, lai noteiktu da\u017e\u0101dus kanul\u0101cijas gr\u016bt\u012bbas l\u012bme\u0146us.<\/li>\n<li>Ultraska\u0146as vad\u012btas punkcijas vietas var main\u012bt.<\/li>\n<li>J\u016bdasa plecs \u013cauj apg\u016bt rokas poz\u012bciju, lai izvair\u012btos no iesp\u0113jamas nepareizas katetra ievieto\u0161anas.<\/li>\n<li>Anatomiski pareiza venoz\u0101 bifurk\u0101cija aug\u0161\u0113j\u0101 kr\u016b\u0161u dobum\u0101 nodro\u0161ina re\u0101listisku pretest\u012bbu t\u0101s \u0101r\u0113j\u0101m sien\u0101m un \u013cauj simul\u0113t t\u0101das komplik\u0101cijas k\u0101 nepareiza katetra ievieto\u0161ana j\u016bga, torakodors\u0101laj\u0101 vai zematsl\u0113gas v\u0113n\u0101s.<\/li>\n<li>Ide\u0101li piem\u0113rots rezidentu, specializ\u0113to m\u0101su un radiologu apm\u0101c\u012bbai.<\/li>\n<\/ul>\n<h3>Ultraska\u0146as vad\u012bti perif\u0113ri ievietoti centr\u0101l\u0101 katetra simulatori \u2013 <a href=\"http:\/\/labostera.lt\/lv\/product-brand\/erler-zimmer-gmbh-co-kg\/\">Erlera-Zimmera anatomijas grupa<\/a><\/h3>\n<p>Vair\u0101k inform\u0101cijas: <a href=\"https:\/\/erler-zimmer.de\/en\/Ultrasound-Guided-PICC-Training-Simulator\/R16014\" target=\"_blank\" rel=\"noopener nofollow\">ra\u017eot\u0101ja t\u012bmek\u013ca vietn\u0113<\/a> vai nos\u016btiet mums piepras\u012bjumu!<\/p>","protected":false},"excerpt":{"rendered":"<p>Erlera-Zimmera ultraska\u0146as vad\u012bts perif\u0113ri ievietota centr\u0101l\u0101 katetra simulators \u2013 centr\u0101l\u0101 katetra ievieto\u0161anas apguve ar ultraska\u0146as pal\u012bdz\u012bbu.<\/p>","protected":false},"featured_media":21173,"template":"","meta":[],"product_cat":[838,75,79],"product_tag":[692,831,832,829,830,577,690,833,490,1052],"class_list":{"0":"post-21169","1":"product","2":"type-product","3":"status-publish","4":"has-post-thumbnail","6":"product_brand-erler-zimmer-gmbh-co-kg","7":"product_cat-medicininiai-simuliatoriai","8":"product_cat-modeliai-manekenai-muliazai","9":"product_cat-mokymo-priemones-ir-iranga","10":"product_tag-erler-zimmer-gmbh-co-kg","11":"product_tag-medical-models","12":"product_tag-medical-simulators","13":"product_tag-medicininiai-modeliai","14":"product_tag-medicininiai-simuliatoriai","15":"product_tag-modeliai","16":"product_tag-models","17":"product_tag-simulatoriai","18":"product_tag-simulators","19":"product_tag-ultragarsu-valdomi-periferiskai-iterpto-centrinio-kateterio-simuliatoriai","21":"first","22":"onbackorder","23":"shipping-taxable","24":"purchasable","25":"product-type-simple"},"_links":{"self":[{"href":"https:\/\/labostera.lt\/lv\/wp-json\/wp\/v2\/product\/21169","targetHints":{"allow":["GET"]}}],"collection":[{"href":"https:\/\/labostera.lt\/lv\/wp-json\/wp\/v2\/product"}],"about":[{"href":"https:\/\/labostera.lt\/lv\/wp-json\/wp\/v2\/types\/product"}],"wp:featuredmedia":[{"embeddable":true,"href":"https:\/\/labostera.lt\/lv\/wp-json\/wp\/v2\/media\/21173"}],"wp:attachment":[{"href":"https:\/\/labostera.lt\/lv\/wp-json\/wp\/v2\/media?parent=21169"}],"wp:term":[{"taxonomy":"product_cat","embeddable":true,"href":"https:\/\/labostera.lt\/lv\/wp-json\/wp\/v2\/product_cat?post=21169"},{"taxonomy":"product_tag","embeddable":true,"href":"https:\/\/labostera.lt\/lv\/wp-json\/wp\/v2\/product_tag?post=21169"}],"curies":[{"name":"wp","href":"https:\/\/api.w.org\/{rel}","templated":true}]}}