{"id":21162,"date":"2024-05-10T10:09:31","date_gmt":"2024-05-10T07:09:31","guid":{"rendered":"http:\/\/labostera.lt\/?post_type=product&#038;p=21162"},"modified":"2024-10-18T15:19:08","modified_gmt":"2024-10-18T12:19:08","slug":"krutines-modelis-erler-zimmer-chester-chest-model","status":"publish","type":"product","link":"https:\/\/labostera.lt\/lv\/priemones-ir-iranga\/mokymo-priemones-ir-iranga\/medicininiai-simuliatoriai\/krutines-modelis-erler-zimmer-chester-chest-model\/","title":{"rendered":"Kr\u016b\u0161kurvja modelis Erler-Zimmer \u201cChester\u201d Kr\u016b\u0161kurvja modelis"},"content":{"rendered":"<h2><strong>Erler-Zimmer GmbH &amp; Co. KG Chester kr\u016b\u0161kurvja modelis<\/strong>:<\/h2>\n<ul>\n<li>Modelis R18803<\/li>\n<li>Detaliz\u0113ta un dz\u012bvei l\u012bdz\u012bga cilv\u0113ka sirds un plau\u0161u zonas mode\u013ca simul\u0101cija.<\/li>\n<li>\u013bauj apg\u016bt un demonstr\u0113t kompetenci darb\u0101 ar izplat\u012bt\u0101kaj\u0101m ilgtermi\u0146a asinsvadu piek\u013cuves ier\u012bc\u0113m.<\/li>\n<li>Savietojams ar portiem, centr\u0101lajiem venozajiem katetriem un perif\u0113ri ievietotiem centr\u0101lajiem katetriem.<\/li>\n<li>Taktil\u0101s saj\u016btas ir \u013coti l\u012bdz\u012bgas cilv\u0113ka audu faktiskaj\u0101m tekst\u016br\u0101m.<\/li>\n<li>J\u016bs varat iem\u0101c\u012bties praktiz\u0113t palp\u0101ciju un piek\u013cuvi gr\u016bti sasniedzam\u0101m ostas zon\u0101m.<\/li>\n<li>Da\u017e\u0101die nodro\u0161in\u0101tie ielikt\u0146i \u013cauj praktiz\u0113t sare\u017e\u0123\u012btu piek\u013cuvi da\u017e\u0101da veida ievietotaj\u0101m piesl\u0113gviet\u0101m.<\/li>\n<li>Pilns komplekts, ieskaitot modeli, no\u0146emamu sviru, \u0101r\u0113jo audu atloku, tr\u012bs gr\u016bti pieejamus ielikt\u0146us, uzst\u0101d\u012btu portu, centr\u0101lo venozo katetru, perif\u0113ri ievietotu centr\u0101lo katetru, atveres subatsl\u0113gas kaula vai \u0101r\u0113j\u0101 j\u016bga venoz\u0101 katetra piestiprin\u0101\u0161anai, asins rezervu\u0101rus, caurul\u012btes, talka b\u0113rnu p\u016bderi un lieto\u0161anas instrukciju.<\/li>\n<\/ul>\n<ul>\n<li>Modelis R18801<\/li>\n<li>\u013bauj apg\u016bt un demonstr\u0113t kompetenci darb\u0101 ar izplat\u012bt\u0101kaj\u0101m ilgtermi\u0146a asinsvadu piek\u013cuves ier\u012bc\u0113m.<\/li>\n<li>T\u0101pat k\u0101 modelis R18803, tikai ar standarta sviru<\/li>\n<\/ul>\n<h3>Kr\u016b\u0161u mode\u013ci \u2013 <a href=\"http:\/\/labostera.lt\/lv\/product-brand\/erler-zimmer-gmbh-co-kg\/\">Erlera-Zimmera anatomijas grupa<\/a><\/h3>\n<p>Vair\u0101k inform\u0101cijas: <a href=\"https:\/\/erler-zimmer.de\/en\/Chester-Chest-with-advanced-Arm\/R18803\" target=\"_blank\" rel=\"noopener nofollow\">ra\u017eot\u0101ja t\u012bmek\u013ca vietn\u0113<\/a> vai nos\u016btiet mums piepras\u012bjumu!<\/p>","protected":false},"excerpt":{"rendered":"<p>Erlera-Zimmera \u010cestera kr\u016b\u0161kurvja modelis ar uzlabotu roku \u2013 apm\u0101c\u012bbas modelis, kas paredz\u0113ts, lai apm\u0101c\u012btu un demonstr\u0113tu kompetenci darb\u0101 ar da\u017e\u0101d\u0101m asinsvadu piek\u013cuves ier\u012bc\u0113m.<\/p>","protected":false},"featured_media":21164,"template":"","meta":[],"product_cat":[838,75,79],"product_tag":[692,1051,831,832,829,830,577,690,833,490],"class_list":{"0":"post-21162","1":"product","2":"type-product","3":"status-publish","4":"has-post-thumbnail","6":"product_brand-erler-zimmer-gmbh-co-kg","7":"product_cat-medicininiai-simuliatoriai","8":"product_cat-modeliai-manekenai-muliazai","9":"product_cat-mokymo-priemones-ir-iranga","10":"product_tag-erler-zimmer-gmbh-co-kg","11":"product_tag-krutines-modeliai","12":"product_tag-medical-models","13":"product_tag-medical-simulators","14":"product_tag-medicininiai-modeliai","15":"product_tag-medicininiai-simuliatoriai","16":"product_tag-modeliai","17":"product_tag-models","18":"product_tag-simulatoriai","19":"product_tag-simulators","21":"first","22":"onbackorder","23":"shipping-taxable","24":"purchasable","25":"product-type-variable"},"_links":{"self":[{"href":"https:\/\/labostera.lt\/lv\/wp-json\/wp\/v2\/product\/21162","targetHints":{"allow":["GET"]}}],"collection":[{"href":"https:\/\/labostera.lt\/lv\/wp-json\/wp\/v2\/product"}],"about":[{"href":"https:\/\/labostera.lt\/lv\/wp-json\/wp\/v2\/types\/product"}],"wp:featuredmedia":[{"embeddable":true,"href":"https:\/\/labostera.lt\/lv\/wp-json\/wp\/v2\/media\/21164"}],"wp:attachment":[{"href":"https:\/\/labostera.lt\/lv\/wp-json\/wp\/v2\/media?parent=21162"}],"wp:term":[{"taxonomy":"product_cat","embeddable":true,"href":"https:\/\/labostera.lt\/lv\/wp-json\/wp\/v2\/product_cat?post=21162"},{"taxonomy":"product_tag","embeddable":true,"href":"https:\/\/labostera.lt\/lv\/wp-json\/wp\/v2\/product_tag?post=21162"}],"curies":[{"name":"wp","href":"https:\/\/api.w.org\/{rel}","templated":true}]}}