{"id":21159,"date":"2024-05-10T09:36:32","date_gmt":"2024-05-10T06:36:32","guid":{"rendered":"http:\/\/labostera.lt\/?post_type=product&#038;p=21159"},"modified":"2024-10-18T15:13:54","modified_gmt":"2024-10-18T12:13:54","slug":"venu-prieigos-irenginio-modelis-erler-zimmer-venous-access-device-model","status":"publish","type":"product","link":"https:\/\/labostera.lt\/lv\/priemones-ir-iranga\/mokymo-priemones-ir-iranga\/medicininiai-simuliatoriai\/venu-prieigos-irenginio-modelis-erler-zimmer-venous-access-device-model\/","title":{"rendered":"Erlera-Zimmera venoz\u0101s pieejas ier\u012bces modelis"},"content":{"rendered":"<h2><strong>\u201eErler-Zimmer GmbH &amp; Co. KG venoz\u0101s pieejas ier\u012bces modelis<\/strong>:<\/h2>\n<ul>\n<li>Modelis R10020<\/li>\n<li>Tiek pied\u0101v\u0101ti kreis\u0101s un lab\u0101s puses subkl\u0101visk\u0101 katetra savienojumi, un ir uzst\u0101d\u012bts PORT-A-CATH apr\u012bkojums.<\/li>\n<li>Abus katetrus var izskalot ar \u016bdeni.<\/li>\n<li>Uzmont\u0113ts uz saliekama stat\u012bva.<\/li>\n<li>Izm\u0113rs: 57 x 46 x 13 cm, svars: 4,5 kg<\/li>\n<\/ul>\n<h3>Venoz\u0101s piek\u013cuves ier\u012b\u010du mode\u013ci \u2013 <a href=\"http:\/\/labostera.lt\/lv\/product-brand\/erler-zimmer-gmbh-co-kg\/\">Erlera-Zimmera anatomijas grupa<\/a><\/h3>\n<p>Vair\u0101k inform\u0101cijas: <a href=\"https:\/\/erler-zimmer.de\/en\/Venous-Access-Device-Model\/R10020\" target=\"_blank\" rel=\"noopener nofollow\">ra\u017eot\u0101ja t\u012bmek\u013ca vietn\u0113<\/a> vai nos\u016btiet mums piepras\u012bjumu!<\/p>","protected":false},"excerpt":{"rendered":"<p>Erlera-Zimmera venoz\u0101s pieejas ier\u012bces modelis \u2013 modelis ar atsl\u0113gas kaula katetra savienojumiem un uzst\u0101d\u012btu PORT-A-CATH apr\u012bkojumu.<\/p>","protected":false},"featured_media":21161,"template":"","meta":[],"product_cat":[838,75,79],"product_tag":[692,831,832,829,830,577,690,833,490,1050],"class_list":{"0":"post-21159","1":"product","2":"type-product","3":"status-publish","4":"has-post-thumbnail","6":"product_brand-erler-zimmer-gmbh-co-kg","7":"product_cat-medicininiai-simuliatoriai","8":"product_cat-modeliai-manekenai-muliazai","9":"product_cat-mokymo-priemones-ir-iranga","10":"product_tag-erler-zimmer-gmbh-co-kg","11":"product_tag-medical-models","12":"product_tag-medical-simulators","13":"product_tag-medicininiai-modeliai","14":"product_tag-medicininiai-simuliatoriai","15":"product_tag-modeliai","16":"product_tag-models","17":"product_tag-simulatoriai","18":"product_tag-simulators","19":"product_tag-venu-prieigos-irenginio-modeliai","21":"first","22":"onbackorder","23":"shipping-taxable","24":"purchasable","25":"product-type-simple"},"_links":{"self":[{"href":"https:\/\/labostera.lt\/lv\/wp-json\/wp\/v2\/product\/21159","targetHints":{"allow":["GET"]}}],"collection":[{"href":"https:\/\/labostera.lt\/lv\/wp-json\/wp\/v2\/product"}],"about":[{"href":"https:\/\/labostera.lt\/lv\/wp-json\/wp\/v2\/types\/product"}],"wp:featuredmedia":[{"embeddable":true,"href":"https:\/\/labostera.lt\/lv\/wp-json\/wp\/v2\/media\/21161"}],"wp:attachment":[{"href":"https:\/\/labostera.lt\/lv\/wp-json\/wp\/v2\/media?parent=21159"}],"wp:term":[{"taxonomy":"product_cat","embeddable":true,"href":"https:\/\/labostera.lt\/lv\/wp-json\/wp\/v2\/product_cat?post=21159"},{"taxonomy":"product_tag","embeddable":true,"href":"https:\/\/labostera.lt\/lv\/wp-json\/wp\/v2\/product_tag?post=21159"}],"curies":[{"name":"wp","href":"https:\/\/api.w.org\/{rel}","templated":true}]}}