{"id":21147,"date":"2024-05-10T08:22:50","date_gmt":"2024-05-10T05:22:50","guid":{"rendered":"http:\/\/labostera.lt\/?post_type=product&#038;p=21147"},"modified":"2024-10-18T15:13:58","modified_gmt":"2024-10-18T12:13:58","slug":"centrines-venos-punkcijos-treniruoklis-erler-zimmer-central-venous-puncture-trainer","status":"publish","type":"product","link":"https:\/\/labostera.lt\/lv\/priemones-ir-iranga\/mokymo-priemones-ir-iranga\/medicininiai-simuliatoriai\/centrines-venos-punkcijos-treniruoklis-erler-zimmer-central-venous-puncture-trainer\/","title":{"rendered":"Centr\u0101l\u0101s v\u0113nu punkcijas trena\u017eieris Erler-Zimmer centr\u0101l\u0101s v\u0113nu punkcijas trena\u017eieris"},"content":{"rendered":"<h2><strong>\u201eErler-Zimmer GmbH &amp; Co. KG centr\u0101l\u0101 venipunkt\u016bras trena\u017eieris<\/strong>:<\/h2>\n<ul>\n<li>Modelis LM90<\/li>\n<li>Piem\u0113rots ultraska\u0146as vad\u012btu centr\u0101lo v\u0113nu punkciju un vadpunkciju veik\u0161anai.<\/li>\n<li>\u013bauj studentiem noteikt punkcijas vietu, pamatojoties uz svar\u012bgiem orientieriem.<\/li>\n<li>Simul\u0113tas asinis var sav\u0101kt, ievietojot adatas v\u0113n\u0101.<\/li>\n<li>\u013bauj studentiem veikt centr\u0101l\u0101s v\u0113nas punkciju, radot negat\u012bvu spiedienu uz \u0161\u013circi.<\/li>\n<li>Gaisa spiediens balstiek\u0101rt\u0101 nor\u0101da uz nepareizu plau\u0161u punkciju.<\/li>\n<li>\u0160is simulators ir paredz\u0113ts izp\u0113tes punkcijas praktiz\u0113\u0161anai.<\/li>\n<li>Nelietojiet katetru un vadotni.<\/li>\n<\/ul>\n<h3>Centr\u0101l\u0101s v\u0113nu punkcijas trena\u017eieri \u2013 <a href=\"http:\/\/labostera.lt\/lv\/product-brand\/erler-zimmer-gmbh-co-kg\/\">Erlera-Zimmera anatomijas grupa<\/a><\/h3>\n<p>Vair\u0101k inform\u0101cijas: <a href=\"https:\/\/erler-zimmer.de\/en\/Central-Venous-Puncture-Trainer\/LM90\" target=\"_blank\" rel=\"noopener nofollow\">ra\u017eot\u0101ja t\u012bmek\u013ca vietn\u0113<\/a> vai nos\u016btiet mums piepras\u012bjumu!<\/p>","protected":false},"excerpt":{"rendered":"<p>Erler-Zimmer centr\u0101l\u0101s venoz\u0101s punkcijas trena\u017eieris \u2013 praktiz\u0113jiet centr\u0101l\u0101s venoz\u0101s punkcijas ultraska\u0146as vad\u012bb\u0101.<\/p>","protected":false},"featured_media":21151,"template":"","meta":[],"product_cat":[838,75,79],"product_tag":[1048,692,831,832,829,830,577,690,833,490],"class_list":{"0":"post-21147","1":"product","2":"type-product","3":"status-publish","4":"has-post-thumbnail","6":"product_brand-erler-zimmer-gmbh-co-kg","7":"product_cat-medicininiai-simuliatoriai","8":"product_cat-modeliai-manekenai-muliazai","9":"product_cat-mokymo-priemones-ir-iranga","10":"product_tag-centrines-venos-punkcijos-treniruokliai","11":"product_tag-erler-zimmer-gmbh-co-kg","12":"product_tag-medical-models","13":"product_tag-medical-simulators","14":"product_tag-medicininiai-modeliai","15":"product_tag-medicininiai-simuliatoriai","16":"product_tag-modeliai","17":"product_tag-models","18":"product_tag-simulatoriai","19":"product_tag-simulators","21":"first","22":"onbackorder","23":"shipping-taxable","24":"purchasable","25":"product-type-simple"},"_links":{"self":[{"href":"https:\/\/labostera.lt\/lv\/wp-json\/wp\/v2\/product\/21147","targetHints":{"allow":["GET"]}}],"collection":[{"href":"https:\/\/labostera.lt\/lv\/wp-json\/wp\/v2\/product"}],"about":[{"href":"https:\/\/labostera.lt\/lv\/wp-json\/wp\/v2\/types\/product"}],"wp:featuredmedia":[{"embeddable":true,"href":"https:\/\/labostera.lt\/lv\/wp-json\/wp\/v2\/media\/21151"}],"wp:attachment":[{"href":"https:\/\/labostera.lt\/lv\/wp-json\/wp\/v2\/media?parent=21147"}],"wp:term":[{"taxonomy":"product_cat","embeddable":true,"href":"https:\/\/labostera.lt\/lv\/wp-json\/wp\/v2\/product_cat?post=21147"},{"taxonomy":"product_tag","embeddable":true,"href":"https:\/\/labostera.lt\/lv\/wp-json\/wp\/v2\/product_tag?post=21147"}],"curies":[{"name":"wp","href":"https:\/\/api.w.org\/{rel}","templated":true}]}}