{"id":21139,"date":"2024-05-09T16:18:36","date_gmt":"2024-05-09T13:18:36","guid":{"rendered":"http:\/\/labostera.lt\/?post_type=product&#038;p=21139"},"modified":"2024-10-18T15:13:59","modified_gmt":"2024-10-18T12:13:59","slug":"centrines-venos-punkcijos-simuliatorius-erler-zimmer-central-venous-puncture-simulator","status":"publish","type":"product","link":"https:\/\/labostera.lt\/lv\/priemones-ir-iranga\/mokymo-priemones-ir-iranga\/medicininiai-simuliatoriai\/centrines-venos-punkcijos-simuliatorius-erler-zimmer-central-venous-puncture-simulator\/","title":{"rendered":"Centr\u0101l\u0101s v\u0113nu punkcijas simulators Erlera-Zimmera centr\u0101l\u0101s v\u0113nu punkcijas simulators"},"content":{"rendered":"<h2><strong>Erler-Zimmer GmbH &amp; Co. KG centr\u0101l\u0101s v\u0113nas punkcijas simulators<\/strong>:<\/h2>\n<ul>\n<li>Modelis R16051<\/li>\n<li>Uzlabota apm\u0101c\u012bba centr\u0101l\u0101s v\u0113nu punkcijas veik\u0161anai ultraska\u0146as vad\u012bb\u0101.<\/li>\n<li>Padu\u0161u v\u0113nu un iek\u0161\u0113jo port\u0101lo v\u0113nu tehnika.<\/li>\n<li>Ievadapm\u0101c\u012bbas bloks ultraska\u0146as vad\u012btas punkcijas pamatprincipu apg\u016b\u0161anai.<\/li>\n<li>Lieliska video kvalit\u0101te.<\/li>\n<li>M\u0101c\u012b\u0161an\u0101s no k\u013c\u016bd\u0101m; da\u017e\u0101di sare\u017e\u0123\u012bjumu mode\u013ci.<\/li>\n<\/ul>\n<h3>Centr\u0101l\u0101s venipunkt\u016bras simulatora funkcijas:<\/h3>\n<ul>\n<li>Efekt\u012bva kanul\u0101cijas apm\u0101c\u012bba; Vien\u012bgais simulators ar anatomiski pareiz\u0101m zematsl\u0113gas v\u0113nu, labo iek\u0161\u0113jo port\u0101lo v\u0113nu un VSC loc\u012btav\u0101m.<\/li>\n<li>Simulatora komplekt\u0101 ietilpst tr\u012bs main\u0101mi spilventi\u0146i punkcijas zonai, vadotnes punkcijas spilventi\u0146\u0161, ultraska\u0146as zi\u017e\u013ca punkcijas spilventi\u0146\u0161 un caursp\u012bd\u012bgs kanul\u0101cijas bloks.<\/li>\n<li>Students apg\u016bs tr\u012bs prasmes: k\u0101 veikt dro\u0161\u0101ku punkciju, k\u0101 izvair\u012bties no iesp\u0113jam\u0101m punkcijas komplik\u0101cij\u0101m un k\u0101 ievietot katetru pareizaj\u0101 viet\u0101.<\/li>\n<\/ul>\n<h3>Centr\u0101l\u0101s v\u0113nas punkcijas simulatori \u2013 <a href=\"http:\/\/labostera.lt\/lv\/product-brand\/erler-zimmer-gmbh-co-kg\/\">Erlera-Zimmera anatomijas grupa<\/a><\/h3>\n<p>Vair\u0101k inform\u0101cijas: <a href=\"https:\/\/erler-zimmer.de\/en\/Central-Venous-Puncture-Simulator\/R16051\" target=\"_blank\" rel=\"noopener nofollow\">ra\u017eot\u0101ja t\u012bmek\u013ca vietn\u0113<\/a> vai nos\u016btiet mums piepras\u012bjumu!<\/p>","protected":false},"excerpt":{"rendered":"<p>Erler-Zimmer centr\u0101l\u0101s venopunkt\u016bras simulators \u2013 ide\u0101ls apm\u0101c\u012bbas r\u012bks centr\u0101l\u0101s v\u0113nas punkcijai ultraska\u0146as vad\u012bb\u0101. Efekt\u012bvi un re\u0101listiski.<\/p>","protected":false},"featured_media":21141,"template":"","meta":[],"product_cat":[838,75,79],"product_tag":[692,831,832,829,830,577,690,833,490,1046],"class_list":{"0":"post-21139","1":"product","2":"type-product","3":"status-publish","4":"has-post-thumbnail","6":"product_brand-erler-zimmer-gmbh-co-kg","7":"product_cat-medicininiai-simuliatoriai","8":"product_cat-modeliai-manekenai-muliazai","9":"product_cat-mokymo-priemones-ir-iranga","10":"product_tag-erler-zimmer-gmbh-co-kg","11":"product_tag-medical-models","12":"product_tag-medical-simulators","13":"product_tag-medicininiai-modeliai","14":"product_tag-medicininiai-simuliatoriai","15":"product_tag-modeliai","16":"product_tag-models","17":"product_tag-simulatoriai","18":"product_tag-simulators","19":"product_tag-venos-punkcijos-simuliatoriai","21":"first","22":"onbackorder","23":"shipping-taxable","24":"purchasable","25":"product-type-simple"},"_links":{"self":[{"href":"https:\/\/labostera.lt\/lv\/wp-json\/wp\/v2\/product\/21139","targetHints":{"allow":["GET"]}}],"collection":[{"href":"https:\/\/labostera.lt\/lv\/wp-json\/wp\/v2\/product"}],"about":[{"href":"https:\/\/labostera.lt\/lv\/wp-json\/wp\/v2\/types\/product"}],"wp:featuredmedia":[{"embeddable":true,"href":"https:\/\/labostera.lt\/lv\/wp-json\/wp\/v2\/media\/21141"}],"wp:attachment":[{"href":"https:\/\/labostera.lt\/lv\/wp-json\/wp\/v2\/media?parent=21139"}],"wp:term":[{"taxonomy":"product_cat","embeddable":true,"href":"https:\/\/labostera.lt\/lv\/wp-json\/wp\/v2\/product_cat?post=21139"},{"taxonomy":"product_tag","embeddable":true,"href":"https:\/\/labostera.lt\/lv\/wp-json\/wp\/v2\/product_tag?post=21139"}],"curies":[{"name":"wp","href":"https:\/\/api.w.org\/{rel}","templated":true}]}}