{"id":21135,"date":"2024-05-09T15:31:59","date_gmt":"2024-05-09T12:31:59","guid":{"rendered":"http:\/\/labostera.lt\/?post_type=product&#038;p=21135"},"modified":"2024-10-18T15:14:01","modified_gmt":"2024-10-18T12:14:01","slug":"intradermines-injekcijos-treniruoklis-erler-zimmer-intradermic-injection-trainer","status":"publish","type":"product","link":"https:\/\/labostera.lt\/lv\/priemones-ir-iranga\/mokymo-priemones-ir-iranga\/medicininiai-simuliatoriai\/intradermines-injekcijos-treniruoklis-erler-zimmer-intradermic-injection-trainer\/","title":{"rendered":"Intraderm\u0101lo injekciju trena\u017eieris Erler-Zimmer intraderm\u0101lo injekciju trena\u017eieris"},"content":{"rendered":"<h2><strong>Erler-Zimmer GmbH &amp; Co. KG Intraderm\u0101l\u0101s injekcijas treneris<\/strong>:<\/h2>\n<ul>\n<li>Modelis 7110<\/li>\n<li>\u0160is simulators sast\u0101v no elast\u012bgas \u0101das uz elast\u012bgas pamatnes.<\/li>\n<li>Re\u0101listiska \u0101das st\u0101vok\u013ca un optisk\u0101 izskata rad\u012b\u0161ana rada dabiskas m\u0101c\u012bbu iesp\u0113jas.<\/li>\n<li>Simulatoram ir se\u0161as vietas intraderm\u0101lu injekciju apm\u0101c\u012bbai.<\/li>\n<li>Ja \u0161\u0137idrums tiek injic\u0113ts pareizi, veidojas tipisks \u0101das piet\u016bkums.<\/li>\n<li>\u0160o piet\u016bkumu var no\u0146emt, vienk\u0101r\u0161i ievelkot \u0161\u0137idrumu atpaka\u013c \u0161\u013circ\u0113.<\/li>\n<li>Katru injekcijas vietu skol\u0113ni var izmantot vair\u0101kas reizes.<\/li>\n<li>Ja d\u016briena vietas ir nodilu\u0161as, \u0101du var viegli nomain\u012bt un pamatni izmantot atk\u0101rtoti.<\/li>\n<\/ul>\n<h3>Intraderm\u0101lo injekciju trena\u017eiera funkcijas:<\/h3>\n<ul>\n<li>Re\u0101listisks simulators intraderm\u0101lu injekciju praktiz\u0113\u0161anai<\/li>\n<li>Lielisks m\u0101c\u012bbu l\u012bdzeklis<\/li>\n<\/ul>\n<h3>Intraderm\u0101lo injekciju trena\u017eieri \u2013 <a href=\"http:\/\/labostera.lt\/lv\/product-brand\/erler-zimmer-gmbh-co-kg\/\">Erlera-Zimmera anatomijas grupa<\/a><\/h3>\n<p>Vair\u0101k inform\u0101cijas: <a href=\"https:\/\/erler-zimmer.de\/en\/Endermic-Injection-Training-Simulator\/R16620\" target=\"_blank\" rel=\"noopener nofollow\">ra\u017eot\u0101ja t\u012bmek\u013ca vietn\u0113<\/a> vai nos\u016btiet mums piepras\u012bjumu!<\/p>","protected":false},"excerpt":{"rendered":"<p>Erler-Zimmer intraderm\u0101lo injekciju trena\u017eieris \u2013 re\u0101listisks simulators intraderm\u0101lu injekciju praktiz\u0113\u0161anai. Lielisks m\u0101c\u012bbu l\u012bdzeklis.<\/p>","protected":false},"featured_media":21138,"template":"","meta":[],"product_cat":[838,75,79],"product_tag":[692,1045,831,832,829,830,577,690,833,490],"class_list":{"0":"post-21135","1":"product","2":"type-product","3":"status-publish","4":"has-post-thumbnail","6":"product_brand-erler-zimmer-gmbh-co-kg","7":"product_cat-medicininiai-simuliatoriai","8":"product_cat-modeliai-manekenai-muliazai","9":"product_cat-mokymo-priemones-ir-iranga","10":"product_tag-erler-zimmer-gmbh-co-kg","11":"product_tag-intradermines-injekcijos-treniruokliai","12":"product_tag-medical-models","13":"product_tag-medical-simulators","14":"product_tag-medicininiai-modeliai","15":"product_tag-medicininiai-simuliatoriai","16":"product_tag-modeliai","17":"product_tag-models","18":"product_tag-simulatoriai","19":"product_tag-simulators","21":"first","22":"onbackorder","23":"shipping-taxable","24":"purchasable","25":"product-type-simple"},"_links":{"self":[{"href":"https:\/\/labostera.lt\/lv\/wp-json\/wp\/v2\/product\/21135","targetHints":{"allow":["GET"]}}],"collection":[{"href":"https:\/\/labostera.lt\/lv\/wp-json\/wp\/v2\/product"}],"about":[{"href":"https:\/\/labostera.lt\/lv\/wp-json\/wp\/v2\/types\/product"}],"wp:featuredmedia":[{"embeddable":true,"href":"https:\/\/labostera.lt\/lv\/wp-json\/wp\/v2\/media\/21138"}],"wp:attachment":[{"href":"https:\/\/labostera.lt\/lv\/wp-json\/wp\/v2\/media?parent=21135"}],"wp:term":[{"taxonomy":"product_cat","embeddable":true,"href":"https:\/\/labostera.lt\/lv\/wp-json\/wp\/v2\/product_cat?post=21135"},{"taxonomy":"product_tag","embeddable":true,"href":"https:\/\/labostera.lt\/lv\/wp-json\/wp\/v2\/product_tag?post=21135"}],"curies":[{"name":"wp","href":"https:\/\/api.w.org\/{rel}","templated":true}]}}