{"id":21131,"date":"2024-05-09T14:39:31","date_gmt":"2024-05-09T11:39:31","guid":{"rendered":"http:\/\/labostera.lt\/?post_type=product&#038;p=21131"},"modified":"2024-10-18T15:14:03","modified_gmt":"2024-10-18T12:14:03","slug":"endermines-injekcijos-simuliatorius-erler-zimmer-endermic-injection-simulator","status":"publish","type":"product","link":"https:\/\/labostera.lt\/lv\/priemones-ir-iranga\/mokymo-priemones-ir-iranga\/medicininiai-simuliatoriai\/endermines-injekcijos-simuliatorius-erler-zimmer-endermic-injection-simulator\/","title":{"rendered":"Endermisk\u0101s injekcijas simulators Erlera-Zimmera endermisk\u0101s injekcijas simulators"},"content":{"rendered":"<h2><strong>Erler-Zimmer GmbH &amp; Co. KG endermisk\u0101s injekcijas simulators<\/strong>:<\/h2>\n<ul>\n<li>Modelis R16620<\/li>\n<li>\u0160is simulators nodro\u0161ina apm\u0101c\u012bbu intrakut\u0101n\u0101s injekcij\u0101s apak\u0161delma iek\u0161pus\u0113.<\/li>\n<li>Pareizi veicot injekcijas proced\u016bru, veidojas skaidrs, rakstur\u012bgs \u0101das piet\u016bkums.<\/li>\n<li>Dz\u012bves izm\u0113ra modelis ar re\u0101listisku piesk\u0101rienu un pretest\u012bbu.<\/li>\n<li>Komplekt\u0101 ietilpst 5 caurdur\u0161anas pamatnes un stat\u012bvs.<\/li>\n<\/ul>\n<h3>Endermisk\u0101s injekcijas simulatora funkcijas:<\/h3>\n<ul>\n<li>Apm\u0101c\u012bbas r\u012bks, kas nodro\u0161ina re\u0101listisku intrakut\u0101nu injekciju veik\u0161anas praksi<\/li>\n<li>Lielisks m\u0101c\u012bbu l\u012bdzeklis<\/li>\n<\/ul>\n<h3>Endermisko injekciju simulatori \u2013 <a href=\"http:\/\/labostera.lt\/lv\/product-brand\/erler-zimmer-gmbh-co-kg\/\">Erlera-Zimmera anatomijas grupa<\/a><\/h3>\n<p>Vair\u0101k inform\u0101cijas: <a href=\"https:\/\/erler-zimmer.de\/en\/Endermic-Injection-Training-Simulator\/R16620\" target=\"_blank\" rel=\"noopener nofollow\">ra\u017eot\u0101ja t\u012bmek\u013ca vietn\u0113<\/a> vai nos\u016btiet mums piepras\u012bjumu!<\/p>","protected":false},"excerpt":{"rendered":"<p>Erlera-Zimmera endermisk\u0101s injekcijas simulators \u2013 apm\u0101c\u012bbas r\u012bks, kas nodro\u0161ina re\u0101listisku intrakut\u0101nu injekciju veik\u0161anas praksi. Lielisks instruments m\u0101c\u012b\u0161anai.<\/p>","protected":false},"featured_media":21133,"template":"","meta":[],"product_cat":[838,75,79],"product_tag":[1044,692,831,832,829,830,577,690,833,490],"class_list":{"0":"post-21131","1":"product","2":"type-product","3":"status-publish","4":"has-post-thumbnail","6":"product_brand-erler-zimmer-gmbh-co-kg","7":"product_cat-medicininiai-simuliatoriai","8":"product_cat-modeliai-manekenai-muliazai","9":"product_cat-mokymo-priemones-ir-iranga","10":"product_tag-endermines-injekcijos-simuliatoriai","11":"product_tag-erler-zimmer-gmbh-co-kg","12":"product_tag-medical-models","13":"product_tag-medical-simulators","14":"product_tag-medicininiai-modeliai","15":"product_tag-medicininiai-simuliatoriai","16":"product_tag-modeliai","17":"product_tag-models","18":"product_tag-simulatoriai","19":"product_tag-simulators","21":"first","22":"onbackorder","23":"shipping-taxable","24":"purchasable","25":"product-type-simple"},"_links":{"self":[{"href":"https:\/\/labostera.lt\/lv\/wp-json\/wp\/v2\/product\/21131","targetHints":{"allow":["GET"]}}],"collection":[{"href":"https:\/\/labostera.lt\/lv\/wp-json\/wp\/v2\/product"}],"about":[{"href":"https:\/\/labostera.lt\/lv\/wp-json\/wp\/v2\/types\/product"}],"wp:featuredmedia":[{"embeddable":true,"href":"https:\/\/labostera.lt\/lv\/wp-json\/wp\/v2\/media\/21133"}],"wp:attachment":[{"href":"https:\/\/labostera.lt\/lv\/wp-json\/wp\/v2\/media?parent=21131"}],"wp:term":[{"taxonomy":"product_cat","embeddable":true,"href":"https:\/\/labostera.lt\/lv\/wp-json\/wp\/v2\/product_cat?post=21131"},{"taxonomy":"product_tag","embeddable":true,"href":"https:\/\/labostera.lt\/lv\/wp-json\/wp\/v2\/product_tag?post=21131"}],"curies":[{"name":"wp","href":"https:\/\/api.w.org\/{rel}","templated":true}]}}