{"id":21127,"date":"2024-05-09T13:54:59","date_gmt":"2024-05-09T10:54:59","guid":{"rendered":"http:\/\/labostera.lt\/?post_type=product&#038;p=21127"},"modified":"2024-10-18T15:14:05","modified_gmt":"2024-10-18T12:14:05","slug":"intradermines-injekcijos-simuliatorius-erler-zimmer-intradermal-injection-simulator","status":"publish","type":"product","link":"https:\/\/labostera.lt\/lv\/priemones-ir-iranga\/mokymo-priemones-ir-iranga\/medicininiai-simuliatoriai\/intradermines-injekcijos-simuliatorius-erler-zimmer-intradermal-injection-simulator\/","title":{"rendered":"Intraderm\u0101l\u0101s injekcijas simulators Erler-Zimmer intraderm\u0101l\u0101s injekcijas simulators"},"content":{"rendered":"<h2><strong>\u201eErler-Zimmer GmbH &amp; Co. KG intraderm\u0101lo injekciju simulators<\/strong>:<\/h2>\n<ul>\n<li>Modelis R10016<\/li>\n<li>Simulators att\u0113lo roku no plaukstas loc\u012btavas l\u012bdz pat elko\u0146a loc\u012btavai.<\/li>\n<li>Vinila \u0101da nodro\u0161ina re\u0101listisku saj\u016btu un izskatu, nodro\u0161inot re\u0101listisku treni\u0146u pieredzi.<\/li>\n<li>Simulatoram ir asto\u0146as vietas intraderm\u0101lu injekciju praktiz\u0113\u0161anai.<\/li>\n<li>Ja \u0161\u0137idrums tiek injic\u0113ts pareizi, veidosies rakstur\u012bgs \u0101das piet\u016bkums.<\/li>\n<li>Piet\u016bkumu var no\u0146emt, p\u0113c prakses izvadot \u0161\u0137idrumu.<\/li>\n<li>Katru telpu var izmantot vair\u0101ki studenti.<\/li>\n<li>Komplekt\u0101 ietilpst herm\u0113ti\u0137is, \u0161\u013circe un uzglab\u0101\u0161anas kaste.<\/li>\n<\/ul>\n<h3>Intraderm\u0101l\u0101s injekcijas simulatora funkcijas:<\/h3>\n<ul>\n<li>Re\u0101listisks rokas modelis intraderm\u0101las injekcijas apm\u0101c\u012bbai<\/li>\n<li>Lielisks m\u0101c\u012bbu l\u012bdzeklis<\/li>\n<\/ul>\n<h3>Intraderm\u0101lu injekciju simulatori \u2013 <a href=\"http:\/\/labostera.lt\/lv\/product-brand\/erler-zimmer-gmbh-co-kg\/\">Erlera-Zimmera anatomijas grupa<\/a><\/h3>\n<p>Vair\u0101k inform\u0101cijas: <a href=\"https:\/\/erler-zimmer.de\/en\/Intradermal-Injection-Simulator\/R10016\" target=\"_blank\" rel=\"noopener nofollow\">ra\u017eot\u0101ja t\u012bmek\u013ca vietn\u0113<\/a> vai nos\u016btiet mums piepras\u012bjumu!<\/p>","protected":false},"excerpt":{"rendered":"<p>Erlera-Zimmera intraderm\u0101lo injekciju simulators \u2013 re\u0101listisks rokas modelis intraderm\u0101lo injekciju apm\u0101c\u012bbai. Lielisks m\u0101c\u012bbu l\u012bdzeklis.<\/p>","protected":false},"featured_media":21130,"template":"","meta":[],"product_cat":[838,75,79],"product_tag":[692,1043,831,832,829,830,577,690,833,490],"class_list":{"0":"post-21127","1":"product","2":"type-product","3":"status-publish","4":"has-post-thumbnail","6":"product_brand-erler-zimmer-gmbh-co-kg","7":"product_cat-medicininiai-simuliatoriai","8":"product_cat-modeliai-manekenai-muliazai","9":"product_cat-mokymo-priemones-ir-iranga","10":"product_tag-erler-zimmer-gmbh-co-kg","11":"product_tag-intradermines-injekcijos-simuliatoriai","12":"product_tag-medical-models","13":"product_tag-medical-simulators","14":"product_tag-medicininiai-modeliai","15":"product_tag-medicininiai-simuliatoriai","16":"product_tag-modeliai","17":"product_tag-models","18":"product_tag-simulatoriai","19":"product_tag-simulators","21":"first","22":"onbackorder","23":"shipping-taxable","24":"purchasable","25":"product-type-simple"},"_links":{"self":[{"href":"https:\/\/labostera.lt\/lv\/wp-json\/wp\/v2\/product\/21127","targetHints":{"allow":["GET"]}}],"collection":[{"href":"https:\/\/labostera.lt\/lv\/wp-json\/wp\/v2\/product"}],"about":[{"href":"https:\/\/labostera.lt\/lv\/wp-json\/wp\/v2\/types\/product"}],"wp:featuredmedia":[{"embeddable":true,"href":"https:\/\/labostera.lt\/lv\/wp-json\/wp\/v2\/media\/21130"}],"wp:attachment":[{"href":"https:\/\/labostera.lt\/lv\/wp-json\/wp\/v2\/media?parent=21127"}],"wp:term":[{"taxonomy":"product_cat","embeddable":true,"href":"https:\/\/labostera.lt\/lv\/wp-json\/wp\/v2\/product_cat?post=21127"},{"taxonomy":"product_tag","embeddable":true,"href":"https:\/\/labostera.lt\/lv\/wp-json\/wp\/v2\/product_tag?post=21127"}],"curies":[{"name":"wp","href":"https:\/\/api.w.org\/{rel}","templated":true}]}}