{"id":21115,"date":"2024-05-09T11:00:45","date_gmt":"2024-05-09T08:00:45","guid":{"rendered":"http:\/\/labostera.lt\/?post_type=product&#038;p=21115"},"modified":"2024-10-18T15:14:10","modified_gmt":"2024-10-18T12:14:10","slug":"sedmenu-injekcijos-i-raumenis-simuliatorius-erler-zimmer-gluteal-intramuscular-injection-simulator","status":"publish","type":"product","link":"https:\/\/labostera.lt\/lv\/priemones-ir-iranga\/mokymo-priemones-ir-iranga\/medicininiai-simuliatoriai\/sedmenu-injekcijos-i-raumenis-simuliatorius-erler-zimmer-gluteal-intramuscular-injection-simulator\/","title":{"rendered":"Erlera-Zimmera s\u0113\u017eas musku\u013cu injekcijas simulators"},"content":{"rendered":"<h2><strong>Erler-Zimmer GmbH &amp; Co. KG s\u0113\u017eamvietas intramuskul\u0101ras injekcijas simulators<\/strong>:<\/h2>\n<ul>\n<li>Modelis LM67<\/li>\n<li>\u0160is \u013coti re\u0101listisks modelis ir izgatavots no \u012bpa\u0161as plastmasas, radot lietot\u0101jam saj\u016btu, ka vi\u0146\u0161 str\u0101d\u0101 ar \u012bstu cilv\u0113ku-pacientu.<\/li>\n<li>Visas anatomisk\u0101s strukt\u016bras ir redzamas un sataust\u0101mas.<\/li>\n<li>Injekcijas vietas ir veidotas no daudzsl\u0101\u0146u strukt\u016br\u0101m, kas atbilst cilv\u0113ka anatomiskajai strukt\u016brai, lai, ievietojot adatu, rad\u012btu dabisku saj\u016btu.<\/li>\n<li>Ja adatas ir ievietotas nepareizi, sensori, kas atrodas t\u0101lu no pareizaj\u0101m injekcijas viet\u0101m, rad\u012bs ska\u0146as sign\u0101lu.<\/li>\n<li>Injekciju var veikt ar \u0161\u0137idrumu, jo modelim ir dren\u0101\u017eas sist\u0113ma.<\/li>\n<li>Injekcijas vietas j\u0101nosaka, izmantojot Hoh\u0161tetera metodi.<\/li>\n<li>\u0100da un injekcijas vietas ir pieejamas atsevi\u0161\u0137i un savstarp\u0113ji aizvietojamas.<\/li>\n<li>Simulatoru var darbin\u0101t ar baterij\u0101m.<\/li>\n<li>N\u0101k komplekt\u0101 ar transport\u0113\u0161anas kasti.<\/li>\n<\/ul>\n<h3>S\u0113\u017eamvietas injekcijas simulatora funkcijas:<\/h3>\n<ul>\n<li>\u013boti re\u0101listisks apm\u0101c\u012bbas modelis<\/li>\n<li>Ide\u0101ls m\u0101c\u012bbu l\u012bdzeklis<\/li>\n<\/ul>\n<h3>S\u0113\u017eamvietas intramuskul\u0101ras injekcijas simulatori \u2013 <a href=\"http:\/\/labostera.lt\/lv\/product-brand\/erler-zimmer-gmbh-co-kg\/\">Erlera-Zimmera anatomijas grupa<\/a><\/h3>\n<p>Vair\u0101k inform\u0101cijas: <a href=\"https:\/\/erler-zimmer.de\/en\/Gluteal-Intramuscular-Injection-Simulator\/LM57\" target=\"_blank\" rel=\"noopener nofollow\">ra\u017eot\u0101ja t\u012bmek\u013ca vietn\u0113<\/a> vai nos\u016btiet mums piepras\u012bjumu!<\/p>","protected":false},"excerpt":{"rendered":"<p>Erlera-Zimmera s\u0113\u017eamvietas intramuskul\u0101r\u0101s injekcijas simulators \u2013 \u013coti re\u0101listisks treni\u0146u modelis. Ide\u0101ls m\u0101c\u012bbu l\u012bdzeklis.<\/p>","protected":false},"featured_media":21117,"template":"","meta":[],"product_cat":[838,75,79],"product_tag":[692,1041,831,832,829,830,577,690,833,490],"class_list":{"0":"post-21115","1":"product","2":"type-product","3":"status-publish","4":"has-post-thumbnail","6":"product_brand-erler-zimmer-gmbh-co-kg","7":"product_cat-medicininiai-simuliatoriai","8":"product_cat-modeliai-manekenai-muliazai","9":"product_cat-mokymo-priemones-ir-iranga","10":"product_tag-erler-zimmer-gmbh-co-kg","11":"product_tag-injekcijos-i-raumenis-simuliatoriai","12":"product_tag-medical-models","13":"product_tag-medical-simulators","14":"product_tag-medicininiai-modeliai","15":"product_tag-medicininiai-simuliatoriai","16":"product_tag-modeliai","17":"product_tag-models","18":"product_tag-simulatoriai","19":"product_tag-simulators","21":"first","22":"onbackorder","23":"shipping-taxable","24":"purchasable","25":"product-type-simple"},"_links":{"self":[{"href":"https:\/\/labostera.lt\/lv\/wp-json\/wp\/v2\/product\/21115","targetHints":{"allow":["GET"]}}],"collection":[{"href":"https:\/\/labostera.lt\/lv\/wp-json\/wp\/v2\/product"}],"about":[{"href":"https:\/\/labostera.lt\/lv\/wp-json\/wp\/v2\/types\/product"}],"wp:featuredmedia":[{"embeddable":true,"href":"https:\/\/labostera.lt\/lv\/wp-json\/wp\/v2\/media\/21117"}],"wp:attachment":[{"href":"https:\/\/labostera.lt\/lv\/wp-json\/wp\/v2\/media?parent=21115"}],"wp:term":[{"taxonomy":"product_cat","embeddable":true,"href":"https:\/\/labostera.lt\/lv\/wp-json\/wp\/v2\/product_cat?post=21115"},{"taxonomy":"product_tag","embeddable":true,"href":"https:\/\/labostera.lt\/lv\/wp-json\/wp\/v2\/product_tag?post=21115"}],"curies":[{"name":"wp","href":"https:\/\/api.w.org\/{rel}","templated":true}]}}