{"id":21110,"date":"2024-05-09T10:07:58","date_gmt":"2024-05-09T07:07:58","guid":{"rendered":"http:\/\/labostera.lt\/?post_type=product&#038;p=21110"},"modified":"2024-10-18T15:14:11","modified_gmt":"2024-10-18T12:14:11","slug":"injekcijos-i-raumenis-simuliatorius-erler-zimmer-intramuscular-injection-simulator","status":"publish","type":"product","link":"https:\/\/labostera.lt\/lv\/priemones-ir-iranga\/mokymo-priemones-ir-iranga\/medicininiai-simuliatoriai\/injekcijos-i-raumenis-simuliatorius-erler-zimmer-intramuscular-injection-simulator\/","title":{"rendered":"Intramuskul\u0101ras injekcijas simulators Erler-Zimmera intramuskul\u0101ras injekcijas simulators"},"content":{"rendered":"<h2><strong>Erler-Zimmer GmbH &amp; Co. KG intramuskul\u0101ras injekcijas simulators<\/strong>:<\/h2>\n<ul>\n<li>Modelis R10961<\/li>\n<li>\u0160is intramuskul\u0101r\u0101s injekcijas simulators ir lielisks m\u0101c\u012bbu l\u012bdzeklis vesel\u012bbas apr\u016bpes studentiem ies\u0101c\u0113jiem.<\/li>\n<li>Tas ir piem\u0113rots demonstr\u0101cij\u0101m klas\u0113 vai grupu m\u0101c\u012bb\u0101m no 1 l\u012bdz 30 cilv\u0113kiem un nodro\u0161ina gan vizu\u0101lu, gan taustes apm\u0101c\u012bbu.<\/li>\n<li>Tors\u012b tiek ievietota m\u0101ksl\u012bga kaula strukt\u016bra, kas att\u0113lo aug\u0161stilba kaula jeb liel\u0101 trahantera aug\u0161\u0113jo da\u013cu, aizmugur\u0113jo un priek\u0161\u0113jo aug\u0161\u0113jo g\u016b\u017eas kaula cekulu un krustu kaulu.<\/li>\n<li>Kaula strukt\u016bra nodro\u0161ina taust\u0101mus anatomiskus mar\u0137ierus, kas pal\u012bdz studentiem noteikt atbilsto\u0161as injekcijas vietas.<\/li>\n<li>Kreis\u0101 s\u0113\u017eas musku\u013ca aug\u0161\u0113j\u0101, \u0101r\u0113j\u0101 kvadranta da\u013ca tiek prepar\u0113ta, lai studenti var\u0113tu vizualiz\u0113t pamat\u0101 eso\u0161\u0101s strukt\u016bras.<\/li>\n<li>\u0160is simulators \u013cauj apm\u0101c\u012bt un praktiz\u0113t tr\u012bs veidu intramuskul\u0101ras injekcijas: dorsoglute\u0101l\u0101s, ventroglute\u0101l\u0101s un vastus lateralis injekcijas.<\/li>\n<li>\u0100das un musku\u013cu tekst\u016bras, k\u0101 ar\u012b kaula forma un novietojums \u013coti atg\u0101dina dz\u012bva pacienta tekst\u016bru, t\u0101p\u0113c adatu iek\u013c\u016b\u0161ana audos atk\u0101rtotu \u012bstu injekciju ievad\u012b\u0161anas saj\u016btu.<\/li>\n<li>Komplekt\u0101 ietilpst \u0161\u013circe un ciets p\u0101rn\u0113s\u0101\u0161anas maci\u0146\u0161.<\/li>\n<\/ul>\n<h3>Intramuskul\u0101r\u0101s injekcijas simulatora funkcijas:<\/h3>\n<ul>\n<li>Ide\u0101ls m\u0101c\u012bbu l\u012bdzeklis ies\u0101c\u0113jiem vesel\u012bbas apr\u016bpes studentiem<\/li>\n<li>Vizu\u0101l\u0101 un taustes apm\u0101c\u012bba<\/li>\n<\/ul>\n<h3>Intramuskul\u0101ras injekcijas simulatori \u2013 <a href=\"http:\/\/labostera.lt\/lv\/product-brand\/erler-zimmer-gmbh-co-kg\/\">Erlera-Zimmera anatomijas grupa<\/a><\/h3>\n<p>Vair\u0101k inform\u0101cijas: <a href=\"https:\/\/erler-zimmer.de\/en\/Intramuscular-Injection-Simulator\/R10961\" target=\"_blank\" rel=\"noopener nofollow\">ra\u017eot\u0101ja t\u012bmek\u013ca vietn\u0113<\/a> vai nos\u016btiet mums piepras\u012bjumu!<\/p>","protected":false},"excerpt":{"rendered":"<p>Erlera-Zimmera intramuskul\u0101r\u0101s injekcijas simulators \u2014 lielisks m\u0101c\u012bbu l\u012bdzeklis vesel\u012bbas apr\u016bpes studentiem ies\u0101c\u0113jiem. Vizu\u0101l\u0101 un taustes apm\u0101c\u012bba.<\/p>","protected":false},"featured_media":21114,"template":"","meta":[],"product_cat":[838,75,79],"product_tag":[692,1041,831,832,829,830,577,690,833,490],"class_list":{"0":"post-21110","1":"product","2":"type-product","3":"status-publish","4":"has-post-thumbnail","6":"product_brand-erler-zimmer-gmbh-co-kg","7":"product_cat-medicininiai-simuliatoriai","8":"product_cat-modeliai-manekenai-muliazai","9":"product_cat-mokymo-priemones-ir-iranga","10":"product_tag-erler-zimmer-gmbh-co-kg","11":"product_tag-injekcijos-i-raumenis-simuliatoriai","12":"product_tag-medical-models","13":"product_tag-medical-simulators","14":"product_tag-medicininiai-modeliai","15":"product_tag-medicininiai-simuliatoriai","16":"product_tag-modeliai","17":"product_tag-models","18":"product_tag-simulatoriai","19":"product_tag-simulators","21":"first","22":"onbackorder","23":"shipping-taxable","24":"purchasable","25":"product-type-simple"},"_links":{"self":[{"href":"https:\/\/labostera.lt\/lv\/wp-json\/wp\/v2\/product\/21110","targetHints":{"allow":["GET"]}}],"collection":[{"href":"https:\/\/labostera.lt\/lv\/wp-json\/wp\/v2\/product"}],"about":[{"href":"https:\/\/labostera.lt\/lv\/wp-json\/wp\/v2\/types\/product"}],"wp:featuredmedia":[{"embeddable":true,"href":"https:\/\/labostera.lt\/lv\/wp-json\/wp\/v2\/media\/21114"}],"wp:attachment":[{"href":"https:\/\/labostera.lt\/lv\/wp-json\/wp\/v2\/media?parent=21110"}],"wp:term":[{"taxonomy":"product_cat","embeddable":true,"href":"https:\/\/labostera.lt\/lv\/wp-json\/wp\/v2\/product_cat?post=21110"},{"taxonomy":"product_tag","embeddable":true,"href":"https:\/\/labostera.lt\/lv\/wp-json\/wp\/v2\/product_tag?post=21110"}],"curies":[{"name":"wp","href":"https:\/\/api.w.org\/{rel}","templated":true}]}}