{"id":21106,"date":"2024-05-09T09:18:42","date_gmt":"2024-05-09T06:18:42","guid":{"rendered":"http:\/\/labostera.lt\/?post_type=product&#038;p=21106"},"modified":"2024-10-18T15:14:13","modified_gmt":"2024-10-18T12:14:13","slug":"klubines-stuburo-dalies-injekcijos-i-raumenis-ir-smugines-biopsijos-simuliatorius-erler-zimmer-simulator-for-intramuscular-injection-punch-biopsy-of-the-iliac-crest","status":"publish","type":"product","link":"https:\/\/labostera.lt\/lv\/priemones-ir-iranga\/mokymo-priemones-ir-iranga\/medicininiai-simuliatoriai\/klubines-stuburo-dalies-injekcijos-i-raumenis-ir-smugines-biopsijos-simuliatorius-erler-zimmer-simulator-for-intramuscular-injection-punch-biopsy-of-the-iliac-crest\/","title":{"rendered":"Erlera-Zimmera simulators intramuskul\u0101rai injekcijai un iegur\u0146a kaula cekulas perfor\u0101cijas biopsijai"},"content":{"rendered":"<h2><strong>Erler-Zimmer GmbH &amp; Co. KG g\u016b\u017eas kaula mugurkaula intramuskul\u0101ras injekcijas un trieciena biopsijas simulators<\/strong>:<\/h2>\n<ul>\n<li>Modelis 7090<\/li>\n<li>Apm\u0101c\u012bbas modelis ir izstr\u0101d\u0101ts, lai apg\u016btu intramuskul\u0101ras injekcijas proced\u016bru un g\u016b\u017eas kaula mugurkaula punkcijas proced\u016bru. Modelis ietver m\u0101ksl\u012bgu iegurni, kas izgatavots no materi\u0101la, kas l\u012bdz\u012bgs cilv\u0113ka kaulam, un kuru var caurdurt daudzas reizes.<\/li>\n<li>\u0160\u0137idruma aspir\u0101cija nav iesp\u0113jama.<\/li>\n<li>T\u0101pat k\u0101 intramuskul\u0101r\u0101 mode\u013ca gad\u012bjum\u0101, iegurni var palp\u0113t, lai noteiktu pareizo injekcijas vietu.<\/li>\n<li>Modelis ir izstr\u0101d\u0101ts k\u0101 ekonomisks, vienreiz lietojams treni\u0146u r\u012bks, un tas p\u0113c intens\u012bvas lieto\u0161anas j\u0101nomaina. Izm\u0113rs ir dabisks.<\/li>\n<\/ul>\n<h3>Iegur\u0146a kaula intramuskul\u0101ras injekcijas un trieciena biopsijas simulatora funkcijas:<\/h3>\n<ul>\n<li>Praktiska un ekonomiska<\/li>\n<li>Lielisks m\u0101c\u012bbu l\u012bdzeklis<\/li>\n<\/ul>\n<h3>Iliolumb\u0101l\u0101s mugurkaula intramuskul\u0101ras injekcijas un trieciena biopsijas simulatori \u2013 <a href=\"http:\/\/labostera.lt\/lv\/product-brand\/erler-zimmer-gmbh-co-kg\/\">Erlera-Zimmera anatomijas grupa<\/a><\/h3>\n<p>Vair\u0101k inform\u0101cijas: <a href=\"https:\/\/erler-zimmer.de\/en\/Simulator-for-i.m.-injection-and-punch-biopsy-of-the-iliac-crest\/7090\" target=\"_blank\" rel=\"noopener nofollow\">ra\u017eot\u0101ja t\u012bmek\u013ca vietn\u0113<\/a> vai nos\u016btiet mums piepras\u012bjumu!<\/p>","protected":false},"excerpt":{"rendered":"<p>Erlera-Zimmera g\u016b\u017eas kaula mugurkaula intramuskul\u0101ras injekcijas un trieciena biopsijas simulators \u2013 praktiska un ekonomiska treni\u0146u ier\u012bce. Lielisks m\u0101c\u012bbu l\u012bdzeklis.<\/p>","protected":false},"featured_media":21108,"template":"","meta":[],"product_cat":[838,75,79],"product_tag":[692,1040,831,832,829,830,577,690,833,490],"class_list":{"0":"post-21106","1":"product","2":"type-product","3":"status-publish","4":"has-post-thumbnail","6":"product_brand-erler-zimmer-gmbh-co-kg","7":"product_cat-medicininiai-simuliatoriai","8":"product_cat-modeliai-manekenai-muliazai","9":"product_cat-mokymo-priemones-ir-iranga","10":"product_tag-erler-zimmer-gmbh-co-kg","11":"product_tag-klubines-stuburo-dalies-injekcijos-i-raumenis-ir-smugines-biopsijos-simuliatoriai","12":"product_tag-medical-models","13":"product_tag-medical-simulators","14":"product_tag-medicininiai-modeliai","15":"product_tag-medicininiai-simuliatoriai","16":"product_tag-modeliai","17":"product_tag-models","18":"product_tag-simulatoriai","19":"product_tag-simulators","21":"first","22":"onbackorder","23":"shipping-taxable","24":"purchasable","25":"product-type-simple"},"_links":{"self":[{"href":"https:\/\/labostera.lt\/lv\/wp-json\/wp\/v2\/product\/21106","targetHints":{"allow":["GET"]}}],"collection":[{"href":"https:\/\/labostera.lt\/lv\/wp-json\/wp\/v2\/product"}],"about":[{"href":"https:\/\/labostera.lt\/lv\/wp-json\/wp\/v2\/types\/product"}],"wp:featuredmedia":[{"embeddable":true,"href":"https:\/\/labostera.lt\/lv\/wp-json\/wp\/v2\/media\/21108"}],"wp:attachment":[{"href":"https:\/\/labostera.lt\/lv\/wp-json\/wp\/v2\/media?parent=21106"}],"wp:term":[{"taxonomy":"product_cat","embeddable":true,"href":"https:\/\/labostera.lt\/lv\/wp-json\/wp\/v2\/product_cat?post=21106"},{"taxonomy":"product_tag","embeddable":true,"href":"https:\/\/labostera.lt\/lv\/wp-json\/wp\/v2\/product_tag?post=21106"}],"curies":[{"name":"wp","href":"https:\/\/api.w.org\/{rel}","templated":true}]}}