{"id":21098,"date":"2024-05-08T16:45:55","date_gmt":"2024-05-08T13:45:55","guid":{"rendered":"http:\/\/labostera.lt\/?post_type=product&#038;p=21098"},"modified":"2024-10-18T15:14:16","modified_gmt":"2024-10-18T12:14:16","slug":"triju-injekciju-gylio-imitacinis-audinys-erler-zimmer-three-injection-depth-simulated-tissue","status":"publish","type":"product","link":"https:\/\/labostera.lt\/lv\/priemones-ir-iranga\/mokymo-priemones-ir-iranga\/medicininiai-simuliatoriai\/triju-injekciju-gylio-imitacinis-audinys-erler-zimmer-three-injection-depth-simulated-tissue\/","title":{"rendered":"Erlera-Zimmera tr\u012bs injekcijas dzi\u013cuma simul\u0113ta audu metode"},"content":{"rendered":"<h2><strong>Erler-Zimmer GmbH &amp; Co. KG Tr\u012bsk\u0101r\u0161as iesmidzin\u0101\u0161anas dzi\u013cuma imit\u0101cijas audums<\/strong>:<\/h2>\n<ul>\n<li>Modelis SRE0711<\/li>\n<li>Kad m\u0101c\u0101ties par injekcij\u0101m, nevilcinieties un izv\u0113lieties SurgiReal injekciju spilventi\u0146u l\u012bniju. \u0160is spilventi\u0146\u0161 ir izgatavots, izmantojot m\u016bsu RealLayer tehnolo\u0123iju, lai imit\u0113tu pareizu \u0137erme\u0146a sienas saj\u016btu, k\u0101 ar\u012b putu kodolu, kas \u013cauj viegli izspiest ievad\u012btos \u0161\u0137idrumus.<\/li>\n<li>Tr\u012bsk\u0101r\u0161\u0101s injekcijas dzi\u013cuma spilventi\u0146\u0161 tika izstr\u0101d\u0101ts, lai j\u016bs var\u0113tu praktiz\u0113t intramuskul\u0101ras injekcijas tie\u0161i muskul\u012b.<\/li>\n<\/ul>\n<h3>Tr\u012bs iesmidzin\u0101\u0161anas dzi\u013cuma imit\u0101cijas auduma \u012bpa\u0161\u012bbas:<\/h3>\n<ul>\n<li>Re\u0101listisks audums<\/li>\n<li>Apm\u0101c\u012bba da\u017e\u0101da dzi\u013cuma injekcij\u0101m<\/li>\n<\/ul>\n<h3>Tr\u012bs iesmidzin\u0101\u0161anas dzi\u013cuma audumu imit\u0101cijas \u2013 <a href=\"http:\/\/labostera.lt\/lv\/product-brand\/erler-zimmer-gmbh-co-kg\/\">Erlera-Zimmera anatomijas grupa<\/a><\/h3>\n<p>Vair\u0101k inform\u0101cijas: <a href=\"https:\/\/erler-zimmer.de\/en\/Three-Injection-Depth-Simulated-Tissue\/SRE0711\" target=\"_blank\" rel=\"noopener nofollow\">ra\u017eot\u0101ja t\u012bmek\u013ca vietn\u0113<\/a> vai nos\u016btiet mums piepras\u012bjumu!<\/p>","protected":false},"excerpt":{"rendered":"<p>Erler-Zimmer tr\u012bs iesmidzin\u0101\u0161anas dzi\u013cuma simul\u0101cijas audums \u2013 re\u0101listisks audums apm\u0101c\u012bbai da\u017e\u0101dos iesmidzin\u0101\u0161anas dzi\u013cumos. Ide\u0101li piem\u0113rots treni\u0146iem.<\/p>","protected":false},"featured_media":21100,"template":"","meta":[],"product_cat":[838,75,79],"product_tag":[692,831,832,829,830,577,690,833,490,1038],"class_list":{"0":"post-21098","1":"product","2":"type-product","3":"status-publish","4":"has-post-thumbnail","6":"product_brand-erler-zimmer-gmbh-co-kg","7":"product_cat-medicininiai-simuliatoriai","8":"product_cat-modeliai-manekenai-muliazai","9":"product_cat-mokymo-priemones-ir-iranga","10":"product_tag-erler-zimmer-gmbh-co-kg","11":"product_tag-medical-models","12":"product_tag-medical-simulators","13":"product_tag-medicininiai-modeliai","14":"product_tag-medicininiai-simuliatoriai","15":"product_tag-modeliai","16":"product_tag-models","17":"product_tag-simulatoriai","18":"product_tag-simulators","19":"product_tag-triju-injekciju-gylio-imitaciniai-audiniai","21":"first","22":"onbackorder","23":"shipping-taxable","24":"purchasable","25":"product-type-simple"},"_links":{"self":[{"href":"https:\/\/labostera.lt\/lv\/wp-json\/wp\/v2\/product\/21098","targetHints":{"allow":["GET"]}}],"collection":[{"href":"https:\/\/labostera.lt\/lv\/wp-json\/wp\/v2\/product"}],"about":[{"href":"https:\/\/labostera.lt\/lv\/wp-json\/wp\/v2\/types\/product"}],"wp:featuredmedia":[{"embeddable":true,"href":"https:\/\/labostera.lt\/lv\/wp-json\/wp\/v2\/media\/21100"}],"wp:attachment":[{"href":"https:\/\/labostera.lt\/lv\/wp-json\/wp\/v2\/media?parent=21098"}],"wp:term":[{"taxonomy":"product_cat","embeddable":true,"href":"https:\/\/labostera.lt\/lv\/wp-json\/wp\/v2\/product_cat?post=21098"},{"taxonomy":"product_tag","embeddable":true,"href":"https:\/\/labostera.lt\/lv\/wp-json\/wp\/v2\/product_tag?post=21098"}],"curies":[{"name":"wp","href":"https:\/\/api.w.org\/{rel}","templated":true}]}}