{"id":21093,"date":"2024-05-08T16:13:20","date_gmt":"2024-05-08T13:13:20","guid":{"rendered":"http:\/\/labostera.lt\/?post_type=product&#038;p=21093"},"modified":"2024-10-18T15:14:18","modified_gmt":"2024-10-18T12:14:18","slug":"injekciju-treniruoklis-i-raumenis-erler-zimmer-intramuscular-injection-trainer","status":"publish","type":"product","link":"https:\/\/labostera.lt\/lv\/priemones-ir-iranga\/mokymo-priemones-ir-iranga\/medicininiai-simuliatoriai\/injekciju-treniruoklis-i-raumenis-erler-zimmer-intramuscular-injection-trainer\/","title":{"rendered":"Erler-Zimmer intramuskul\u0101ro injekciju trena\u017eieris"},"content":{"rendered":"<h2><strong>Erler-Zimmer GmbH &amp; Co. KG intramuskul\u0101ro injekciju trena\u017eieris<\/strong>:<\/h2>\n<ul>\n<li>Modelis R10076<\/li>\n<li>Viegli lietojams un izmaksu zi\u0146\u0101 efekt\u012bvs modelis intramuskul\u0101ras injekcijas apm\u0101c\u012bbai.<\/li>\n<li>Izgatavots no m\u012bksta, dz\u012bv\u012bga materi\u0101la. To var daudzk\u0101rt pieturz\u012bm\u0113t.<\/li>\n<li>\u0160\u0137idruma lieto\u0161ana nav ieteicama.<\/li>\n<\/ul>\n<h3>Injekcijas trena\u017eiera funkcijas:<\/h3>\n<ul>\n<li>Viegli lietojams<\/li>\n<li>Ekonomisks<\/li>\n<\/ul>\n<h3>Trena\u017eieri intramuskul\u0101r\u0101m injekcij\u0101m \u2013 <a href=\"http:\/\/labostera.lt\/lv\/product-brand\/erler-zimmer-gmbh-co-kg\/\">Erlera-Zimmera anatomijas grupa<\/a><\/h3>\n<p>Vair\u0101k inform\u0101cijas: <a href=\"https:\/\/erler-zimmer.de\/en\/Intramuscular-injection-model\/R10076\" target=\"_blank\" rel=\"noopener nofollow\">ra\u017eot\u0101ja t\u012bmek\u013ca vietn\u0113<\/a> vai nos\u016btiet mums piepras\u012bjumu!<\/p>","protected":false},"excerpt":{"rendered":"<p>Erler-Zimmer intramuskul\u0101ro injekciju trena\u017eieris \u2013 viegli lietojams un ekonomisks modelis injekciju apm\u0101c\u012bbai. Lielisks m\u0101c\u012bbu l\u012bdzeklis.<\/p>","protected":false},"featured_media":21095,"template":"","meta":[],"product_cat":[838,75,79],"product_tag":[692,1037,831,832,829,830,577,690,833,490],"class_list":{"0":"post-21093","1":"product","2":"type-product","3":"status-publish","4":"has-post-thumbnail","6":"product_brand-erler-zimmer-gmbh-co-kg","7":"product_cat-medicininiai-simuliatoriai","8":"product_cat-modeliai-manekenai-muliazai","9":"product_cat-mokymo-priemones-ir-iranga","10":"product_tag-erler-zimmer-gmbh-co-kg","11":"product_tag-injekciju-treniruokliai","12":"product_tag-medical-models","13":"product_tag-medical-simulators","14":"product_tag-medicininiai-modeliai","15":"product_tag-medicininiai-simuliatoriai","16":"product_tag-modeliai","17":"product_tag-models","18":"product_tag-simulatoriai","19":"product_tag-simulators","21":"first","22":"onbackorder","23":"shipping-taxable","24":"purchasable","25":"product-type-simple"},"_links":{"self":[{"href":"https:\/\/labostera.lt\/lv\/wp-json\/wp\/v2\/product\/21093","targetHints":{"allow":["GET"]}}],"collection":[{"href":"https:\/\/labostera.lt\/lv\/wp-json\/wp\/v2\/product"}],"about":[{"href":"https:\/\/labostera.lt\/lv\/wp-json\/wp\/v2\/types\/product"}],"wp:featuredmedia":[{"embeddable":true,"href":"https:\/\/labostera.lt\/lv\/wp-json\/wp\/v2\/media\/21095"}],"wp:attachment":[{"href":"https:\/\/labostera.lt\/lv\/wp-json\/wp\/v2\/media?parent=21093"}],"wp:term":[{"taxonomy":"product_cat","embeddable":true,"href":"https:\/\/labostera.lt\/lv\/wp-json\/wp\/v2\/product_cat?post=21093"},{"taxonomy":"product_tag","embeddable":true,"href":"https:\/\/labostera.lt\/lv\/wp-json\/wp\/v2\/product_tag?post=21093"}],"curies":[{"name":"wp","href":"https:\/\/api.w.org\/{rel}","templated":true}]}}