{"id":21090,"date":"2024-05-08T15:41:31","date_gmt":"2024-05-08T12:41:31","guid":{"rendered":"http:\/\/labostera.lt\/?post_type=product&#038;p=21090"},"modified":"2024-10-18T15:14:19","modified_gmt":"2024-10-18T12:14:19","slug":"injekciju-treniruoklis-i-raumenis-erler-zimmer-shoulder-arm-intramuscular-injection-trainer","status":"publish","type":"product","link":"https:\/\/labostera.lt\/lv\/priemones-ir-iranga\/mokymo-priemones-ir-iranga\/medicininiai-simuliatoriai\/injekciju-treniruoklis-i-raumenis-erler-zimmer-shoulder-arm-intramuscular-injection-trainer\/","title":{"rendered":"Erler-Zimmer plecu un roku intramuskul\u0101ro injekciju trena\u017eieris"},"content":{"rendered":"<h2><strong>Erler-Zimmer GmbH &amp; Co. KG intramuskul\u0101ro injekciju trena\u017eieris<\/strong>:<\/h2>\n<ul>\n<li>Modelis R16607<\/li>\n<li>\u0160is modelis pied\u0101v\u0101 divas funkcijas vien\u0101: labaj\u0101 pus\u0113 tas par\u0101da aug\u0161delma un pleca anatomiju, tostarp kaulus, musku\u013cus un nervus, kas ir svar\u012bgi injekcijai. Students var p\u0101rnest labaj\u0101 pus\u0113 redzamo anatomisko strukt\u016bru uz kreiso pusi un p\u0113c tam tur praktiz\u0113t intramuskul\u0101ras injekcijas tehniku. Kreisaj\u0101 pus\u0113 var sataust\u012bt svar\u012bg\u0101kos anatomiskos orientierus.<\/li>\n<li>Injekciju var veikt ar \u0161\u0137idrumu. Iedegsies za\u013ca gaisma, kas apstiprin\u0101s, ka injekcija ir veikta pareizi. Ja t\u0101 ir veikta nepareiz\u0101 viet\u0101, par to nor\u0101d\u012bs sarkana gaisma un ska\u0146as sign\u0101ls.<\/li>\n<\/ul>\n<h3>Injekcijas trena\u017eiera funkcijas:<\/h3>\n<ul>\n<li>Lab\u0101s pleca un aug\u0161delma anatomisk\u0101 puse<\/li>\n<li>Intramuskul\u0101ra prakse kreisaj\u0101 pus\u0113<\/li>\n<\/ul>\n<h3>Trena\u017eieri intramuskul\u0101r\u0101m injekcij\u0101m \u2013 <a href=\"http:\/\/labostera.lt\/lv\/product-brand\/erler-zimmer-gmbh-co-kg\/\">Erlera-Zimmera anatomijas grupa<\/a><\/h3>\n<p>Vair\u0101k inform\u0101cijas: <a href=\"https:\/\/erler-zimmer.de\/en\/Model-of-shoulder-and-arm-anatomy-i.m.-injection-technique\/R16607\" target=\"_blank\" rel=\"noopener nofollow\">ra\u017eot\u0101ja t\u012bmek\u013ca vietn\u0113<\/a> vai nos\u016btiet mums piepras\u012bjumu!<\/p>","protected":false},"excerpt":{"rendered":"<p>Erler-Zimmer intramuskul\u0101ro injekciju trena\u017eieris \u2013 divfunkciju modelis: anatomisks labais plecs un aug\u0161delms un intramuskul\u0101ra injekcija kreisaj\u0101 pus\u0113. Lielisks treni\u0146u r\u012bks.<\/p>","protected":false},"featured_media":21091,"template":"","meta":[],"product_cat":[838,75,79],"product_tag":[692,1037,831,832,829,830,577,690,833,490],"class_list":{"0":"post-21090","1":"product","2":"type-product","3":"status-publish","4":"has-post-thumbnail","6":"product_brand-erler-zimmer-gmbh-co-kg","7":"product_cat-medicininiai-simuliatoriai","8":"product_cat-modeliai-manekenai-muliazai","9":"product_cat-mokymo-priemones-ir-iranga","10":"product_tag-erler-zimmer-gmbh-co-kg","11":"product_tag-injekciju-treniruokliai","12":"product_tag-medical-models","13":"product_tag-medical-simulators","14":"product_tag-medicininiai-modeliai","15":"product_tag-medicininiai-simuliatoriai","16":"product_tag-modeliai","17":"product_tag-models","18":"product_tag-simulatoriai","19":"product_tag-simulators","21":"first","22":"onbackorder","23":"shipping-taxable","24":"purchasable","25":"product-type-simple"},"_links":{"self":[{"href":"https:\/\/labostera.lt\/lv\/wp-json\/wp\/v2\/product\/21090","targetHints":{"allow":["GET"]}}],"collection":[{"href":"https:\/\/labostera.lt\/lv\/wp-json\/wp\/v2\/product"}],"about":[{"href":"https:\/\/labostera.lt\/lv\/wp-json\/wp\/v2\/types\/product"}],"wp:featuredmedia":[{"embeddable":true,"href":"https:\/\/labostera.lt\/lv\/wp-json\/wp\/v2\/media\/21091"}],"wp:attachment":[{"href":"https:\/\/labostera.lt\/lv\/wp-json\/wp\/v2\/media?parent=21090"}],"wp:term":[{"taxonomy":"product_cat","embeddable":true,"href":"https:\/\/labostera.lt\/lv\/wp-json\/wp\/v2\/product_cat?post=21090"},{"taxonomy":"product_tag","embeddable":true,"href":"https:\/\/labostera.lt\/lv\/wp-json\/wp\/v2\/product_tag?post=21090"}],"curies":[{"name":"wp","href":"https:\/\/api.w.org\/{rel}","templated":true}]}}