{"id":21082,"date":"2024-05-08T14:35:18","date_gmt":"2024-05-08T11:35:18","guid":{"rendered":"http:\/\/labostera.lt\/?post_type=product&#038;p=21082"},"modified":"2024-10-18T15:14:22","modified_gmt":"2024-10-18T12:14:22","slug":"injekciju-treniruoklis-i-oda-po-oda-ir-i-raumenis-erler-zimmer-intradermal-subcutaneous-intramuscular-injection-trainer","status":"publish","type":"product","link":"https:\/\/labostera.lt\/lv\/priemones-ir-iranga\/mokymo-priemones-ir-iranga\/medicininiai-simuliatoriai\/injekciju-treniruoklis-i-oda-po-oda-ir-i-raumenis-erler-zimmer-intradermal-subcutaneous-intramuscular-injection-trainer\/","title":{"rendered":"Erler-Zimmer intraderm\u0101lo, subkut\u0101no un intramuskul\u0101ro injekciju trena\u017eieris"},"content":{"rendered":"<h2><strong>Erler-Zimmer GmbH &amp; Co. KG injekciju trena\u017eieris \u0101das, subkut\u0101n\u0101m un intramuskul\u0101r\u0101m injekcij\u0101m<\/strong>:<\/h2>\n<ul>\n<li>Modelis R10952<\/li>\n<li>Vienk\u0101r\u0161s un viegli lietojams apm\u0101c\u012bbas modelis, kas izgatavots no m\u012bksta un re\u0101listiska materi\u0101la intraderm\u0101lu, subkut\u0101nu un intramuskul\u0101ru injekciju apm\u0101c\u012bbai.<\/li>\n<li>Materi\u0101lu var atk\u0101rtoti caurdurt bez adatas caurumiem. \u0160\u0137idruma injekcijas nav ieteicamas.<\/li>\n<\/ul>\n<h3>Injekcijas trena\u017eiera funkcijas:<\/h3>\n<ul>\n<li>Intraderm\u0101la injekcija<\/li>\n<li>Subkut\u0101na injekcija<\/li>\n<li>Intramuskul\u0101ra injekcija<\/li>\n<\/ul>\n<h3>Trena\u017eieri intraderm\u0101lai, subkut\u0101nai un intramuskul\u0101rai injekcijai \u2013 <a href=\"http:\/\/labostera.lt\/lv\/product-brand\/erler-zimmer-gmbh-co-kg\/\">Erlera-Zimmera anatomijas grupa<\/a><\/h3>\n<p>Vair\u0101k inform\u0101cijas: <a href=\"https:\/\/erler-zimmer.de\/en\/Training-model-for-intradermal-subcutaneous-and-intramuscular-injection\/R10952\" target=\"_blank\" rel=\"noopener nofollow\">ra\u017eot\u0101ja t\u012bmek\u013ca vietn\u0113<\/a> vai nos\u016btiet mums piepras\u012bjumu!<\/p>","protected":false},"excerpt":{"rendered":"<p>Erler-Zimmer injekciju trena\u017eieris \u0101das, subkut\u0101n\u0101m un intramuskul\u0101r\u0101m injekcij\u0101m \u2013 m\u012bksts un re\u0101listisks trena\u017eieris \u0101das, subkut\u0101n\u0101m un intramuskul\u0101r\u0101m injekcij\u0101m. Ide\u0101li piem\u0113rots treni\u0146iem.<\/p>","protected":false},"featured_media":21084,"template":"","meta":[],"product_cat":[838,75,79],"product_tag":[692,1037,831,832,829,830,577,690,833,490],"class_list":{"0":"post-21082","1":"product","2":"type-product","3":"status-publish","4":"has-post-thumbnail","6":"product_brand-erler-zimmer-gmbh-co-kg","7":"product_cat-medicininiai-simuliatoriai","8":"product_cat-modeliai-manekenai-muliazai","9":"product_cat-mokymo-priemones-ir-iranga","10":"product_tag-erler-zimmer-gmbh-co-kg","11":"product_tag-injekciju-treniruokliai","12":"product_tag-medical-models","13":"product_tag-medical-simulators","14":"product_tag-medicininiai-modeliai","15":"product_tag-medicininiai-simuliatoriai","16":"product_tag-modeliai","17":"product_tag-models","18":"product_tag-simulatoriai","19":"product_tag-simulators","21":"first","22":"onbackorder","23":"shipping-taxable","24":"purchasable","25":"product-type-simple"},"_links":{"self":[{"href":"https:\/\/labostera.lt\/lv\/wp-json\/wp\/v2\/product\/21082","targetHints":{"allow":["GET"]}}],"collection":[{"href":"https:\/\/labostera.lt\/lv\/wp-json\/wp\/v2\/product"}],"about":[{"href":"https:\/\/labostera.lt\/lv\/wp-json\/wp\/v2\/types\/product"}],"wp:featuredmedia":[{"embeddable":true,"href":"https:\/\/labostera.lt\/lv\/wp-json\/wp\/v2\/media\/21084"}],"wp:attachment":[{"href":"https:\/\/labostera.lt\/lv\/wp-json\/wp\/v2\/media?parent=21082"}],"wp:term":[{"taxonomy":"product_cat","embeddable":true,"href":"https:\/\/labostera.lt\/lv\/wp-json\/wp\/v2\/product_cat?post=21082"},{"taxonomy":"product_tag","embeddable":true,"href":"https:\/\/labostera.lt\/lv\/wp-json\/wp\/v2\/product_tag?post=21082"}],"curies":[{"name":"wp","href":"https:\/\/api.w.org\/{rel}","templated":true}]}}