{"id":21076,"date":"2024-05-08T13:54:01","date_gmt":"2024-05-08T10:54:01","guid":{"rendered":"http:\/\/labostera.lt\/?post_type=product&#038;p=21076"},"modified":"2024-10-18T15:14:24","modified_gmt":"2024-10-18T12:14:24","slug":"vakcinaciju-ir-injekciju-treniruoklis-i-raumenis-ir-po-oda-erler-zimmer-intramuscular-subcutaneous-vaccination-injection-strap-on-trainer","status":"publish","type":"product","link":"https:\/\/labostera.lt\/lv\/priemones-ir-iranga\/mokymo-priemones-ir-iranga\/medicininiai-simuliatoriai\/vakcinaciju-ir-injekciju-treniruoklis-i-raumenis-ir-po-oda-erler-zimmer-intramuscular-subcutaneous-vaccination-injection-strap-on-trainer\/","title":{"rendered":"Erler-Zimmer intramuskul\u0101ras un subkut\u0101nas vakcin\u0101cijas un injekciju siksni\u0146u trena\u017eieris"},"content":{"rendered":"<h2><strong>Erler-Zimmer GmbH &amp; Co. KG vakcin\u0101cijas un injekciju trena\u017eieris intramuskul\u0101r\u0101m un subkut\u0101n\u0101m injekcij\u0101m<\/strong>:<\/h2>\n<ul>\n<li>Modelis: 7130<\/li>\n<li>\u0160is simulators \u013cauj praktiz\u0113t intramuskul\u0101ru injekciju, k\u0101 tas ir ierasts vakcin\u0101cijas laik\u0101. Modeli var izmantot k\u0101 vakcin\u0101cijas trena\u017eieri, k\u0101 ar\u012b parasto intramuskul\u0101ro injekciju trena\u017eieri un subkut\u0101no injekciju trena\u017eieri.<\/li>\n<li>Trena\u017eieri var piesiet, tad tas atdarina cilv\u0113ka aug\u0161delmu. Simul\u0113t\u0101 un viegli sataust\u0101m\u0101 pleca anatomisk\u0101 strukt\u016bra kalpo k\u0101 punkcijas mar\u0137ieris. Trena\u017eiera aizmugure ir iztur\u012bga pret caurdur\u0161anu, t\u0101p\u0113c &quot;pacientam&quot; nav nek\u0101da riska.<\/li>\n<li>Injekciju var veikt, izmantojot parast\u0101s adatas un \u0161\u013circes, \u0161\u0137idrums ir piem\u0113rots injekcij\u0101m. Modeli var izjaukt, lai \u0161\u0137idrumu p\u0113c slodzes var\u0113tu viegli izvad\u012bt.<\/li>\n<li>Jaunais materi\u0101la raksts rada \u012bsta saj\u016btas saj\u016btu, un d\u016briena vietas nav redzamas, \u013caujot veikt vair\u0101kus d\u016brienus, pirms vakcin\u0101cijas trena\u017eieris ir j\u0101nomaina.<\/li>\n<\/ul>\n<h3>Injekcijas trena\u017eiera funkcijas:<\/h3>\n<ul>\n<li>Intramuskul\u0101ra injekcija<\/li>\n<li>Subkut\u0101na injekcija<\/li>\n<li>\u0160\u0137idruma injekcija<\/li>\n<li>Anatomijas mar\u0137ieri<\/li>\n<li>Augstas kvalit\u0101tes materi\u0101ls<\/li>\n<\/ul>\n<h3>Vakcin\u0101cijas un intramuskul\u0101ru un subkut\u0101nu injekciju trena\u017eieri ar siksnu \u2013 <a href=\"http:\/\/labostera.lt\/lv\/product-brand\/erler-zimmer-gmbh-co-kg\/\">Erlera-Zimmera anatomijas grupa<\/a><\/h3>\n<p>Vair\u0101k inform\u0101cijas: <a href=\"https:\/\/erler-zimmer.de\/en\/Strap-on-vaccination-trainer-for-IM-and-subcutaneous-injection\/7130\" target=\"_blank\" rel=\"noopener nofollow\">ra\u017eot\u0101ja t\u012bmek\u013ca vietn\u0113<\/a> vai nos\u016btiet mums piepras\u012bjumu!<\/p>","protected":false},"excerpt":{"rendered":"<p>Erlera-Zimmera vakcin\u0101cijas un injekciju trena\u017eieris musku\u013ciem un zem\u0101das injekcij\u0101m \u2013 injekciju trena\u017eieris. Efekt\u012bvi un dro\u0161i praktiz\u0113jiet vakcin\u0101ciju un injekcijas ar \u0161o simulatoru. Ide\u0101li piem\u0113rots medic\u012bniskajai apm\u0101c\u012bbai.<\/p>","protected":false},"featured_media":21080,"template":"","meta":[],"product_cat":[838,75,79],"product_tag":[692,1037,831,832,829,830,577,690,833,490],"class_list":{"0":"post-21076","1":"product","2":"type-product","3":"status-publish","4":"has-post-thumbnail","6":"product_brand-erler-zimmer-gmbh-co-kg","7":"product_cat-medicininiai-simuliatoriai","8":"product_cat-modeliai-manekenai-muliazai","9":"product_cat-mokymo-priemones-ir-iranga","10":"product_tag-erler-zimmer-gmbh-co-kg","11":"product_tag-injekciju-treniruokliai","12":"product_tag-medical-models","13":"product_tag-medical-simulators","14":"product_tag-medicininiai-modeliai","15":"product_tag-medicininiai-simuliatoriai","16":"product_tag-modeliai","17":"product_tag-models","18":"product_tag-simulatoriai","19":"product_tag-simulators","21":"first","22":"onbackorder","23":"shipping-taxable","24":"purchasable","25":"product-type-simple"},"_links":{"self":[{"href":"https:\/\/labostera.lt\/lv\/wp-json\/wp\/v2\/product\/21076","targetHints":{"allow":["GET"]}}],"collection":[{"href":"https:\/\/labostera.lt\/lv\/wp-json\/wp\/v2\/product"}],"about":[{"href":"https:\/\/labostera.lt\/lv\/wp-json\/wp\/v2\/types\/product"}],"wp:featuredmedia":[{"embeddable":true,"href":"https:\/\/labostera.lt\/lv\/wp-json\/wp\/v2\/media\/21080"}],"wp:attachment":[{"href":"https:\/\/labostera.lt\/lv\/wp-json\/wp\/v2\/media?parent=21076"}],"wp:term":[{"taxonomy":"product_cat","embeddable":true,"href":"https:\/\/labostera.lt\/lv\/wp-json\/wp\/v2\/product_cat?post=21076"},{"taxonomy":"product_tag","embeddable":true,"href":"https:\/\/labostera.lt\/lv\/wp-json\/wp\/v2\/product_tag?post=21076"}],"curies":[{"name":"wp","href":"https:\/\/api.w.org\/{rel}","templated":true}]}}