{"id":21072,"date":"2024-05-08T13:18:18","date_gmt":"2024-05-08T10:18:18","guid":{"rendered":"http:\/\/labostera.lt\/?post_type=product&#038;p=21072"},"modified":"2024-10-18T15:14:25","modified_gmt":"2024-10-18T12:14:25","slug":"vaiku-galva-injekciju-treniruoklis-erler-zimmer-pediatric-head-injection-trainer","status":"publish","type":"product","link":"https:\/\/labostera.lt\/lv\/priemones-ir-iranga\/mokymo-priemones-ir-iranga\/medicininiai-simuliatoriai\/vaiku-galva-injekciju-treniruoklis-erler-zimmer-pediatric-head-injection-trainer\/","title":{"rendered":"Erler-Zimmer pediatrisk\u0101 galva \u2013 injekciju trena\u017eieris"},"content":{"rendered":"<h2><strong>Erler-Zimmer GmbH &amp; Co. KG B\u0113rnu galva - injekciju trena\u017eieris<\/strong>:<\/h2>\n<ul>\n<li>Modelis: R10008<\/li>\n<li>Modelis atbilst se\u0161us m\u0113ne\u0161us veca mazu\u013ca galvas formai.<\/li>\n<li>Injekcija aug\u0161stilba un tempor\u0101laj\u0101s v\u0113n\u0101s ir iesp\u0113jama.<\/li>\n<li>\u012apa\u0161i m\u012bkstais materi\u0101ls pie\u0161\u0137ir modelim re\u0101listisku galvas saj\u016btu.<\/li>\n<li>\u0100da un v\u0113nas var tikt nomain\u012btas, ja nepiecie\u0161ams.<\/li>\n<li>S\u016bt\u012b\u0161anas kaste ir iek\u013cauta cen\u0101.<\/li>\n<\/ul>\n<h3>B\u0113rnu galvas injekcijas simulatori <a href=\"http:\/\/labostera.lt\/lv\/product-brand\/erler-zimmer-gmbh-co-kg\/\">Erlera-Zimmera anatomijas grupa<\/a><\/h3>\n<p>Vair\u0101k inform\u0101cijas: <a href=\"https:\/\/erler-zimmer.de\/en\/Paediatric-Head-Injection-trainer\/R10008\" target=\"_blank\" rel=\"noopener nofollow\">ra\u017eot\u0101ja t\u012bmek\u013ca vietn\u0113<\/a> vai nos\u016btiet mums piepras\u012bjumu!<\/p>","protected":false},"excerpt":{"rendered":"<p>Erler-Zimmer pediatrisk\u0101 galva \u2013 injekciju trena\u017eieris \u2013 pediatrisk\u0101 galvas injekciju trena\u017eieris no \u012bpa\u0161a m\u012bksta materi\u0101la.<\/p>","protected":false},"featured_media":21074,"template":"","meta":[],"product_cat":[838,75,79],"product_tag":[692,1036,831,832,829,830,577,690,833,490],"class_list":{"0":"post-21072","1":"product","2":"type-product","3":"status-publish","4":"has-post-thumbnail","6":"product_brand-erler-zimmer-gmbh-co-kg","7":"product_cat-medicininiai-simuliatoriai","8":"product_cat-modeliai-manekenai-muliazai","9":"product_cat-mokymo-priemones-ir-iranga","10":"product_tag-erler-zimmer-gmbh-co-kg","11":"product_tag-kudikiu-bambos-kateterizavimo-treniruokliai","12":"product_tag-medical-models","13":"product_tag-medical-simulators","14":"product_tag-medicininiai-modeliai","15":"product_tag-medicininiai-simuliatoriai","16":"product_tag-modeliai","17":"product_tag-models","18":"product_tag-simulatoriai","19":"product_tag-simulators","21":"first","22":"onbackorder","23":"shipping-taxable","24":"purchasable","25":"product-type-simple"},"_links":{"self":[{"href":"https:\/\/labostera.lt\/lv\/wp-json\/wp\/v2\/product\/21072","targetHints":{"allow":["GET"]}}],"collection":[{"href":"https:\/\/labostera.lt\/lv\/wp-json\/wp\/v2\/product"}],"about":[{"href":"https:\/\/labostera.lt\/lv\/wp-json\/wp\/v2\/types\/product"}],"wp:featuredmedia":[{"embeddable":true,"href":"https:\/\/labostera.lt\/lv\/wp-json\/wp\/v2\/media\/21074"}],"wp:attachment":[{"href":"https:\/\/labostera.lt\/lv\/wp-json\/wp\/v2\/media?parent=21072"}],"wp:term":[{"taxonomy":"product_cat","embeddable":true,"href":"https:\/\/labostera.lt\/lv\/wp-json\/wp\/v2\/product_cat?post=21072"},{"taxonomy":"product_tag","embeddable":true,"href":"https:\/\/labostera.lt\/lv\/wp-json\/wp\/v2\/product_tag?post=21072"}],"curies":[{"name":"wp","href":"https:\/\/api.w.org\/{rel}","templated":true}]}}