{"id":21068,"date":"2024-05-08T12:49:16","date_gmt":"2024-05-08T09:49:16","guid":{"rendered":"http:\/\/labostera.lt\/?post_type=product&#038;p=21068"},"modified":"2024-10-18T15:14:27","modified_gmt":"2024-10-18T12:14:27","slug":"kudikiu-bambos-kateterizavimo-treniruoklis-erler-zimmer-umbi-baby-umbilical-catheterization-trainer","status":"publish","type":"product","link":"https:\/\/labostera.lt\/lv\/priemones-ir-iranga\/mokymo-priemones-ir-iranga\/medicininiai-simuliatoriai\/kudikiu-bambos-kateterizavimo-treniruoklis-erler-zimmer-umbi-baby-umbilical-catheterization-trainer\/","title":{"rendered":"Erler-Zimmer &quot;Umbi&quot; mazu\u013ca nabas kateteriz\u0101cijas trena\u017eieris"},"content":{"rendered":"<h2><strong>Erler-Zimmer GmbH &amp; Co. KG Umbi z\u012bdai\u0146u nabas kateteriz\u0101cijas trena\u017eieris<\/strong>:<\/h2>\n<ul>\n<li>Modelis: R20202<\/li>\n<li>Paredz\u0113ts z\u012bdai\u0146u nabas kateteriz\u0101cijas praksei.<\/li>\n<li>Iesp\u0113jam\u0101 atg\u016bstam\u0101 nabassaite \u013cauj veikt patiesu kateteriz\u0101cijas proced\u016bru.<\/li>\n<li>Nabas sait\u0113 tiek model\u0113tas divas art\u0113rijas un v\u0113na, kas atvieglo da\u017e\u0101du proced\u016bru veik\u0161anu.<\/li>\n<li>Treneris var praktiz\u0113t zemas un augstas arteri\u0101l\u0101s kateteriz\u0101cijas un venoz\u0101s kateteriz\u0101cijas.<\/li>\n<li>Var praktiz\u0113t ar\u012b kateteriz\u0101cijas fiks\u0101cijas un skavas proced\u016bras.<\/li>\n<\/ul>\n<h3>Z\u012bdai\u0146u nabas kateteriz\u0101cijas trena\u017eieri \u2013 <a href=\"http:\/\/labostera.lt\/lv\/product-brand\/erler-zimmer-gmbh-co-kg\/\">Erlera-Zimmera anatomijas grupa<\/a><\/h3>\n<p>Vair\u0101k inform\u0101cijas: <a href=\"https:\/\/erler-zimmer.de\/en\/Advanced-Four-Vein-Venipuncture-Training-Aid\/R11055\" target=\"_blank\" rel=\"noopener nofollow\">ra\u017eot\u0101ja t\u012bmek\u013ca vietn\u0113<\/a> vai nos\u016btiet mums piepras\u012bjumu!<\/p>","protected":false},"excerpt":{"rendered":"<p>Erler-Zimmer &quot;Umbi&quot; z\u012bdai\u0146u nabas kateteriz\u0101cijas trena\u017eieris - z\u012bdai\u0146u nabas kateteriz\u0101cijas trena\u017eieris ar re\u0101listisku, iz\u0146emamu nabassaiti.<\/p>","protected":false},"featured_media":21070,"template":"","meta":[],"product_cat":[838,75,79],"product_tag":[692,1036,831,832,829,830,577,690,833,490],"class_list":{"0":"post-21068","1":"product","2":"type-product","3":"status-publish","4":"has-post-thumbnail","6":"product_brand-erler-zimmer-gmbh-co-kg","7":"product_cat-medicininiai-simuliatoriai","8":"product_cat-modeliai-manekenai-muliazai","9":"product_cat-mokymo-priemones-ir-iranga","10":"product_tag-erler-zimmer-gmbh-co-kg","11":"product_tag-kudikiu-bambos-kateterizavimo-treniruokliai","12":"product_tag-medical-models","13":"product_tag-medical-simulators","14":"product_tag-medicininiai-modeliai","15":"product_tag-medicininiai-simuliatoriai","16":"product_tag-modeliai","17":"product_tag-models","18":"product_tag-simulatoriai","19":"product_tag-simulators","21":"first","22":"onbackorder","23":"shipping-taxable","24":"purchasable","25":"product-type-simple"},"_links":{"self":[{"href":"https:\/\/labostera.lt\/lv\/wp-json\/wp\/v2\/product\/21068","targetHints":{"allow":["GET"]}}],"collection":[{"href":"https:\/\/labostera.lt\/lv\/wp-json\/wp\/v2\/product"}],"about":[{"href":"https:\/\/labostera.lt\/lv\/wp-json\/wp\/v2\/types\/product"}],"wp:featuredmedia":[{"embeddable":true,"href":"https:\/\/labostera.lt\/lv\/wp-json\/wp\/v2\/media\/21070"}],"wp:attachment":[{"href":"https:\/\/labostera.lt\/lv\/wp-json\/wp\/v2\/media?parent=21068"}],"wp:term":[{"taxonomy":"product_cat","embeddable":true,"href":"https:\/\/labostera.lt\/lv\/wp-json\/wp\/v2\/product_cat?post=21068"},{"taxonomy":"product_tag","embeddable":true,"href":"https:\/\/labostera.lt\/lv\/wp-json\/wp\/v2\/product_tag?post=21068"}],"curies":[{"name":"wp","href":"https:\/\/api.w.org\/{rel}","templated":true}]}}